{"id":19528,"date":"2024-10-24T11:34:34","date_gmt":"2024-10-24T09:34:34","guid":{"rendered":"http:\/\/billigtrikots.com\/?post_type=product&#038;p=19528"},"modified":"2024-10-24T11:37:26","modified_gmt":"2024-10-24T09:37:26","slug":"guenstige-kindertrikots-liverpool-heimtrikotsatz-2024-25-darwin-nunez-9","status":"publish","type":"product","link":"https:\/\/www.billigtrikotde.com\/sk\/guenstige-kindertrikots-liverpool-heimtrikotsatz-2024-25-darwin-nunez-9\/","title":{"rendered":"Lacn\u00e9 detsk\u00e9 dresy Liverpool dom\u00e1ca s\u00faprava 2024-25 Darwin Nunez 9"},"content":{"rendered":"<p>Dres futbalov\u00e9ho klubu Liverpool 24-25 je kombin\u00e1ciou farieb Gym Red, White a Chrome Yellow. Telo je \u010derven\u00e9, log\u00e1 s\u00fa \u017elt\u00e9 a biela farba je pou\u017eit\u00e1 na log\u00e1 sponzorov a detaily. to, \u010d\u00edm dres Liverpool 24-25 vynik\u00e1, je dizajn na prednej strane. M\u00e1 \u017elt\u00e9 pruhy, ktor\u00e9 tvoria vzor YNWA (You'll Never Walk Alone).<\/p>\n<p>Tipy na tla\u010d: Ak s\u00fa meno a \u010d\u00edslo na obr\u00e1zku presne tak\u00e9, ak\u00e9 chcete, nemus\u00edte ich zad\u00e1va\u0165 znova. Ak nie, mali by ste zada\u0165 po\u017eadovan\u00e9 meno a \u010d\u00edslo.<\/p>\n<p>Tipy na pranie: Odpor\u00fa\u010dame pra\u0165 futbalov\u00e9 tri\u010dk\u00e1 v ruke. Ak chcete pou\u017ei\u0165 pr\u00e1\u010dku, nezabudnite futbalov\u00e9 tri\u010dk\u00e1 oto\u010di\u0165 naruby a potom ich vypra\u0165. Napl\u0148te pr\u00e1\u010dku studenou vodou a pou\u017eite jemn\u00fd cyklus, aby ste lep\u0161ie ochr\u00e1nili farby.<\/p>","protected":false},"excerpt":{"rendered":"<p>Dres futbalov\u00e9ho klubu Liverpool 24-25 je kombin\u00e1ciou farieb Gym Red, White a Chrome Yellow. Telo je \u010derven\u00e9, log\u00e1 s\u00fa \u017elt\u00e9 a biela farba je pou\u017eit\u00e1 na log\u00e1 sponzorov a detaily. to, \u010d\u00edm dres Liverpool 24-25 vynik\u00e1, je dizajn na prednej strane. M\u00e1 \u017elt\u00e9 pruhy, ktor\u00e9 tvoria vzor YNWA (You'll Never Walk Alone).<\/p>","protected":false},"featured_media":19569,"comment_status":"open","ping_status":"closed","template":"","meta":[],"product_brand":[],"product_cat":[151],"product_tag":[20,1319,574,24,94,865,277,866,153,154],"class_list":{"0":"post-19528","1":"product","2":"type-product","3":"status-publish","4":"has-post-thumbnail","6":"product_cat-liverpool-kindertrikot","7":"product_tag-coole-fussballtrikots","8":"product_tag-darwin-nunez-trikots","9":"product_tag-fussballtrikot-deutschland","10":"product_tag-guenstiges-fussballtrikot","11":"product_tag-kinder-fussball-trikotsatz","12":"product_tag-liverpool-fussballtrikots-kinder","13":"product_tag-liverpool-kinder-trikot-set","14":"product_tag-liverpool-trikot-fuer-kinder","15":"product_tag-liverpool-trikots","16":"product_tag-liverpool-trikotsatz-fuer-kinder","18":"first","19":"instock","20":"shipping-taxable","21":"purchasable","22":"product-type-variable"},"_links":{"self":[{"href":"https:\/\/www.billigtrikotde.com\/sk\/wp-json\/wp\/v2\/product\/19528","targetHints":{"allow":["GET"]}}],"collection":[{"href":"https:\/\/www.billigtrikotde.com\/sk\/wp-json\/wp\/v2\/product"}],"about":[{"href":"https:\/\/www.billigtrikotde.com\/sk\/wp-json\/wp\/v2\/types\/product"}],"replies":[{"embeddable":true,"href":"https:\/\/www.billigtrikotde.com\/sk\/wp-json\/wp\/v2\/comments?post=19528"}],"wp:featuredmedia":[{"embeddable":true,"href":"https:\/\/www.billigtrikotde.com\/sk\/wp-json\/wp\/v2\/media\/19569"}],"wp:attachment":[{"href":"https:\/\/www.billigtrikotde.com\/sk\/wp-json\/wp\/v2\/media?parent=19528"}],"wp:term":[{"taxonomy":"product_brand","embeddable":true,"href":"https:\/\/www.billigtrikotde.com\/sk\/wp-json\/wp\/v2\/product_brand?post=19528"},{"taxonomy":"product_cat","embeddable":true,"href":"https:\/\/www.billigtrikotde.com\/sk\/wp-json\/wp\/v2\/product_cat?post=19528"},{"taxonomy":"product_tag","embeddable":true,"href":"https:\/\/www.billigtrikotde.com\/sk\/wp-json\/wp\/v2\/product_tag?post=19528"}],"curies":[{"name":"wp","href":"https:\/\/api.w.org\/{rel}","templated":true}]}}