{"id":19490,"date":"2024-10-24T11:32:09","date_gmt":"2024-10-24T09:32:09","guid":{"rendered":"http:\/\/billigtrikots.com\/?post_type=product&#038;p=19490"},"modified":"2025-05-30T16:13:26","modified_gmt":"2025-05-30T14:13:26","slug":"kinder-fussballtrikots-set-manchester-united-auswaerts-trikotsatz-2024-25-marcus-rashford-10","status":"publish","type":"product","link":"https:\/\/www.billigtrikotde.com\/sk\/kinder-fussballtrikots-set-manchester-united-auswaerts-trikotsatz-2024-25-marcus-rashford-10\/","title":{"rendered":"Detsk\u00e9 futbalov\u00e9 tri\u010dk\u00e1 Manchester United Away Kit 2024-25 Marcus Rashford 10"},"content":{"rendered":"<p>Nov\u00fd dres Manchester United FC 24-25 m\u00e1 tmavomodr\u00fa hlavn\u00fa farbu (\"Night Indigo\") v kombin\u00e1cii so svetlo strieborn\u00fdmi logami a \u010derven\u00fdmi akcentmi. V\u00fdjazdov\u00fd dres Manchester United 24-25 m\u00e1 na prednej strane cik-cak mot\u00edv pozost\u00e1vaj\u00faci z p\u00edsmena M. Svetlomodr\u00e1 grafika na elegantnom golieri poloko\u0161ele je poctou rieke, na ktorej sa nach\u00e1dza Old Trafford.<\/p>\n<p>Tipy na tla\u010d: Ak s\u00fa meno a \u010d\u00edslo na obr\u00e1zku presne tak\u00e9, ak\u00e9 chcete, nemus\u00edte ich zad\u00e1va\u0165 znova. Ak nie, mali by ste zada\u0165 po\u017eadovan\u00e9 meno a \u010d\u00edslo.<\/p>\n<p>Tipy na pranie: Odpor\u00fa\u010dame pra\u0165 futbalov\u00e9 tri\u010dk\u00e1 v ruke. Ak chcete pou\u017ei\u0165 pr\u00e1\u010dku, nezabudnite futbalov\u00e9 tri\u010dk\u00e1 oto\u010di\u0165 naruby a potom ich vypra\u0165. Napl\u0148te pr\u00e1\u010dku studenou vodou a pou\u017eite jemn\u00fd cyklus, aby ste lep\u0161ie ochr\u00e1nili farby.<\/p>","protected":false},"excerpt":{"rendered":"<p>Nov\u00fd dres Manchester United FC 24-25 m\u00e1 tmavomodr\u00fa hlavn\u00fa farbu (\"Night Indigo\") v kombin\u00e1cii so svetlo strieborn\u00fdmi logami a \u010derven\u00fdmi akcentmi.Dres Manchester United 24-25 m\u00e1 na prednej strane cik-cak mot\u00edv pozost\u00e1vaj\u00faci z p\u00edsmena M.Svetlomodr\u00e1 grafika na elegantnom golieri poloko\u0161ele je poctou rieke, na ktorej sa nach\u00e1dza Old Trafford.<\/p>","protected":false},"featured_media":19535,"comment_status":"open","ping_status":"closed","template":"","meta":[],"product_brand":[],"product_cat":[140],"product_tag":[20,574,664,24,1262,898,899,52,142,1296],"class_list":{"0":"post-19490","1":"product","2":"type-product","3":"status-publish","4":"has-post-thumbnail","6":"product_cat-manchester-united-kindertrikot","7":"product_tag-coole-fussballtrikots","8":"product_tag-fussballtrikot-deutschland","9":"product_tag-fussballtrikot-trikotsatz","10":"product_tag-guenstiges-fussballtrikot","11":"product_tag-manchester-united-24-25-trikot","12":"product_tag-manchester-united-fussballtrikots-kinder","13":"product_tag-manchester-united-trikot-fuer-kinder","14":"product_tag-manchester-united-trikots","15":"product_tag-manchester-united-trikotsatz-fuer-kinder","16":"product_tag-marcus-rashford-trikots","18":"first","19":"instock","20":"shipping-taxable","21":"purchasable","22":"product-type-variable"},"_links":{"self":[{"href":"https:\/\/www.billigtrikotde.com\/sk\/wp-json\/wp\/v2\/product\/19490","targetHints":{"allow":["GET"]}}],"collection":[{"href":"https:\/\/www.billigtrikotde.com\/sk\/wp-json\/wp\/v2\/product"}],"about":[{"href":"https:\/\/www.billigtrikotde.com\/sk\/wp-json\/wp\/v2\/types\/product"}],"replies":[{"embeddable":true,"href":"https:\/\/www.billigtrikotde.com\/sk\/wp-json\/wp\/v2\/comments?post=19490"}],"wp:featuredmedia":[{"embeddable":true,"href":"https:\/\/www.billigtrikotde.com\/sk\/wp-json\/wp\/v2\/media\/19535"}],"wp:attachment":[{"href":"https:\/\/www.billigtrikotde.com\/sk\/wp-json\/wp\/v2\/media?parent=19490"}],"wp:term":[{"taxonomy":"product_brand","embeddable":true,"href":"https:\/\/www.billigtrikotde.com\/sk\/wp-json\/wp\/v2\/product_brand?post=19490"},{"taxonomy":"product_cat","embeddable":true,"href":"https:\/\/www.billigtrikotde.com\/sk\/wp-json\/wp\/v2\/product_cat?post=19490"},{"taxonomy":"product_tag","embeddable":true,"href":"https:\/\/www.billigtrikotde.com\/sk\/wp-json\/wp\/v2\/product_tag?post=19490"}],"curies":[{"name":"wp","href":"https:\/\/api.w.org\/{rel}","templated":true}]}}