{"id":19478,"date":"2024-10-24T11:31:31","date_gmt":"2024-10-24T09:31:31","guid":{"rendered":"http:\/\/billigtrikots.com\/?post_type=product&#038;p=19478"},"modified":"2025-06-16T16:03:01","modified_gmt":"2025-06-16T14:03:01","slug":"billige-fussballtrikots-juventus-auswaerts-trikotsatz-2024-25-dusan-vlahovic-9","status":"publish","type":"product","link":"https:\/\/www.billigtrikotde.com\/sk\/billige-fussballtrikots-juventus-auswaerts-trikotsatz-2024-25-dusan-vlahovic-9\/","title":{"rendered":"Lacn\u00e9 futbalov\u00e9 tri\u010dk\u00e1 Juventus Away Kit 2024-25 Dusan Vlahovic 9"},"content":{"rendered":"<p>Dres Juventus 2024-2025 je najmodernej\u0161\u00ed z kolekcie dresov Juventus 24-25. Hlavn\u00e1 farba dresu Juventus 24-25 je slne\u010dne \u017elt\u00e1 s logom, erbom Juventusu a tromi pruhmi na ramen\u00e1ch v tmavosivej farbe. V\u00fdjazdov\u00fd dres Juventus 24-25 je in\u0161pirovan\u00fd nepreb\u00e1dan\u00fdmi vesm\u00edrnymi galaxiami a m\u00e1 pruhovan\u00fd dizajn, ktor\u00fd vzd\u00e1va hold mestu Tur\u00edn. V\u00fdstrih na bo\u010dnej strane dresu je svetloru\u017eov\u00fd. V\u00fdjazdov\u00fd dres Juventus 24-25 si m\u00f4\u017eete prisp\u00f4sobi\u0165 abstraktn\u00fdm vzorom pre jedine\u010dn\u00fd vzh\u013ead.<\/p>\n<p>Tipy na tla\u010d: Ak s\u00fa meno a \u010d\u00edslo na obr\u00e1zku presne tak\u00e9, ak\u00e9 chcete, nemus\u00edte ich zad\u00e1va\u0165 znova. Ak nie, mali by ste zada\u0165 po\u017eadovan\u00e9 meno a \u010d\u00edslo.<\/p>\n<p>Tipy na pranie: Odpor\u00fa\u010dame pra\u0165 futbalov\u00e9 tri\u010dk\u00e1 v ruke. Ak chcete pou\u017ei\u0165 pr\u00e1\u010dku, nezabudnite futbalov\u00e9 tri\u010dk\u00e1 oto\u010di\u0165 naruby a potom ich vypra\u0165. Napl\u0148te pr\u00e1\u010dku studenou vodou a pou\u017eite jemn\u00fd cyklus, aby ste lep\u0161ie ochr\u00e1nili farby.<\/p>","protected":false},"excerpt":{"rendered":"<p>Das Juventus 2024-2025 Ausw\u00e4rtstrikot ist das modernste der Juventus 24-25 Trikotkollektion. Die Hauptfarbe des Juventus 24-25 Ausw\u00e4rtstrikots ist Sonnengelb mit dem Logo, dem Juventus-Wappen und den drei Streifen auf den Schultern in Dunkelgrau. Das Juventus 24-25 Ausw\u00e4rtstrikot ist von den unerforschten Galaxien des Weltraums inspiriert und zeigt ein Streifendesign als Hommage an die Stadt Turin. [&hellip;]<\/p>","protected":false},"featured_media":19523,"comment_status":"open","ping_status":"closed","template":"","meta":[],"product_brand":[],"product_cat":[59],"product_tag":[20,1317,1301,574,21,23,24,617,618,61],"class_list":{"0":"post-19478","1":"product","2":"type-product","3":"status-publish","4":"has-post-thumbnail","6":"product_cat-juventus","7":"product_tag-coole-fussballtrikots","8":"product_tag-dusan-vlahovic-fussballtrikots","9":"product_tag-dusan-vlahovic-trikots","10":"product_tag-fussballtrikot-deutschland","11":"product_tag-fussballtrikot-fuer-herren","12":"product_tag-fussballtrikot-kurzarm","13":"product_tag-guenstiges-fussballtrikot","14":"product_tag-juventus-fussballtrikot","15":"product_tag-juventus-trikot","16":"product_tag-juventus-trikots","18":"first","19":"instock","20":"shipping-taxable","21":"purchasable","22":"product-type-variable"},"_links":{"self":[{"href":"https:\/\/www.billigtrikotde.com\/sk\/wp-json\/wp\/v2\/product\/19478","targetHints":{"allow":["GET"]}}],"collection":[{"href":"https:\/\/www.billigtrikotde.com\/sk\/wp-json\/wp\/v2\/product"}],"about":[{"href":"https:\/\/www.billigtrikotde.com\/sk\/wp-json\/wp\/v2\/types\/product"}],"replies":[{"embeddable":true,"href":"https:\/\/www.billigtrikotde.com\/sk\/wp-json\/wp\/v2\/comments?post=19478"}],"wp:featuredmedia":[{"embeddable":true,"href":"https:\/\/www.billigtrikotde.com\/sk\/wp-json\/wp\/v2\/media\/19523"}],"wp:attachment":[{"href":"https:\/\/www.billigtrikotde.com\/sk\/wp-json\/wp\/v2\/media?parent=19478"}],"wp:term":[{"taxonomy":"product_brand","embeddable":true,"href":"https:\/\/www.billigtrikotde.com\/sk\/wp-json\/wp\/v2\/product_brand?post=19478"},{"taxonomy":"product_cat","embeddable":true,"href":"https:\/\/www.billigtrikotde.com\/sk\/wp-json\/wp\/v2\/product_cat?post=19478"},{"taxonomy":"product_tag","embeddable":true,"href":"https:\/\/www.billigtrikotde.com\/sk\/wp-json\/wp\/v2\/product_tag?post=19478"}],"curies":[{"name":"wp","href":"https:\/\/api.w.org\/{rel}","templated":true}]}}