{"id":19417,"date":"2024-10-24T11:27:24","date_gmt":"2024-10-24T09:27:24","guid":{"rendered":"http:\/\/billigtrikots.com\/?post_type=product&#038;p=19417"},"modified":"2025-10-16T16:01:46","modified_gmt":"2025-10-16T14:01:46","slug":"bestseller-fussballtrikot-real-madrid-2024-25-drittes-trikot-jude-bellingham-5","status":"publish","type":"product","link":"https:\/\/www.billigtrikotde.com\/sk\/bestseller-fussballtrikot-real-madrid-2024-25-drittes-trikot-jude-bellingham-5\/","title":{"rendered":"Najpred\u00e1vanej\u0161ie Real Madrid 2024-25 Third Jersey Jude Bellingham 5"},"content":{"rendered":"<p>Tret\u00ed dres Real Madrid 2024-25 m\u00e1 antracitov\u00fa hlavn\u00fa farbu (Charcoal), ktor\u00e1 je kombinovan\u00e1 s reli\u00e9fom \"RMCF\" po celom drese pre jedine\u010dn\u00fd vzh\u013ead.Tret\u00ed futbalov\u00fd dres Madrid 24-25 m\u00e1 polo golier a man\u017eety so svetloru\u017eov\u00fdm (Putty Mauve)\/tmavo \u0161ed\u00fdm lemovan\u00edm.<\/p>\n<p>Tipy na tla\u010d: Ak s\u00fa meno a \u010d\u00edslo na obr\u00e1zku presne tak\u00e9, ak\u00e9 chcete, nemus\u00edte ich zad\u00e1va\u0165 znova. Ak nie, mali by ste zada\u0165 po\u017eadovan\u00e9 meno a \u010d\u00edslo.<\/p>\n<p>Tipy na pranie: Odpor\u00fa\u010dame pra\u0165 futbalov\u00e9 tri\u010dk\u00e1 v ruke. Ak chcete pou\u017ei\u0165 pr\u00e1\u010dku, nezabudnite futbalov\u00e9 tri\u010dk\u00e1 oto\u010di\u0165 naruby a potom ich vypra\u0165. Napl\u0148te pr\u00e1\u010dku studenou vodou a pou\u017eite jemn\u00fd cyklus, aby ste lep\u0161ie ochr\u00e1nili farby.<\/p>","protected":false},"excerpt":{"rendered":"<p>Tret\u00ed dres Real Madrid 2024-25 m\u00e1 hlavn\u00fa farbu antracitov\u00fa (Charcoal), ktor\u00e1 je kombinovan\u00e1 s vyrazen\u00fdm n\u00e1pisom \u201eRMCF\u201c po celom dresu a vytv\u00e1ra tak jedine\u010dn\u00fd vzh\u013ead. Tret\u00ed futbalov\u00fd dres Madridu 24-25 m\u00e1 golier s polo a man\u017eety ruk\u00e1vov s ru\u017eov\u00fdm odtie\u0148om (Putty Mauve)\/tmavosiv\u00fdmi lemmi. Tipy na tla\u010d: Ak je meno a \u010d\u00edslo na [\u2026]<\/p>","protected":false},"featured_media":19457,"comment_status":"open","ping_status":"closed","template":"","meta":[],"product_brand":[],"product_cat":[45],"product_tag":[574,21,228,24,1255,1191,489,490,979,47],"class_list":{"0":"post-19417","1":"product","2":"type-product","3":"status-publish","4":"has-post-thumbnail","6":"product_cat-real-madrid","7":"product_tag-fussballtrikot-deutschland","8":"product_tag-fussballtrikot-fuer-herren","9":"product_tag-guenstige-fussballtrikot","10":"product_tag-guenstiges-fussballtrikot","11":"product_tag-jude-bellingham-trikots","12":"product_tag-real-madrid-club-de-futbol-2024-25-trikot","13":"product_tag-real-madrid-fussballtrikot","14":"product_tag-real-madrid-trikot","15":"product_tag-real-madrid-trikot-2024","16":"product_tag-real-madrid-trikots","18":"first","19":"instock","20":"shipping-taxable","21":"purchasable","22":"product-type-variable"},"_links":{"self":[{"href":"https:\/\/www.billigtrikotde.com\/sk\/wp-json\/wp\/v2\/product\/19417","targetHints":{"allow":["GET"]}}],"collection":[{"href":"https:\/\/www.billigtrikotde.com\/sk\/wp-json\/wp\/v2\/product"}],"about":[{"href":"https:\/\/www.billigtrikotde.com\/sk\/wp-json\/wp\/v2\/types\/product"}],"replies":[{"embeddable":true,"href":"https:\/\/www.billigtrikotde.com\/sk\/wp-json\/wp\/v2\/comments?post=19417"}],"wp:featuredmedia":[{"embeddable":true,"href":"https:\/\/www.billigtrikotde.com\/sk\/wp-json\/wp\/v2\/media\/19457"}],"wp:attachment":[{"href":"https:\/\/www.billigtrikotde.com\/sk\/wp-json\/wp\/v2\/media?parent=19417"}],"wp:term":[{"taxonomy":"product_brand","embeddable":true,"href":"https:\/\/www.billigtrikotde.com\/sk\/wp-json\/wp\/v2\/product_brand?post=19417"},{"taxonomy":"product_cat","embeddable":true,"href":"https:\/\/www.billigtrikotde.com\/sk\/wp-json\/wp\/v2\/product_cat?post=19417"},{"taxonomy":"product_tag","embeddable":true,"href":"https:\/\/www.billigtrikotde.com\/sk\/wp-json\/wp\/v2\/product_tag?post=19417"}],"curies":[{"name":"wp","href":"https:\/\/api.w.org\/{rel}","templated":true}]}}