{"id":19337,"date":"2024-10-24T11:22:36","date_gmt":"2024-10-24T09:22:36","guid":{"rendered":"http:\/\/billigtrikots.com\/?post_type=product&#038;p=19337"},"modified":"2025-10-16T16:01:52","modified_gmt":"2025-10-16T14:01:52","slug":"kinder-fussball-trikot-real-madrid-24-25-auswaertstrikot-trikotsatz-vinicius-junior-7","status":"publish","type":"product","link":"https:\/\/www.billigtrikotde.com\/sk\/kinder-fussball-trikot-real-madrid-24-25-auswaertstrikot-trikotsatz-vinicius-junior-7\/","title":{"rendered":"Detsk\u00e9 futbalov\u00e9 tri\u010dko Real Madrid 24-25 Away Kit Vinicius Junior 7"},"content":{"rendered":"<p>Nov\u00fd dres Realu Madrid 24-25 pripom\u00edna farbou tret\u00ed dres z rokov 2013-2014 a je preva\u017ene jasne oran\u017eov\u00fd s \u010diernymi aplik\u00e1ciami. V\u00fdjazdov\u00e1 s\u00faprava Realu Madrid na sez\u00f3nu 2024\/25 je in\u0161pirovan\u00e1 hviezdami na oblohe po\u010das z\u00e1pasov vonku a v\u017edy sp\u00e1ja klub so Santiago Bernabeu. Oran\u017eov\u00fd dres je vybaven\u00fd abstraktnou astr\u00e1lnou grafikou, ktor\u00e1 sa tiahne cel\u00fdm dresom, pri\u010dom po celom jeho obvode - najm\u00e4 na golieri - s\u00fa pou\u017eit\u00e9 odtiene \u017eiarivej modrej, \u010dierno-modrej metal\u00edzy a no\u010dnej n\u00e1mornej farby. Dres, ktor\u00fd sp\u00e1ja madridistov s ich rodnou krajinou.<\/p>\n<p>Tipy na tla\u010d: Ak s\u00fa meno a \u010d\u00edslo na obr\u00e1zku presne tak\u00e9, ak\u00e9 chcete, nemus\u00edte ich zad\u00e1va\u0165 znova. Ak nie, mali by ste zada\u0165 po\u017eadovan\u00e9 meno a \u010d\u00edslo.<\/p>\n<p>Tipy na pranie: Odpor\u00fa\u010dame pra\u0165 futbalov\u00e9 tri\u010dk\u00e1 v ruke. Ak chcete pou\u017ei\u0165 pr\u00e1\u010dku, nezabudnite futbalov\u00e9 tri\u010dk\u00e1 oto\u010di\u0165 naruby a potom ich vypra\u0165. Napl\u0148te pr\u00e1\u010dku studenou vodou a pou\u017eite jemn\u00fd cyklus, aby ste lep\u0161ie ochr\u00e1nili farby.<\/p>","protected":false},"excerpt":{"rendered":"<p>Das neue Real Madrid 24-25 Ausw\u00e4rtstrikot erinnert farblich an das dritte Trikot von 2013-2014. Es ist \u00fcberwiegend leuchtend orange mit schwarzen Applikationen. Der Kragen ist mit wei\u00dfen Details versehen.Das Ausw\u00e4rtstrikot von Real Madrid f\u00fcr die Saison 2024\/25 ist von den Sternen am Himmel w\u00e4hrend der Ausw\u00e4rtsspiele inspiriert und verbindet den Verein immer mit dem Santiago [&hellip;]<\/p>","protected":false},"featured_media":19385,"comment_status":"open","ping_status":"closed","template":"","meta":[],"product_brand":[],"product_cat":[165],"product_tag":[20,574,24,94,879,880,47,166,1302],"class_list":{"0":"post-19337","1":"product","2":"type-product","3":"status-publish","4":"has-post-thumbnail","6":"product_cat-real-madrid-kindertrikot","7":"product_tag-coole-fussballtrikots","8":"product_tag-fussballtrikot-deutschland","9":"product_tag-guenstiges-fussballtrikot","10":"product_tag-kinder-fussball-trikotsatz","11":"product_tag-real-madrid-fussballtrikots-kinder","12":"product_tag-real-madrid-trikot-fuer-kinder","13":"product_tag-real-madrid-trikots","14":"product_tag-real-madrid-trikotsatz-fuer-kinder","15":"product_tag-vinicius-junior-trikots","17":"first","18":"instock","19":"shipping-taxable","20":"purchasable","21":"product-type-variable"},"_links":{"self":[{"href":"https:\/\/www.billigtrikotde.com\/sk\/wp-json\/wp\/v2\/product\/19337","targetHints":{"allow":["GET"]}}],"collection":[{"href":"https:\/\/www.billigtrikotde.com\/sk\/wp-json\/wp\/v2\/product"}],"about":[{"href":"https:\/\/www.billigtrikotde.com\/sk\/wp-json\/wp\/v2\/types\/product"}],"replies":[{"embeddable":true,"href":"https:\/\/www.billigtrikotde.com\/sk\/wp-json\/wp\/v2\/comments?post=19337"}],"wp:featuredmedia":[{"embeddable":true,"href":"https:\/\/www.billigtrikotde.com\/sk\/wp-json\/wp\/v2\/media\/19385"}],"wp:attachment":[{"href":"https:\/\/www.billigtrikotde.com\/sk\/wp-json\/wp\/v2\/media?parent=19337"}],"wp:term":[{"taxonomy":"product_brand","embeddable":true,"href":"https:\/\/www.billigtrikotde.com\/sk\/wp-json\/wp\/v2\/product_brand?post=19337"},{"taxonomy":"product_cat","embeddable":true,"href":"https:\/\/www.billigtrikotde.com\/sk\/wp-json\/wp\/v2\/product_cat?post=19337"},{"taxonomy":"product_tag","embeddable":true,"href":"https:\/\/www.billigtrikotde.com\/sk\/wp-json\/wp\/v2\/product_tag?post=19337"}],"curies":[{"name":"wp","href":"https:\/\/api.w.org\/{rel}","templated":true}]}}