{"id":19318,"date":"2024-10-24T11:21:31","date_gmt":"2024-10-24T09:21:31","guid":{"rendered":"http:\/\/billigtrikots.com\/?post_type=product&#038;p=19318"},"modified":"2024-10-24T11:24:49","modified_gmt":"2024-10-24T09:24:49","slug":"benfica-auswaertstrikot-2024-25-kurzarm-fuer-herren-joao-neves-87","status":"publish","type":"product","link":"https:\/\/www.billigtrikotde.com\/sk\/benfica-auswaertstrikot-2024-25-kurzarm-fuer-herren-joao-neves-87\/","title":{"rendered":"Benfica Away Jersey 2024-25 kr\u00e1tky ruk\u00e1v pre mu\u017eov Joao Neves 87"},"content":{"rendered":"<p>Dres Benfica 24-25 je preva\u017ene \u010dierny s v\u00fdrazn\u00fdmi \u010derven\u00fdmi akcentmi. Tri pruhy, logo a erb Benficy s\u00fa v\u00fdrazne \u010derven\u00e9.<\/p>\n<p>Tipy na tla\u010d: Ak s\u00fa meno a \u010d\u00edslo na obr\u00e1zku presne tak\u00e9, ak\u00e9 chcete, nemus\u00edte ich zad\u00e1va\u0165 znova. Ak nie, mali by ste zada\u0165 po\u017eadovan\u00e9 meno a \u010d\u00edslo.<\/p>\n<p>Tipy na pranie: Odpor\u00fa\u010dame pra\u0165 futbalov\u00e9 tri\u010dk\u00e1 v ruke. Ak chcete pou\u017ei\u0165 pr\u00e1\u010dku, nezabudnite futbalov\u00e9 tri\u010dk\u00e1 oto\u010di\u0165 naruby a potom ich vypra\u0165. Napl\u0148te pr\u00e1\u010dku studenou vodou a pou\u017eite jemn\u00fd cyklus, aby ste lep\u0161ie ochr\u00e1nili farby.<\/p>","protected":false},"excerpt":{"rendered":"<p>Dres vonkaj\u0161ej hry Benfica 24-25 je preva\u017ene \u010dierny s v\u00fdrazn\u00fdmi \u010derven\u00fdmi akcentmi. Tri pruhy, logo a erb Benfiky s\u00fa v\u0161etky v\u00fdrazne \u010derven\u00e9. Tipy na tla\u010d: Ak meno a \u010d\u00edslo na obr\u00e1zku presne zodpovedaj\u00fa va\u0161im \u017eelaniam, nemus\u00edte ich zad\u00e1va\u0165 znova. Ak nie, mali by ste si svoje po\u017eadovan\u00e9 meno a \u010d\u00edslo [\u2026]<\/p>","protected":false},"featured_media":19366,"comment_status":"open","ping_status":"closed","template":"","meta":[],"product_brand":[],"product_cat":[188],"product_tag":[729,730,190,20,574,21,22,23,24,1300],"class_list":{"0":"post-19318","1":"product","2":"type-product","3":"status-publish","4":"has-post-thumbnail","6":"product_cat-sl-benfica","7":"product_tag-benfica-fussballtrikot","8":"product_tag-benfica-trikot","9":"product_tag-benfica-trikots","10":"product_tag-coole-fussballtrikots","11":"product_tag-fussballtrikot-deutschland","12":"product_tag-fussballtrikot-fuer-herren","13":"product_tag-fussballtrikot-guenstig-kaufen","14":"product_tag-fussballtrikot-kurzarm","15":"product_tag-guenstiges-fussballtrikot","16":"product_tag-joao-neves-trikots","18":"first","19":"instock","20":"shipping-taxable","21":"purchasable","22":"product-type-variable"},"_links":{"self":[{"href":"https:\/\/www.billigtrikotde.com\/sk\/wp-json\/wp\/v2\/product\/19318","targetHints":{"allow":["GET"]}}],"collection":[{"href":"https:\/\/www.billigtrikotde.com\/sk\/wp-json\/wp\/v2\/product"}],"about":[{"href":"https:\/\/www.billigtrikotde.com\/sk\/wp-json\/wp\/v2\/types\/product"}],"replies":[{"embeddable":true,"href":"https:\/\/www.billigtrikotde.com\/sk\/wp-json\/wp\/v2\/comments?post=19318"}],"wp:featuredmedia":[{"embeddable":true,"href":"https:\/\/www.billigtrikotde.com\/sk\/wp-json\/wp\/v2\/media\/19366"}],"wp:attachment":[{"href":"https:\/\/www.billigtrikotde.com\/sk\/wp-json\/wp\/v2\/media?parent=19318"}],"wp:term":[{"taxonomy":"product_brand","embeddable":true,"href":"https:\/\/www.billigtrikotde.com\/sk\/wp-json\/wp\/v2\/product_brand?post=19318"},{"taxonomy":"product_cat","embeddable":true,"href":"https:\/\/www.billigtrikotde.com\/sk\/wp-json\/wp\/v2\/product_cat?post=19318"},{"taxonomy":"product_tag","embeddable":true,"href":"https:\/\/www.billigtrikotde.com\/sk\/wp-json\/wp\/v2\/product_tag?post=19318"}],"curies":[{"name":"wp","href":"https:\/\/api.w.org\/{rel}","templated":true}]}}