{"id":19283,"date":"2024-10-24T11:19:33","date_gmt":"2024-10-24T09:19:33","guid":{"rendered":"http:\/\/billigtrikots.com\/?post_type=product&#038;p=19283"},"modified":"2024-10-24T11:22:27","modified_gmt":"2024-10-24T09:22:27","slug":"fussballtrikot-kinder-set-manchester-united-heimtrikot-2024-25-bruno-fernandes-8","status":"publish","type":"product","link":"https:\/\/www.billigtrikotde.com\/sk\/fussballtrikot-kinder-set-manchester-united-heimtrikot-2024-25-bruno-fernandes-8\/","title":{"rendered":"Detsk\u00e1 futbalov\u00e1 s\u00faprava Manchester United Home Shirt 2024-25 Bruno Fernandes 8"},"content":{"rendered":"<p>Dres Manchester United FC 24-25 kombinuje dva odtiene \u010dervenej farby vo farebnom gradiente. Nie je to prv\u00fdkr\u00e1t, \u010do dres Manchesteru United kombinuje dva odtiene \u010dervenej farby. Naposledy sa tak stalo v sez\u00f3ne 2016-17. Zvl\u00e1\u0161tnos\u0165ou dresu Manchester United 24-25 je jemn\u00fd gradientn\u00fd vzor \u010dervenej na \u010dervenej.<\/p>\n<p>Tipy na tla\u010d: Ak s\u00fa meno a \u010d\u00edslo na obr\u00e1zku presne tak\u00e9, ak\u00e9 chcete, nemus\u00edte ich zad\u00e1va\u0165 znova. Ak nie, mali by ste zada\u0165 po\u017eadovan\u00e9 meno a \u010d\u00edslo.<\/p>\n<p>Tipy na pranie: Odpor\u00fa\u010dame pra\u0165 futbalov\u00e9 tri\u010dk\u00e1 v ruke. Ak chcete pou\u017ei\u0165 pr\u00e1\u010dku, nezabudnite futbalov\u00e9 tri\u010dk\u00e1 oto\u010di\u0165 naruby a potom ich vypra\u0165. Napl\u0148te pr\u00e1\u010dku studenou vodou a pou\u017eite jemn\u00fd cyklus, aby ste lep\u0161ie ochr\u00e1nili farby.<\/p>","protected":false},"excerpt":{"rendered":"<p>Manchester United FC 24-25 dres kombinuje dve odtiene \u010dervenej v farebnom prechodovom dizajne. Nie je to prv\u00fd raz, \u010do dres Manchester United kombinuje dve odtiene \u010dervenej navz\u00e1jom. Naposledy to bolo v sez\u00f3ne 2016-17. Zvl\u00e1\u0161tnos\u0165 dresu 24-25 Manchester United spo\u010d\u00edva v decentnom vzore prechodu \u010dervenej na \u010derven\u00fa. Tipy na tla\u010d: Ak sa n\u00e1zov [\u2026]<\/p>","protected":false},"featured_media":19322,"comment_status":"open","ping_status":"closed","template":"","meta":[],"product_brand":[],"product_cat":[140],"product_tag":[20,1297,574,664,24,1262,898,899,52,142],"class_list":{"0":"post-19283","1":"product","2":"type-product","3":"status-publish","4":"has-post-thumbnail","6":"product_cat-manchester-united-kindertrikot","7":"product_tag-coole-fussballtrikots","8":"product_tag-bruno-fernandes-trikots","9":"product_tag-fussballtrikot-deutschland","10":"product_tag-fussballtrikot-trikotsatz","11":"product_tag-guenstiges-fussballtrikot","12":"product_tag-manchester-united-24-25-trikot","13":"product_tag-manchester-united-fussballtrikots-kinder","14":"product_tag-manchester-united-trikot-fuer-kinder","15":"product_tag-manchester-united-trikots","16":"product_tag-manchester-united-trikotsatz-fuer-kinder","18":"first","19":"instock","20":"shipping-taxable","21":"purchasable","22":"product-type-variable"},"_links":{"self":[{"href":"https:\/\/www.billigtrikotde.com\/sk\/wp-json\/wp\/v2\/product\/19283","targetHints":{"allow":["GET"]}}],"collection":[{"href":"https:\/\/www.billigtrikotde.com\/sk\/wp-json\/wp\/v2\/product"}],"about":[{"href":"https:\/\/www.billigtrikotde.com\/sk\/wp-json\/wp\/v2\/types\/product"}],"replies":[{"embeddable":true,"href":"https:\/\/www.billigtrikotde.com\/sk\/wp-json\/wp\/v2\/comments?post=19283"}],"wp:featuredmedia":[{"embeddable":true,"href":"https:\/\/www.billigtrikotde.com\/sk\/wp-json\/wp\/v2\/media\/19322"}],"wp:attachment":[{"href":"https:\/\/www.billigtrikotde.com\/sk\/wp-json\/wp\/v2\/media?parent=19283"}],"wp:term":[{"taxonomy":"product_brand","embeddable":true,"href":"https:\/\/www.billigtrikotde.com\/sk\/wp-json\/wp\/v2\/product_brand?post=19283"},{"taxonomy":"product_cat","embeddable":true,"href":"https:\/\/www.billigtrikotde.com\/sk\/wp-json\/wp\/v2\/product_cat?post=19283"},{"taxonomy":"product_tag","embeddable":true,"href":"https:\/\/www.billigtrikotde.com\/sk\/wp-json\/wp\/v2\/product_tag?post=19283"}],"curies":[{"name":"wp","href":"https:\/\/api.w.org\/{rel}","templated":true}]}}