{"id":19224,"date":"2024-10-24T11:16:03","date_gmt":"2024-10-24T09:16:03","guid":{"rendered":"http:\/\/billigtrikots.com\/?post_type=product&#038;p=19224"},"modified":"2025-06-09T04:41:40","modified_gmt":"2025-06-09T02:41:40","slug":"billige-fussballtrikots-arsenal-2024-25-schwarz-auswaertstrikot-martin-odegaard-8","status":"publish","type":"product","link":"https:\/\/www.billigtrikotde.com\/sk\/billige-fussballtrikots-arsenal-2024-25-schwarz-auswaertstrikot-martin-odegaard-8\/","title":{"rendered":"Lacn\u00e9 futbalov\u00e9 tri\u010dk\u00e1 Arsenal 2024-25 Black Away Shirt Martin Odegaard 8"},"content":{"rendered":"<p>Dres Arsenal 2024-25 bol navrhnut\u00fd v spolupr\u00e1ci s lond\u00fdnskou spolo\u010dnos\u0165ou Labrum. Vzd\u00e1va hold b\u00fdval\u00fdm hr\u00e1\u010dom Arsenalu Davidovi Rocastlovi a Ianovi Wrightovi v\u010faka \u010diernej z\u00e1kladnej farbe a akcentom v \u010dervenej a zelenej farbe.<\/p>\n<p>Tipy na tla\u010d: Ak s\u00fa meno a \u010d\u00edslo na obr\u00e1zku presne tak\u00e9, ak\u00e9 chcete, nemus\u00edte ich zad\u00e1va\u0165 znova. Ak nie, mali by ste zada\u0165 po\u017eadovan\u00e9 meno a \u010d\u00edslo.<\/p>\n<p>Tipy na pranie: Odpor\u00fa\u010dame pra\u0165 futbalov\u00e9 tri\u010dk\u00e1 v ruke. Ak chcete pou\u017ei\u0165 pr\u00e1\u010dku, nezabudnite futbalov\u00e9 tri\u010dk\u00e1 oto\u010di\u0165 naruby a potom ich vypra\u0165. Napl\u0148te pr\u00e1\u010dku studenou vodou a pou\u017eite jemn\u00fd cyklus, aby ste lep\u0161ie ochr\u00e1nili farby.<\/p>","protected":false},"excerpt":{"rendered":"<p>Arsenal 2024-25 vonkaj\u0161ie dresy boli navrhnut\u00e9 v spolupr\u00e1ci s lond\u00fdnskou spolo\u010dnos\u0165ou Labrum. Je to pocta b\u00fdval\u00fdm hr\u00e1\u010dom Arsenalu Davidovi Rocastleovi a Ianovi Wrightovi so \u010diernym z\u00e1kladom a akcentmi v \u010dervenej a zelenej. Tipy na tla\u010d: Ak meno a \u010d\u00edslo na obr\u00e1zku presne vyhovuj\u00fa va\u0161im predstav\u00e1m, mus\u00edte ich [\u2026]<\/p>","protected":false},"featured_media":19270,"comment_status":"open","ping_status":"closed","template":"","meta":[],"product_brand":[],"product_cat":[55],"product_tag":[609,610,1007,21,23,24,1288],"class_list":{"0":"post-19224","1":"product","2":"type-product","3":"status-publish","4":"has-post-thumbnail","6":"product_cat-arsenal","7":"product_tag-arsenal-fussballtrikot","8":"product_tag-arsenal-trikot","9":"product_tag-arsenal-trikot-2024","10":"product_tag-fussballtrikot-fuer-herren","11":"product_tag-fussballtrikot-kurzarm","12":"product_tag-guenstiges-fussballtrikot","13":"product_tag-martin-odegaard-trikots","15":"first","16":"instock","17":"shipping-taxable","18":"purchasable","19":"product-type-variable"},"_links":{"self":[{"href":"https:\/\/www.billigtrikotde.com\/sk\/wp-json\/wp\/v2\/product\/19224","targetHints":{"allow":["GET"]}}],"collection":[{"href":"https:\/\/www.billigtrikotde.com\/sk\/wp-json\/wp\/v2\/product"}],"about":[{"href":"https:\/\/www.billigtrikotde.com\/sk\/wp-json\/wp\/v2\/types\/product"}],"replies":[{"embeddable":true,"href":"https:\/\/www.billigtrikotde.com\/sk\/wp-json\/wp\/v2\/comments?post=19224"}],"wp:featuredmedia":[{"embeddable":true,"href":"https:\/\/www.billigtrikotde.com\/sk\/wp-json\/wp\/v2\/media\/19270"}],"wp:attachment":[{"href":"https:\/\/www.billigtrikotde.com\/sk\/wp-json\/wp\/v2\/media?parent=19224"}],"wp:term":[{"taxonomy":"product_brand","embeddable":true,"href":"https:\/\/www.billigtrikotde.com\/sk\/wp-json\/wp\/v2\/product_brand?post=19224"},{"taxonomy":"product_cat","embeddable":true,"href":"https:\/\/www.billigtrikotde.com\/sk\/wp-json\/wp\/v2\/product_cat?post=19224"},{"taxonomy":"product_tag","embeddable":true,"href":"https:\/\/www.billigtrikotde.com\/sk\/wp-json\/wp\/v2\/product_tag?post=19224"}],"curies":[{"name":"wp","href":"https:\/\/api.w.org\/{rel}","templated":true}]}}