{"id":19195,"date":"2024-10-24T11:14:18","date_gmt":"2024-10-24T09:14:18","guid":{"rendered":"http:\/\/billigtrikots.com\/?post_type=product&#038;p=19195"},"modified":"2024-10-24T11:17:40","modified_gmt":"2024-10-24T09:17:40","slug":"chelsea-heimtrikot-2024-25-fussball-trikotsatz-fuer-kinder","status":"publish","type":"product","link":"https:\/\/www.billigtrikotde.com\/sk\/chelsea-heimtrikot-2024-25-fussball-trikotsatz-fuer-kinder\/","title":{"rendered":"Chelsea Home Shirt 2024-25 Futbalov\u00e1 s\u00faprava pre deti"},"content":{"rendered":"<p>Dres Chelsea FC 24-25 je prv\u00fd v hist\u00f3rii klubu. Kombinuje tradi\u010dn\u00e9 modro-bielo-oran\u017eov\u00e9 farby. Log\u00e1 dom\u00e1ceho dresu Chelsea 24-25 s\u00fa svetlomodr\u00e9 a lemovan\u00e9 \"Team Orange\". Oba maj\u00fa 3D efekt. Vynik\u00e1 vlnit\u00fd dizajn, ktor\u00fd trochu pripom\u00edna efekt penovej vlny.<\/p>\n<p>Tipy na tla\u010d: Ak s\u00fa meno a \u010d\u00edslo na obr\u00e1zku presne tak\u00e9, ak\u00e9 chcete, nemus\u00edte ich zad\u00e1va\u0165 znova. Ak nie, mali by ste zada\u0165 po\u017eadovan\u00e9 meno a \u010d\u00edslo.<\/p>\n<p>Tipy na pranie: Odpor\u00fa\u010dame pra\u0165 futbalov\u00e9 tri\u010dk\u00e1 v ruke. Ak chcete pou\u017ei\u0165 pr\u00e1\u010dku, nezabudnite futbalov\u00e9 tri\u010dk\u00e1 oto\u010di\u0165 naruby a potom ich vypra\u0165. Napl\u0148te pr\u00e1\u010dku studenou vodou a pou\u017eite jemn\u00fd cyklus, aby ste lep\u0161ie ochr\u00e1nili farby.<\/p>","protected":false},"excerpt":{"rendered":"<p>Dres Chelsea FC 24-25 je prv\u00fd v hist\u00f3rii klubu. Kombinuje tradi\u010dn\u00e9 modro-bielo-oran\u017eov\u00e9 farby. Log\u00e1 dom\u00e1ceho dresu Chelsea 24-25 s\u00fa svetlomodr\u00e9 a lemovan\u00e9 \"Team Orange\". Oba maj\u00fa 3D efekt. Vynik\u00e1 vlnit\u00fd dizajn, ktor\u00fd trochu pripom\u00edna efekt penovej vlny.<\/p>","protected":false},"featured_media":19240,"comment_status":"open","ping_status":"closed","template":"","meta":[],"product_brand":[],"product_cat":[162],"product_tag":[20,1280,831,832,163,24,94],"class_list":{"0":"post-19195","1":"product","2":"type-product","3":"status-publish","4":"has-post-thumbnail","6":"product_cat-chelsea-kindertrikot","7":"product_tag-coole-fussballtrikots","8":"product_tag-chelsea-fc-24-25-trikot","9":"product_tag-chelsea-fussballtrikots-kinder","10":"product_tag-chelsea-trikot-fuer-kinder","11":"product_tag-chelsea-trikotsatz-fuer-kinder","12":"product_tag-guenstiges-fussballtrikot","13":"product_tag-kinder-fussball-trikotsatz","15":"first","16":"instock","17":"shipping-taxable","18":"purchasable","19":"product-type-variable"},"_links":{"self":[{"href":"https:\/\/www.billigtrikotde.com\/sk\/wp-json\/wp\/v2\/product\/19195","targetHints":{"allow":["GET"]}}],"collection":[{"href":"https:\/\/www.billigtrikotde.com\/sk\/wp-json\/wp\/v2\/product"}],"about":[{"href":"https:\/\/www.billigtrikotde.com\/sk\/wp-json\/wp\/v2\/types\/product"}],"replies":[{"embeddable":true,"href":"https:\/\/www.billigtrikotde.com\/sk\/wp-json\/wp\/v2\/comments?post=19195"}],"wp:featuredmedia":[{"embeddable":true,"href":"https:\/\/www.billigtrikotde.com\/sk\/wp-json\/wp\/v2\/media\/19240"}],"wp:attachment":[{"href":"https:\/\/www.billigtrikotde.com\/sk\/wp-json\/wp\/v2\/media?parent=19195"}],"wp:term":[{"taxonomy":"product_brand","embeddable":true,"href":"https:\/\/www.billigtrikotde.com\/sk\/wp-json\/wp\/v2\/product_brand?post=19195"},{"taxonomy":"product_cat","embeddable":true,"href":"https:\/\/www.billigtrikotde.com\/sk\/wp-json\/wp\/v2\/product_cat?post=19195"},{"taxonomy":"product_tag","embeddable":true,"href":"https:\/\/www.billigtrikotde.com\/sk\/wp-json\/wp\/v2\/product_tag?post=19195"}],"curies":[{"name":"wp","href":"https:\/\/api.w.org\/{rel}","templated":true}]}}