{"id":1918,"date":"2024-10-23T13:51:37","date_gmt":"2024-10-23T11:51:37","guid":{"rendered":"http:\/\/billigtrikots.com\/?post_type=product&#038;p=1918"},"modified":"2024-10-23T13:53:41","modified_gmt":"2024-10-23T11:53:41","slug":"wolverhampton-wanderers-gelb-trikot-2022-heim-mit-aufdruck-doherty-2","status":"publish","type":"product","link":"https:\/\/www.billigtrikotde.com\/sk\/wolverhampton-wanderers-gelb-trikot-2022-heim-mit-aufdruck-doherty-2\/","title":{"rendered":"Wolverhampton Wanderers \u017dlt\u00e9 tri\u010dko 2022 Home s potla\u010dou DOHERTY 2"},"content":{"rendered":"<p>Pripravte sa a vyjadrite podporu pre tento p\u00e1nsky dom\u00e1ci dres Wolverhampton Wanderers FC 2021\/22 od Castore. Tento \u0161tandardn\u00fd strih v zlatej farbe je vyroben\u00fd z \u013eahk\u00e9ho polyesterov\u00e9ho textilu, ktor\u00fd v\u00e1s na ihrisku udr\u017e\u00ed chladn\u00fdch a pohodln\u00fdch. M\u00e1 v\u00fdstrih do V, kr\u00e1tke ruk\u00e1vy a kontrastn\u00e9 \u010dierne vlo\u017eky a man\u017eety. S typick\u00fdm zna\u010dkov\u00fdm brandingom Castore je tento dres s ikonick\u00fdm erbom Wolves na hrudi. Prate\u013en\u00fd v pr\u00e1\u010dke.<\/p>\n<p>Tipy na tla\u010d: Ak s\u00fa meno a \u010d\u00edslo na obr\u00e1zku presne tak\u00e9, ak\u00e9 chcete, nemus\u00edte ich zad\u00e1va\u0165 znova. Ak nie, mali by ste zada\u0165 po\u017eadovan\u00e9 meno a \u010d\u00edslo.<\/p>\n<p>Tipy na pranie: Odpor\u00fa\u010dame pra\u0165 futbalov\u00e9 tri\u010dk\u00e1 v ruke. Ak chcete pou\u017ei\u0165 pr\u00e1\u010dku, nezabudnite futbalov\u00e9 tri\u010dk\u00e1 oto\u010di\u0165 naruby a potom ich vypra\u0165. Napl\u0148te pr\u00e1\u010dku studenou vodou a pou\u017eite jemn\u00fd cyklus, aby ste lep\u0161ie ochr\u00e1nili farby.<\/p>","protected":false},"excerpt":{"rendered":"<p>Mach dich bereit und zeige deine Unterst\u00fctzung in diesem Herren Wolverhampton Wanderers FC 2021\/22 Heimtrikot von Castore. Dieses Standard-Fit-Shirt in der Farbe Gold ist aus leichtem Polyestergewebe gefertigt, das dich auf dem Platz k\u00fchl und bequem h\u00e4lt. Es hat einen V-Ausschnitt, kurze \u00c4rmel und kontrastierende schwarze Eins\u00e4tze und B\u00fcndchen. Mit dem charakteristischen Castore-Branding ist dieses [&hellip;]<\/p>","protected":false},"featured_media":1956,"comment_status":"open","ping_status":"closed","template":"","meta":[],"product_brand":[],"product_cat":[69],"product_tag":[20,70,21,22,23,24,71],"class_list":{"0":"post-1918","1":"product","2":"type-product","3":"status-publish","4":"has-post-thumbnail","6":"product_cat-wolverhampton-wanderers","7":"product_tag-coole-fussballtrikots","8":"product_tag-castore-wolves-heimtrikot","9":"product_tag-fussballtrikot-fuer-herren","10":"product_tag-fussballtrikot-guenstig-kaufen","11":"product_tag-fussballtrikot-kurzarm","12":"product_tag-guenstiges-fussballtrikot","13":"product_tag-wolverhampton-wanderers-trikots","15":"first","16":"instock","17":"shipping-taxable","18":"purchasable","19":"product-type-variable"},"_links":{"self":[{"href":"https:\/\/www.billigtrikotde.com\/sk\/wp-json\/wp\/v2\/product\/1918","targetHints":{"allow":["GET"]}}],"collection":[{"href":"https:\/\/www.billigtrikotde.com\/sk\/wp-json\/wp\/v2\/product"}],"about":[{"href":"https:\/\/www.billigtrikotde.com\/sk\/wp-json\/wp\/v2\/types\/product"}],"replies":[{"embeddable":true,"href":"https:\/\/www.billigtrikotde.com\/sk\/wp-json\/wp\/v2\/comments?post=1918"}],"wp:featuredmedia":[{"embeddable":true,"href":"https:\/\/www.billigtrikotde.com\/sk\/wp-json\/wp\/v2\/media\/1956"}],"wp:attachment":[{"href":"https:\/\/www.billigtrikotde.com\/sk\/wp-json\/wp\/v2\/media?parent=1918"}],"wp:term":[{"taxonomy":"product_brand","embeddable":true,"href":"https:\/\/www.billigtrikotde.com\/sk\/wp-json\/wp\/v2\/product_brand?post=1918"},{"taxonomy":"product_cat","embeddable":true,"href":"https:\/\/www.billigtrikotde.com\/sk\/wp-json\/wp\/v2\/product_cat?post=1918"},{"taxonomy":"product_tag","embeddable":true,"href":"https:\/\/www.billigtrikotde.com\/sk\/wp-json\/wp\/v2\/product_tag?post=1918"}],"curies":[{"name":"wp","href":"https:\/\/api.w.org\/{rel}","templated":true}]}}