{"id":19068,"date":"2024-10-24T11:08:11","date_gmt":"2024-10-24T09:08:11","guid":{"rendered":"http:\/\/billigtrikots.com\/?post_type=product&#038;p=19068"},"modified":"2024-10-24T11:10:35","modified_gmt":"2024-10-24T09:10:35","slug":"fussballtrikot-kinder-sale-england-heimtrikot-em-2024-conor-gallagher-16","status":"publish","type":"product","link":"https:\/\/www.billigtrikotde.com\/sk\/fussballtrikot-kinder-sale-england-heimtrikot-em-2024-conor-gallagher-16\/","title":{"rendered":"Futbalov\u00e9 tri\u010dko Detsk\u00e9 v\u00fdpredaj Anglicko Dom\u00e1ce tri\u010dko Euro 2024 Conor Gallagher 16"},"content":{"rendered":"<p>Anglick\u00e9 tri\u010dko pre Euro 2024 je ve\u013ekou zmenou oproti predch\u00e1dzaj\u00facim dom\u00e1cim tri\u010dk\u00e1m Anglicka. Futbalov\u00e9 tri\u010dko Anglicko 2024 kombinuje klasick\u00fa bielu farbu krajiny s tmavou n\u00e1morn\u00edckou modrou a bordovou\/svetlo\u010dervenou farbou s detailmi. pou\u017e\u00edva \u0161peci\u00e1lne skon\u0161truovan\u00fd golier, ktor\u00fd je kombin\u00e1ciou klasick\u00e9ho goliera do V a polo goliera. man\u017eety dom\u00e1cej s\u00fapravy Anglicko 2024 maj\u00fa elegantn\u00e9 n\u00e1morn\u00edcke modr\u00e9\/svetlo\u010derven\u00e9\/bordov\u00e9 pruhy.<\/p>\n<p>Tipy na tla\u010d: Ak s\u00fa meno a \u010d\u00edslo na obr\u00e1zku presne tak\u00e9, ak\u00e9 chcete, nemus\u00edte ich zad\u00e1va\u0165 znova. Ak nie, mali by ste zada\u0165 po\u017eadovan\u00e9 meno a \u010d\u00edslo.<\/p>\n<p>Tipy na pranie: Odpor\u00fa\u010dame pra\u0165 futbalov\u00e9 tri\u010dk\u00e1 v ruke. Ak chcete pou\u017ei\u0165 pr\u00e1\u010dku, nezabudnite futbalov\u00e9 tri\u010dk\u00e1 oto\u010di\u0165 naruby a potom ich vypra\u0165. Napl\u0148te pr\u00e1\u010dku studenou vodou a pou\u017eite jemn\u00fd cyklus, aby ste lep\u0161ie ochr\u00e1nili farby.<\/p>","protected":false},"excerpt":{"rendered":"<p>Das England Euro 2024 Trikot ist eine starke Ver\u00e4nderung gegen\u00fcber den bisherigen England Heimtrikots. Das England 2024 Fu\u00dfballtrikot kombiniert das klassische Wei\u00df des Landes mit einem dunklen Marineblau und kastanienbraunen\/hellroten Details.It verwendet einen speziell konstruierten Kragen, der eine Kombination aus einem klassischen V-Kragen und einem Polokragen ist.Die \u00c4rmelb\u00fcndchen des England 2024 Heimtrikots sind mit eleganten [&hellip;]<\/p>","protected":false},"featured_media":19115,"comment_status":"open","ping_status":"closed","template":"","meta":[],"product_brand":[],"product_cat":[1096],"product_tag":[20,1244,1245,1076,1235,22,23,1246,24],"class_list":{"0":"post-19068","1":"product","2":"type-product","3":"status-publish","4":"has-post-thumbnail","6":"product_cat-em-2024-england","7":"product_tag-coole-fussballtrikots","8":"product_tag-conor-gallagher-trikot-kinder-kaufen","9":"product_tag-conor-gallagher-trikots","10":"product_tag-em-2024-trikot","11":"product_tag-england-em-2024-trikot-kinder-kaufen","12":"product_tag-fussballtrikot-guenstig-kaufen","13":"product_tag-fussballtrikot-kurzarm","14":"product_tag-guenstige-conor-gallagher-trikot-kinder","15":"product_tag-guenstiges-fussballtrikot","17":"first","18":"instock","19":"shipping-taxable","20":"purchasable","21":"product-type-variable"},"_links":{"self":[{"href":"https:\/\/www.billigtrikotde.com\/sk\/wp-json\/wp\/v2\/product\/19068","targetHints":{"allow":["GET"]}}],"collection":[{"href":"https:\/\/www.billigtrikotde.com\/sk\/wp-json\/wp\/v2\/product"}],"about":[{"href":"https:\/\/www.billigtrikotde.com\/sk\/wp-json\/wp\/v2\/types\/product"}],"replies":[{"embeddable":true,"href":"https:\/\/www.billigtrikotde.com\/sk\/wp-json\/wp\/v2\/comments?post=19068"}],"wp:featuredmedia":[{"embeddable":true,"href":"https:\/\/www.billigtrikotde.com\/sk\/wp-json\/wp\/v2\/media\/19115"}],"wp:attachment":[{"href":"https:\/\/www.billigtrikotde.com\/sk\/wp-json\/wp\/v2\/media?parent=19068"}],"wp:term":[{"taxonomy":"product_brand","embeddable":true,"href":"https:\/\/www.billigtrikotde.com\/sk\/wp-json\/wp\/v2\/product_brand?post=19068"},{"taxonomy":"product_cat","embeddable":true,"href":"https:\/\/www.billigtrikotde.com\/sk\/wp-json\/wp\/v2\/product_cat?post=19068"},{"taxonomy":"product_tag","embeddable":true,"href":"https:\/\/www.billigtrikotde.com\/sk\/wp-json\/wp\/v2\/product_tag?post=19068"}],"curies":[{"name":"wp","href":"https:\/\/api.w.org\/{rel}","templated":true}]}}