{"id":18933,"date":"2024-10-24T11:02:59","date_gmt":"2024-10-24T09:02:59","guid":{"rendered":"http:\/\/billigtrikots.com\/?post_type=product&#038;p=18933"},"modified":"2024-10-24T11:04:21","modified_gmt":"2024-10-24T09:04:21","slug":"fussballtrikot-outlet-kinder-spanien-auswaerts-trikotsatzt-em-2024-pedri-gonzalez-20","status":"publish","type":"product","link":"https:\/\/www.billigtrikotde.com\/sk\/fussballtrikot-outlet-kinder-spanien-auswaerts-trikotsatzt-em-2024-pedri-gonzalez-20\/","title":{"rendered":"Futbalov\u00e9 tri\u010dko Outlet Kids Spain Away Kit Euro 2024 Pedri Gonzalez 20"},"content":{"rendered":"<p>V\u00fdjazdov\u00e1 s\u00faprava \u0160panielska 2024 m\u00e1 svie\u017eu a p\u00fatav\u00fa farebn\u00fa kombin\u00e1ciu. Je preva\u017ene bledo ne\u00f3novo \u017elt\u00e1, pravdepodobne in\u0161pirovan\u00e1 pieso\u010dn\u00fdmi dunami krajiny, a jedine\u010dn\u00fdm prvkom v\u00fdjazdovej s\u00fapravy \u0160panielsko Euro 2024 s\u00fa panely - na svetlomodr\u00fdch paneloch je grafika pieso\u010dn\u00fdch d\u00fan.<\/p>\n<p>Tipy na tla\u010d: Ak s\u00fa meno a \u010d\u00edslo na obr\u00e1zku presne tak\u00e9, ak\u00e9 chcete, nemus\u00edte ich zad\u00e1va\u0165 znova. Ak nie, mali by ste zada\u0165 po\u017eadovan\u00e9 meno a \u010d\u00edslo.<\/p>\n<p>Tipy na pranie: Odpor\u00fa\u010dame pra\u0165 futbalov\u00e9 tri\u010dk\u00e1 v ruke. Ak chcete pou\u017ei\u0165 pr\u00e1\u010dku, nezabudnite futbalov\u00e9 tri\u010dk\u00e1 oto\u010di\u0165 naruby a potom ich vypra\u0165. Napl\u0148te pr\u00e1\u010dku studenou vodou a pou\u017eite jemn\u00fd cyklus, aby ste lep\u0161ie ochr\u00e1nili farby.<\/p>","protected":false},"excerpt":{"rendered":"<p>Vy\u0161etrovan\u00e9 Ausw\u00e4rts trikot \u0160panielska 2024 m\u00e1svie\u017eu a v\u00fdrazn\u00fa farebn\u00fa kombin\u00e1ciu. Je predov\u0161etk\u00fdm svetlos\u0165-ne\u00f3novo \u017elt\u00e1, pravdepodobne in\u0161pirovan\u00e1 pieso\u010dn\u00fdmi dunami krajiny. Unik\u00e1tnym prvkom Ausw\u00e4rts tri\u010dka \u0160panielsko Euro 2024 s\u00fa panely \u2013 svetlo modr\u00e9 panely s\u00fa s grafickou predstavou pieso\u010dnej duny. Tipy na tla\u010d: Ak sa meno a \u010d\u00edslo na obr\u00e1zku presne [\u2026]<\/p>","protected":false},"featured_media":18949,"comment_status":"closed","ping_status":"closed","template":"","meta":[],"product_brand":[],"product_cat":[1079],"product_tag":[20,1076,22,23,24,1227],"class_list":{"0":"post-18933","1":"product","2":"type-product","3":"status-publish","4":"has-post-thumbnail","6":"product_cat-em-2024-spanien","7":"product_tag-coole-fussballtrikots","8":"product_tag-em-2024-trikot","9":"product_tag-fussballtrikot-guenstig-kaufen","10":"product_tag-fussballtrikot-kurzarm","11":"product_tag-guenstiges-fussballtrikot","12":"product_tag-pedri-gonzalez-trikots","14":"first","15":"instock","16":"purchasable","17":"product-type-variable"},"_links":{"self":[{"href":"https:\/\/www.billigtrikotde.com\/sk\/wp-json\/wp\/v2\/product\/18933","targetHints":{"allow":["GET"]}}],"collection":[{"href":"https:\/\/www.billigtrikotde.com\/sk\/wp-json\/wp\/v2\/product"}],"about":[{"href":"https:\/\/www.billigtrikotde.com\/sk\/wp-json\/wp\/v2\/types\/product"}],"replies":[{"embeddable":true,"href":"https:\/\/www.billigtrikotde.com\/sk\/wp-json\/wp\/v2\/comments?post=18933"}],"wp:featuredmedia":[{"embeddable":true,"href":"https:\/\/www.billigtrikotde.com\/sk\/wp-json\/wp\/v2\/media\/18949"}],"wp:attachment":[{"href":"https:\/\/www.billigtrikotde.com\/sk\/wp-json\/wp\/v2\/media?parent=18933"}],"wp:term":[{"taxonomy":"product_brand","embeddable":true,"href":"https:\/\/www.billigtrikotde.com\/sk\/wp-json\/wp\/v2\/product_brand?post=18933"},{"taxonomy":"product_cat","embeddable":true,"href":"https:\/\/www.billigtrikotde.com\/sk\/wp-json\/wp\/v2\/product_cat?post=18933"},{"taxonomy":"product_tag","embeddable":true,"href":"https:\/\/www.billigtrikotde.com\/sk\/wp-json\/wp\/v2\/product_tag?post=18933"}],"curies":[{"name":"wp","href":"https:\/\/api.w.org\/{rel}","templated":true}]}}