{"id":18745,"date":"2024-10-24T10:52:15","date_gmt":"2024-10-24T08:52:15","guid":{"rendered":"http:\/\/billigtrikots.com\/?post_type=product&#038;p=18745"},"modified":"2024-10-24T10:54:59","modified_gmt":"2024-10-24T08:54:59","slug":"kinder-niederlande-uefa-euro-2024-auswaertstrikot-nathan-ake-5","status":"publish","type":"product","link":"https:\/\/www.billigtrikotde.com\/sk\/kinder-niederlande-uefa-euro-2024-auswaertstrikot-nathan-ake-5\/","title":{"rendered":"Detsk\u00e9 tri\u010dko Holandsko UEFA Euro 2024 Away Nathan Ake 5"},"content":{"rendered":"<p>V\u00fdjazdov\u00e1 s\u00faprava Holandska 2024 je preva\u017ene n\u00e1morn\u00edcky modr\u00e1 (\"Blue Void\"), sekund\u00e1rne farby s\u00fa oran\u017eov\u00e1, tyrkysov\u00e1 a biela. Je to podobn\u00e1 paleta farieb ako na dom\u00e1com drese Holandska, ale samozrejme v inom porad\u00ed, a dizajnovo vynik\u00e1 dres Holandska na Euro 2024. M\u00e1 oran\u017eov\u00fd a modr\u00fd vzor na prednej, zadnej strane a ruk\u00e1voch.<\/p>\n<p>Tipy na tla\u010d: Ak s\u00fa meno a \u010d\u00edslo na obr\u00e1zku presne tak\u00e9, ak\u00e9 chcete, nemus\u00edte ich zad\u00e1va\u0165 znova. Ak nie, mali by ste zada\u0165 po\u017eadovan\u00e9 meno a \u010d\u00edslo.<\/p>\n<p>Tipy na pranie: Odpor\u00fa\u010dame pra\u0165 futbalov\u00e9 tri\u010dk\u00e1 v ruke. Ak chcete pou\u017ei\u0165 pr\u00e1\u010dku, nezabudnite futbalov\u00e9 tri\u010dk\u00e1 oto\u010di\u0165 naruby a potom ich vypra\u0165. Napl\u0148te pr\u00e1\u010dku studenou vodou a pou\u017eite jemn\u00fd cyklus, aby ste lep\u0161ie ochr\u00e1nili farby.<\/p>","protected":false},"excerpt":{"rendered":"<p>V\u00fdjazdov\u00e1 s\u00faprava Holandska 2024 je preva\u017ene n\u00e1morn\u00edcky modr\u00e1 (\"Blue Void\"), sekund\u00e1rne farby s\u00fa oran\u017eov\u00e1, tyrkysov\u00e1 a biela. Je to podobn\u00e1 paleta farieb ako na dom\u00e1com drese Holandska, ale samozrejme v inom porad\u00ed, a dizajnovo vynik\u00e1 dres Holandska na Euro 2024. M\u00e1 oran\u017eov\u00fd a modr\u00fd vzor na prednej, zadnej strane a ruk\u00e1voch.<\/p>","protected":false},"featured_media":18786,"comment_status":"open","ping_status":"closed","template":"","meta":[],"product_brand":[],"product_cat":[1102],"product_tag":[20,1076,1077,21,22,23,24,1103],"class_list":{"0":"post-18745","1":"product","2":"type-product","3":"status-publish","4":"has-post-thumbnail","6":"product_cat-em-2024-niederlande","7":"product_tag-coole-fussballtrikots","8":"product_tag-em-2024-trikot","9":"product_tag-em-2024-trikot-herren","10":"product_tag-fussballtrikot-fuer-herren","11":"product_tag-fussballtrikot-guenstig-kaufen","12":"product_tag-fussballtrikot-kurzarm","13":"product_tag-guenstiges-fussballtrikot","14":"product_tag-niederlande-trikot-em-2024","16":"first","17":"instock","18":"shipping-taxable","19":"purchasable","20":"product-type-variable"},"_links":{"self":[{"href":"https:\/\/www.billigtrikotde.com\/sk\/wp-json\/wp\/v2\/product\/18745","targetHints":{"allow":["GET"]}}],"collection":[{"href":"https:\/\/www.billigtrikotde.com\/sk\/wp-json\/wp\/v2\/product"}],"about":[{"href":"https:\/\/www.billigtrikotde.com\/sk\/wp-json\/wp\/v2\/types\/product"}],"replies":[{"embeddable":true,"href":"https:\/\/www.billigtrikotde.com\/sk\/wp-json\/wp\/v2\/comments?post=18745"}],"wp:featuredmedia":[{"embeddable":true,"href":"https:\/\/www.billigtrikotde.com\/sk\/wp-json\/wp\/v2\/media\/18786"}],"wp:attachment":[{"href":"https:\/\/www.billigtrikotde.com\/sk\/wp-json\/wp\/v2\/media?parent=18745"}],"wp:term":[{"taxonomy":"product_brand","embeddable":true,"href":"https:\/\/www.billigtrikotde.com\/sk\/wp-json\/wp\/v2\/product_brand?post=18745"},{"taxonomy":"product_cat","embeddable":true,"href":"https:\/\/www.billigtrikotde.com\/sk\/wp-json\/wp\/v2\/product_cat?post=18745"},{"taxonomy":"product_tag","embeddable":true,"href":"https:\/\/www.billigtrikotde.com\/sk\/wp-json\/wp\/v2\/product_tag?post=18745"}],"curies":[{"name":"wp","href":"https:\/\/api.w.org\/{rel}","templated":true}]}}