{"id":18602,"date":"2024-10-24T10:43:17","date_gmt":"2024-10-24T08:43:17","guid":{"rendered":"http:\/\/billigtrikots.com\/?post_type=product&#038;p=18602"},"modified":"2025-10-16T16:01:52","modified_gmt":"2025-10-16T14:01:52","slug":"personalisierbar-real-madrid-2024-25-heimtrikot-weiss-kurzarm-kurze-hosen","status":"publish","type":"product","link":"https:\/\/www.billigtrikotde.com\/sk\/personalisierbar-real-madrid-2024-25-heimtrikot-weiss-kurzarm-kurze-hosen\/","title":{"rendered":"Prisp\u00f4sobite\u013en\u00fd dom\u00e1ci dres Real Madrid 2024-25 White Short Sleeve + Shorts"},"content":{"rendered":"<p>Dres Real Madrid Club de F\u00fatbol 2024-25 m\u00e1 tradi\u010dn\u00fa bielu farbu t\u00edmu v kombin\u00e1cii s \u010diernymi tromi pruhmi a dres Real Madrid 2024-2025 vyvol\u00e1va spomienky na dresy zo za\u010diatku roka 2000 v\u010faka klasickej farebnej kombin\u00e1cii a jednoduch\u00e9mu dizajnu.<\/p>\n<p>Tipy na tla\u010d: Ak s\u00fa meno a \u010d\u00edslo na obr\u00e1zku presne tak\u00e9, ak\u00e9 chcete, nemus\u00edte ich zad\u00e1va\u0165 znova. Ak nie, mali by ste zada\u0165 po\u017eadovan\u00e9 meno a \u010d\u00edslo.<\/p>\n<p>Tipy na pranie: Odpor\u00fa\u010dame pra\u0165 futbalov\u00e9 tri\u010dk\u00e1 v ruke. Ak chcete pou\u017ei\u0165 pr\u00e1\u010dku, nezabudnite futbalov\u00e9 tri\u010dk\u00e1 oto\u010di\u0165 naruby a potom ich vypra\u0165. Napl\u0148te pr\u00e1\u010dku studenou vodou a pou\u017eite jemn\u00fd cyklus, aby ste lep\u0161ie ochr\u00e1nili farby.<\/p>","protected":false},"excerpt":{"rendered":"<p>Real Madrid Club de F\u00fatbol 2024-25 dres m\u00e1 tradi\u010dn\u00fa bielu farbu t\u00edmu, doplnen\u00fa \u010diernou farbou pre tri pruhy. Dres Real Madrid 2024-2025 v\u010faka klasickej kombin\u00e1cii farieb a jednoduch\u00e9mu dizajnu vyvol\u00e1va spomienky na dresy z za\u010diatku 2000-tych rokov. Tipy na tla\u010d: Ak je meno a \u010d\u00edslo na obr\u00e1zku [\u2026]<\/p>","protected":false},"featured_media":18643,"comment_status":"open","ping_status":"closed","template":"","meta":[],"product_brand":[],"product_cat":[45],"product_tag":[574,21,228,24,1191,489,490,979,47],"class_list":{"0":"post-18602","1":"product","2":"type-product","3":"status-publish","4":"has-post-thumbnail","6":"product_cat-real-madrid","7":"product_tag-fussballtrikot-deutschland","8":"product_tag-fussballtrikot-fuer-herren","9":"product_tag-guenstige-fussballtrikot","10":"product_tag-guenstiges-fussballtrikot","11":"product_tag-real-madrid-club-de-futbol-2024-25-trikot","12":"product_tag-real-madrid-fussballtrikot","13":"product_tag-real-madrid-trikot","14":"product_tag-real-madrid-trikot-2024","15":"product_tag-real-madrid-trikots","17":"first","18":"instock","19":"shipping-taxable","20":"purchasable","21":"product-type-variable"},"_links":{"self":[{"href":"https:\/\/www.billigtrikotde.com\/sk\/wp-json\/wp\/v2\/product\/18602","targetHints":{"allow":["GET"]}}],"collection":[{"href":"https:\/\/www.billigtrikotde.com\/sk\/wp-json\/wp\/v2\/product"}],"about":[{"href":"https:\/\/www.billigtrikotde.com\/sk\/wp-json\/wp\/v2\/types\/product"}],"replies":[{"embeddable":true,"href":"https:\/\/www.billigtrikotde.com\/sk\/wp-json\/wp\/v2\/comments?post=18602"}],"wp:featuredmedia":[{"embeddable":true,"href":"https:\/\/www.billigtrikotde.com\/sk\/wp-json\/wp\/v2\/media\/18643"}],"wp:attachment":[{"href":"https:\/\/www.billigtrikotde.com\/sk\/wp-json\/wp\/v2\/media?parent=18602"}],"wp:term":[{"taxonomy":"product_brand","embeddable":true,"href":"https:\/\/www.billigtrikotde.com\/sk\/wp-json\/wp\/v2\/product_brand?post=18602"},{"taxonomy":"product_cat","embeddable":true,"href":"https:\/\/www.billigtrikotde.com\/sk\/wp-json\/wp\/v2\/product_cat?post=18602"},{"taxonomy":"product_tag","embeddable":true,"href":"https:\/\/www.billigtrikotde.com\/sk\/wp-json\/wp\/v2\/product_tag?post=18602"}],"curies":[{"name":"wp","href":"https:\/\/api.w.org\/{rel}","templated":true}]}}