{"id":1857,"date":"2024-10-23T13:48:53","date_gmt":"2024-10-23T11:48:53","guid":{"rendered":"http:\/\/billigtrikots.com\/?post_type=product&#038;p=1857"},"modified":"2024-10-23T13:50:54","modified_gmt":"2024-10-23T11:50:54","slug":"bvb-borussia-dortmund-heimtrikot-buerki-1-herren-2022-gelb-schwarz-trikotsatz","status":"publish","type":"product","link":"https:\/\/www.billigtrikotde.com\/sk\/bvb-borussia-dortmund-heimtrikot-buerki-1-herren-2022-gelb-schwarz-trikotsatz\/","title":{"rendered":"BVB Borussia Dortmund Dom\u00e1ce dres B\u00fcrki 1# Mu\u017ei 2022 \u017elt\u00e1 \u010dierna Kit"},"content":{"rendered":"<p>Dajte v\u0161etko s P-uma Borussia Dortmund 21\/22 dom\u00e1ce tri\u010dko, ktor\u00e9 m\u00e1 trochu vo\u013enej\u0161\u00ed strih \u0161peci\u00e1lne navrhnut\u00fd pre fan\u00fa\u0161ikov.<\/p>\n<p>In\u0161pirovan\u00e9 sl\u00e1vnym triumfom klubu v Ligy majstrov v roku 1997, P-uma Borussia Dortmund 21\/22 dom\u00e1ce tri\u010dko steles\u0148uje ducha outsidera Karl-Heinza Riedleho a spol. s \u010diernymi ramenn\u00fdmi \u010das\u0165ami a pruhovan\u00fdmi ruk\u00e1vmi, ktor\u00e9 napodob\u0148uj\u00fa tri\u010dko a pono\u017eky fin\u00e1le z roku 1997.<\/p>\n<p>\u0160tandardn\u00e1 verzia tri\u010dka bola navrhnut\u00e1 pre pohodlie na ihrisku aj mimo neho a obsahuje najnov\u0161iu technol\u00f3giu odv\u00e1dzania potu, ktor\u00e1 \u0165a udr\u017e\u00ed v suchu. Uvo\u013enenej\u0161\u00ed strih ho rob\u00ed ide\u00e1lnym aj na vo\u013en\u00fd \u010das.<\/p>\n<p>Tipy na tla\u010d: Ak s\u00fa meno a \u010d\u00edslo na obr\u00e1zku presne tak\u00e9, ak\u00e9 chcete, nemus\u00edte ich zad\u00e1va\u0165 znova. Ak nie, mali by ste zada\u0165 po\u017eadovan\u00e9 meno a \u010d\u00edslo.<\/p>\n<p>Tipy na pranie: Odpor\u00fa\u010dame pra\u0165 futbalov\u00e9 tri\u010dk\u00e1 v ruke. Ak chcete pou\u017ei\u0165 pr\u00e1\u010dku, nezabudnite futbalov\u00e9 tri\u010dk\u00e1 oto\u010di\u0165 naruby a potom ich vypra\u0165. Napl\u0148te pr\u00e1\u010dku studenou vodou a pou\u017eite jemn\u00fd cyklus, aby ste lep\u0161ie ochr\u00e1nili farby.<\/p>","protected":false},"excerpt":{"rendered":"<p>Gib alles mit dem P-uma Borussia Dortmund 21\/22 Heimtrikot, das eine etwas lockerere Passform hat die speziell f\u00fcr Fans entwickelt wurde. Inspiriert vom ber\u00fchmten Champions-League-Triumph des Vereins im Jahr 1997 verk\u00f6rpert das P-uma Borussia Dortmund 21\/22 Heimtrikot den Au\u00dfenseitergeist von Karl-Heinz Riedle und Co. mit schwarzen Schulterpartien und gestreiften \u00c4rmeln, die das Trikot und die [&hellip;]<\/p>","protected":false},"featured_media":1895,"comment_status":"open","ping_status":"closed","template":"","meta":[],"product_brand":[],"product_cat":[63],"product_tag":[20,65,66,67,21,22,23,24],"class_list":{"0":"post-1857","1":"product","2":"type-product","3":"status-publish","4":"has-post-thumbnail","6":"product_cat-borussia-dortmund","7":"product_tag-coole-fussballtrikots","8":"product_tag-borussia-dortmund-trikots","9":"product_tag-bvb-trikots","10":"product_tag-fussball-trikotsatz","11":"product_tag-fussballtrikot-fuer-herren","12":"product_tag-fussballtrikot-guenstig-kaufen","13":"product_tag-fussballtrikot-kurzarm","14":"product_tag-guenstiges-fussballtrikot","16":"first","17":"instock","18":"shipping-taxable","19":"purchasable","20":"product-type-variable"},"_links":{"self":[{"href":"https:\/\/www.billigtrikotde.com\/sk\/wp-json\/wp\/v2\/product\/1857","targetHints":{"allow":["GET"]}}],"collection":[{"href":"https:\/\/www.billigtrikotde.com\/sk\/wp-json\/wp\/v2\/product"}],"about":[{"href":"https:\/\/www.billigtrikotde.com\/sk\/wp-json\/wp\/v2\/types\/product"}],"replies":[{"embeddable":true,"href":"https:\/\/www.billigtrikotde.com\/sk\/wp-json\/wp\/v2\/comments?post=1857"}],"wp:featuredmedia":[{"embeddable":true,"href":"https:\/\/www.billigtrikotde.com\/sk\/wp-json\/wp\/v2\/media\/1895"}],"wp:attachment":[{"href":"https:\/\/www.billigtrikotde.com\/sk\/wp-json\/wp\/v2\/media?parent=1857"}],"wp:term":[{"taxonomy":"product_brand","embeddable":true,"href":"https:\/\/www.billigtrikotde.com\/sk\/wp-json\/wp\/v2\/product_brand?post=1857"},{"taxonomy":"product_cat","embeddable":true,"href":"https:\/\/www.billigtrikotde.com\/sk\/wp-json\/wp\/v2\/product_cat?post=1857"},{"taxonomy":"product_tag","embeddable":true,"href":"https:\/\/www.billigtrikotde.com\/sk\/wp-json\/wp\/v2\/product_tag?post=1857"}],"curies":[{"name":"wp","href":"https:\/\/api.w.org\/{rel}","templated":true}]}}