{"id":18344,"date":"2024-10-24T10:28:50","date_gmt":"2024-10-24T08:28:50","guid":{"rendered":"http:\/\/billigtrikots.com\/?post_type=product&#038;p=18344"},"modified":"2024-10-24T10:31:27","modified_gmt":"2024-10-24T08:31:27","slug":"frankreich-euro-2024-auswaertstrikot-em-24-25-weiss-kurzarm-blau-kurze-hosen","status":"publish","type":"product","link":"https:\/\/www.billigtrikotde.com\/sk\/frankreich-euro-2024-auswaertstrikot-em-24-25-weiss-kurzarm-blau-kurze-hosen\/","title":{"rendered":"S\u00faprava Franc\u00fazsko EURO 2024 EM 24-25 biela s kr\u00e1tkym ruk\u00e1vom + modr\u00e9 \u0161ortky"},"content":{"rendered":"<p>Dres Franc\u00fazska na Euro 2024 kombinuje bielu z\u00e1kladn\u00fa farbu s kr\u00e1\u013eovskou modrou. Najv\u00fdraznej\u0161\u00edm prvkom je pruhovan\u00fd dizajn - prech\u00e1dza z modrej (prav\u00e1 strana) do \u010dervenej (\u013eav\u00e1 strana) a dres France Euro 2024 away m\u00e1 modr\u00fd golier a modr\u00e9 man\u017eety.<\/p>\n<p>Dom\u00e1ce aj vonkaj\u0161ie dresy pre majstrovstv\u00e1 Eur\u00f3py 2024 vo Franc\u00fazsku bud\u00fa ma\u0165 nov\u00fd farebn\u00fd znak v obrovskom form\u00e1te, ktor\u00fd je v\u00e4\u010d\u0161\u00ed ako na predch\u00e1dzaj\u00facich dresoch Franc\u00fazska. Plocha erbu Franc\u00fazska v\u0161ak bude aj na\u010falej sp\u013a\u0148a\u0165 pravidl\u00e1 FIFA pre dresy.<\/p>","protected":false},"excerpt":{"rendered":"<p>Das Frankreich Euro 2024 Ausw\u00e4rtstrikot kombiniert eine wei\u00dfe Grundfarbe mit einem K\u00f6nigsblau. Am auff\u00e4lligsten ist das Nadelstreifendesign \u2013 es geht von Blau (rechte Seite) zu Rot (linke Seite).Das Frankreich Euro 2024 Ausw\u00e4rtstrikot hat einen blauen Kragen und blaue \u00c4rmelb\u00fcndchen. Sowohl das Heim- als auch das Ausw\u00e4rtstrikot der Frankreich-EM 2024 werden ein neues farbiges Wappen in [&hellip;]<\/p>","protected":false},"featured_media":18393,"comment_status":"open","ping_status":"closed","template":"","meta":[],"product_brand":[],"product_cat":[1098,1072],"product_tag":[20,1076,1077,1099,21,22,23,24],"class_list":{"0":"post-18344","1":"product","2":"type-product","3":"status-publish","4":"has-post-thumbnail","6":"product_cat-em-2024-frankreich","7":"product_cat-em-2024-trikots","8":"product_tag-coole-fussballtrikots","9":"product_tag-em-2024-trikot","10":"product_tag-em-2024-trikot-herren","11":"product_tag-frankreich-trikot-em-2024","12":"product_tag-fussballtrikot-fuer-herren","13":"product_tag-fussballtrikot-guenstig-kaufen","14":"product_tag-fussballtrikot-kurzarm","15":"product_tag-guenstiges-fussballtrikot","17":"first","18":"instock","19":"shipping-taxable","20":"purchasable","21":"product-type-variable"},"_links":{"self":[{"href":"https:\/\/www.billigtrikotde.com\/sk\/wp-json\/wp\/v2\/product\/18344","targetHints":{"allow":["GET"]}}],"collection":[{"href":"https:\/\/www.billigtrikotde.com\/sk\/wp-json\/wp\/v2\/product"}],"about":[{"href":"https:\/\/www.billigtrikotde.com\/sk\/wp-json\/wp\/v2\/types\/product"}],"replies":[{"embeddable":true,"href":"https:\/\/www.billigtrikotde.com\/sk\/wp-json\/wp\/v2\/comments?post=18344"}],"wp:featuredmedia":[{"embeddable":true,"href":"https:\/\/www.billigtrikotde.com\/sk\/wp-json\/wp\/v2\/media\/18393"}],"wp:attachment":[{"href":"https:\/\/www.billigtrikotde.com\/sk\/wp-json\/wp\/v2\/media?parent=18344"}],"wp:term":[{"taxonomy":"product_brand","embeddable":true,"href":"https:\/\/www.billigtrikotde.com\/sk\/wp-json\/wp\/v2\/product_brand?post=18344"},{"taxonomy":"product_cat","embeddable":true,"href":"https:\/\/www.billigtrikotde.com\/sk\/wp-json\/wp\/v2\/product_cat?post=18344"},{"taxonomy":"product_tag","embeddable":true,"href":"https:\/\/www.billigtrikotde.com\/sk\/wp-json\/wp\/v2\/product_tag?post=18344"}],"curies":[{"name":"wp","href":"https:\/\/api.w.org\/{rel}","templated":true}]}}