{"id":18270,"date":"2024-10-24T10:24:55","date_gmt":"2024-10-24T08:24:55","guid":{"rendered":"http:\/\/billigtrikots.com\/?post_type=product&#038;p=18270"},"modified":"2024-10-24T10:27:35","modified_gmt":"2024-10-24T08:27:35","slug":"kinder-argentinien-heimtrikot-copa-america-2024-trikotsatz-kit","status":"publish","type":"product","link":"https:\/\/www.billigtrikotde.com\/sk\/kinder-argentinien-heimtrikot-copa-america-2024-trikotsatz-kit\/","title":{"rendered":"Detsk\u00fd dom\u00e1ci dres Argent\u00edny Copa Am\u00e9rica 2024 Jersey Kit"},"content":{"rendered":"<p>Dres Argent\u00edna 2024 m\u00e1 tradi\u010dn\u00e9 biele a nebesky modr\u00e9 pruhy v kombin\u00e1cii so zlat\u00fdmi logami, n\u00e1\u0161ivkami a zlat\u00fdmi n\u00e1pismi.Argent\u00edna vyhrala Copa Am\u00e9rica 2021 aj majstrovstv\u00e1 sveta 2022, tak\u017ee zlat\u00e9 prvky s\u00fa vhodnou poctou.Pruhy na drese Argent\u00edna 2024 s\u00fa klasick\u00e9, s modr\u00fdm pruhom v strede a bielymi pruhmi s logom AFA.Argent\u00edna pou\u017e\u00edva mierne aktualizovan\u00e9 logo s tromi hviezdami, pri\u010dom tretia hviezda je o nie\u010do vy\u0161\u0161ie ako na prv\u00fdch dvoch majstrovstv\u00e1ch sveta.<\/p>","protected":false},"excerpt":{"rendered":"<p>Das Argentinien 2024 Trikot zeigt die traditionellen wei\u00dfen und himmelblauen Streifen des Landes, kombiniert mit goldenen Logos, Applikationen und einer goldenen Schrift.Argentinien hat sowohl die Copa Am\u00e9rica 2021 als auch die Weltmeisterschaft 2022 gewonnen, daher sind die goldenen Elemente eine passende Hommage.Die Streifen des Argentinien-Trikots 2024 sind klassisch, mit einem blauen Streifen in der Mitte [&hellip;]<\/p>","protected":false},"featured_media":18315,"comment_status":"open","ping_status":"closed","template":"","meta":[],"product_brand":[],"product_cat":[325],"product_tag":[1118,1119,20,21,22,24],"class_list":{"0":"post-18270","1":"product","2":"type-product","3":"status-publish","4":"has-post-thumbnail","6":"product_cat-argentinien-trikots","7":"product_tag-argentinien-copa-america-2024","8":"product_tag-argentinien-fussballtrikots","9":"product_tag-coole-fussballtrikots","10":"product_tag-fussballtrikot-fuer-herren","11":"product_tag-fussballtrikot-guenstig-kaufen","12":"product_tag-guenstiges-fussballtrikot","14":"first","15":"instock","16":"shipping-taxable","17":"purchasable","18":"product-type-variable"},"_links":{"self":[{"href":"https:\/\/www.billigtrikotde.com\/sk\/wp-json\/wp\/v2\/product\/18270","targetHints":{"allow":["GET"]}}],"collection":[{"href":"https:\/\/www.billigtrikotde.com\/sk\/wp-json\/wp\/v2\/product"}],"about":[{"href":"https:\/\/www.billigtrikotde.com\/sk\/wp-json\/wp\/v2\/types\/product"}],"replies":[{"embeddable":true,"href":"https:\/\/www.billigtrikotde.com\/sk\/wp-json\/wp\/v2\/comments?post=18270"}],"wp:featuredmedia":[{"embeddable":true,"href":"https:\/\/www.billigtrikotde.com\/sk\/wp-json\/wp\/v2\/media\/18315"}],"wp:attachment":[{"href":"https:\/\/www.billigtrikotde.com\/sk\/wp-json\/wp\/v2\/media?parent=18270"}],"wp:term":[{"taxonomy":"product_brand","embeddable":true,"href":"https:\/\/www.billigtrikotde.com\/sk\/wp-json\/wp\/v2\/product_brand?post=18270"},{"taxonomy":"product_cat","embeddable":true,"href":"https:\/\/www.billigtrikotde.com\/sk\/wp-json\/wp\/v2\/product_cat?post=18270"},{"taxonomy":"product_tag","embeddable":true,"href":"https:\/\/www.billigtrikotde.com\/sk\/wp-json\/wp\/v2\/product_tag?post=18270"}],"curies":[{"name":"wp","href":"https:\/\/api.w.org\/{rel}","templated":true}]}}