{"id":18198,"date":"2024-10-24T10:21:25","date_gmt":"2024-10-24T08:21:25","guid":{"rendered":"http:\/\/billigtrikots.com\/?post_type=product&#038;p=18198"},"modified":"2024-10-24T10:24:12","modified_gmt":"2024-10-24T08:24:12","slug":"neuen-herren-schweiz-euro-2024-auswaertstrikot-em-24-25-personalisierbar","status":"publish","type":"product","link":"https:\/\/www.billigtrikotde.com\/sk\/neuen-herren-schweiz-euro-2024-auswaertstrikot-em-24-25-personalisierbar\/","title":{"rendered":"Nov\u00e9 p\u00e1nske Euro 2024 Away Jersey EM 24-25 prisp\u00f4sobite\u013en\u00e9"},"content":{"rendered":"<p>Nov\u00e9 p\u00e1nske Euro 2024 Away Jersey EM 24-25 prisp\u00f4sobite\u013en\u00e9<\/p>","protected":false},"excerpt":{"rendered":"<p>Nov\u00e9 p\u00e1nske Euro 2024 Away Jersey EM 24-25 prisp\u00f4sobite\u013en\u00e9<\/p>","protected":false},"featured_media":18251,"comment_status":"open","ping_status":"closed","template":"","meta":[],"product_brand":[],"product_cat":[1109,1072],"product_tag":[20,1076,1077,21,22,23,24,1110],"class_list":{"0":"post-18198","1":"product","2":"type-product","3":"status-publish","4":"has-post-thumbnail","6":"product_cat-em-2024-schweiz","7":"product_cat-em-2024-trikots","8":"product_tag-coole-fussballtrikots","9":"product_tag-em-2024-trikot","10":"product_tag-em-2024-trikot-herren","11":"product_tag-fussballtrikot-fuer-herren","12":"product_tag-fussballtrikot-guenstig-kaufen","13":"product_tag-fussballtrikot-kurzarm","14":"product_tag-guenstiges-fussballtrikot","15":"product_tag-schweiz-trikot-em-2024","17":"first","18":"instock","19":"shipping-taxable","20":"purchasable","21":"product-type-variable"},"_links":{"self":[{"href":"https:\/\/www.billigtrikotde.com\/sk\/wp-json\/wp\/v2\/product\/18198","targetHints":{"allow":["GET"]}}],"collection":[{"href":"https:\/\/www.billigtrikotde.com\/sk\/wp-json\/wp\/v2\/product"}],"about":[{"href":"https:\/\/www.billigtrikotde.com\/sk\/wp-json\/wp\/v2\/types\/product"}],"replies":[{"embeddable":true,"href":"https:\/\/www.billigtrikotde.com\/sk\/wp-json\/wp\/v2\/comments?post=18198"}],"wp:featuredmedia":[{"embeddable":true,"href":"https:\/\/www.billigtrikotde.com\/sk\/wp-json\/wp\/v2\/media\/18251"}],"wp:attachment":[{"href":"https:\/\/www.billigtrikotde.com\/sk\/wp-json\/wp\/v2\/media?parent=18198"}],"wp:term":[{"taxonomy":"product_brand","embeddable":true,"href":"https:\/\/www.billigtrikotde.com\/sk\/wp-json\/wp\/v2\/product_brand?post=18198"},{"taxonomy":"product_cat","embeddable":true,"href":"https:\/\/www.billigtrikotde.com\/sk\/wp-json\/wp\/v2\/product_cat?post=18198"},{"taxonomy":"product_tag","embeddable":true,"href":"https:\/\/www.billigtrikotde.com\/sk\/wp-json\/wp\/v2\/product_tag?post=18198"}],"curies":[{"name":"wp","href":"https:\/\/api.w.org\/{rel}","templated":true}]}}