{"id":18094,"date":"2024-10-24T10:16:14","date_gmt":"2024-10-24T08:16:14","guid":{"rendered":"http:\/\/billigtrikots.com\/?post_type=product&#038;p=18094"},"modified":"2024-10-24T10:18:57","modified_gmt":"2024-10-24T08:18:57","slug":"frauen-portugal-euro-2024-heimtrikot-em-24-25-rot-kurzarm-kaufen","status":"publish","type":"product","link":"https:\/\/www.billigtrikotde.com\/sk\/frauen-portugal-euro-2024-heimtrikot-em-24-25-rot-kurzarm-kaufen\/","title":{"rendered":"D\u00e1mske EURO 2024 dom\u00e1ce dresy EM 24-25 \u010derven\u00e1 s kr\u00e1tkym ruk\u00e1vom K\u00fapi\u0165"},"content":{"rendered":"<p>Dres Portugalska pre Euro 2024 m\u00e1 klasick\u00fa \u010derven\u00fa farbu krajiny, ale v kombin\u00e1cii s in\u00fdmi farbami ako v predch\u00e1dzaj\u00facich rokoch. Je preva\u017ene \u010derven\u00fd, kombinovan\u00fd so zelen\u00fdmi a \u010diernymi aplik\u00e1ciami, plus svetl\u00e1 b\u00e9\u017eov\u00e1 farba pre sovoosh, ako aj n\u00e1zvy a \u010d\u00edsla. Ofici\u00e1lne farby s\u00fa \"univerzitn\u00e1 \u010derven\u00e1\/borovicov\u00e1 zelen\u00e1\/plavky\" a dres Portugalska 2024 nepou\u017e\u00edva grafick\u00fd dizajn, ale nech\u00e1va farby v centre pozornosti. Na vn\u00fatornej strane goliera je \u0161peci\u00e1lny n\u00e1pis Portugal.<\/p>","protected":false},"excerpt":{"rendered":"<p>Das Portugal Euro 2024 Trikot zeigt die klassische rote Farbe des Landes, aber kombiniert mit anderen Farben als in den letzten Jahren. Es ist haupts\u00e4chlich rot, kombiniert mit gr\u00fcnen und schwarzen Applikationen, dazu kommt ein helles Beige f\u00fcr den Sowoosh, sowie die Namen und Nummern. Offiziell lauten die Farben \u201eUniversity Red\/Pine Green\/Sail\u201c.Verwendet f\u00fcr das Trikot [&hellip;]<\/p>","protected":false},"featured_media":18134,"comment_status":"open","ping_status":"closed","template":"","meta":[],"product_brand":[],"product_cat":[1094,1072],"product_tag":[20,1076,1077,21,22,23,24,1095],"class_list":{"0":"post-18094","1":"product","2":"type-product","3":"status-publish","4":"has-post-thumbnail","6":"product_cat-em-2024-portugal","7":"product_cat-em-2024-trikots","8":"product_tag-coole-fussballtrikots","9":"product_tag-em-2024-trikot","10":"product_tag-em-2024-trikot-herren","11":"product_tag-fussballtrikot-fuer-herren","12":"product_tag-fussballtrikot-guenstig-kaufen","13":"product_tag-fussballtrikot-kurzarm","14":"product_tag-guenstiges-fussballtrikot","15":"product_tag-portugal-trikot-em-2024","17":"first","18":"instock","19":"shipping-taxable","20":"purchasable","21":"product-type-variable"},"_links":{"self":[{"href":"https:\/\/www.billigtrikotde.com\/sk\/wp-json\/wp\/v2\/product\/18094","targetHints":{"allow":["GET"]}}],"collection":[{"href":"https:\/\/www.billigtrikotde.com\/sk\/wp-json\/wp\/v2\/product"}],"about":[{"href":"https:\/\/www.billigtrikotde.com\/sk\/wp-json\/wp\/v2\/types\/product"}],"replies":[{"embeddable":true,"href":"https:\/\/www.billigtrikotde.com\/sk\/wp-json\/wp\/v2\/comments?post=18094"}],"wp:featuredmedia":[{"embeddable":true,"href":"https:\/\/www.billigtrikotde.com\/sk\/wp-json\/wp\/v2\/media\/18134"}],"wp:attachment":[{"href":"https:\/\/www.billigtrikotde.com\/sk\/wp-json\/wp\/v2\/media?parent=18094"}],"wp:term":[{"taxonomy":"product_brand","embeddable":true,"href":"https:\/\/www.billigtrikotde.com\/sk\/wp-json\/wp\/v2\/product_brand?post=18094"},{"taxonomy":"product_cat","embeddable":true,"href":"https:\/\/www.billigtrikotde.com\/sk\/wp-json\/wp\/v2\/product_cat?post=18094"},{"taxonomy":"product_tag","embeddable":true,"href":"https:\/\/www.billigtrikotde.com\/sk\/wp-json\/wp\/v2\/product_tag?post=18094"}],"curies":[{"name":"wp","href":"https:\/\/api.w.org\/{rel}","templated":true}]}}