{"id":18066,"date":"2024-10-24T10:14:30","date_gmt":"2024-10-24T08:14:30","guid":{"rendered":"http:\/\/billigtrikots.com\/?post_type=product&#038;p=18066"},"modified":"2024-10-24T10:17:15","modified_gmt":"2024-10-24T08:17:15","slug":"kinder-belgien-euro-2024-heimtrikot-em-24-25-kurzarm-leandro-trossard-9","status":"publish","type":"product","link":"https:\/\/www.billigtrikotde.com\/sk\/kinder-belgien-euro-2024-heimtrikot-em-24-25-kurzarm-leandro-trossard-9\/","title":{"rendered":"Detsk\u00fd dom\u00e1ci dres Belgicko EURO 2024 EM 24-25 Leandro Trossard s kr\u00e1tkym ruk\u00e1vom 9"},"content":{"rendered":"<p>Nov\u00fd dres Belgicka Euro 2024 predstavuje ve\u013ek\u00fa zmenu oproti doteraj\u0161\u00edm dom\u00e1cim dresom t\u00edmu. Namiesto \u017eiariv\u00e9ho \u010derven\u00e9ho je dres Belgicka 2024 hlavne v\u00ednovo \u010derven\u00fd.<\/p>","protected":false},"excerpt":{"rendered":"<p>Nov\u00fd dres Belgicka Euro 2024 predstavuje ve\u013ek\u00fa zmenu oproti doteraj\u0161\u00edm dom\u00e1cim dresom t\u00edmu. Namiesto \u017eiariv\u00e9ho \u010derven\u00e9ho je dres Belgicka 2024 hlavne v\u00ednovo \u010derven\u00fd.<\/p>","protected":false},"featured_media":18111,"comment_status":"open","ping_status":"closed","template":"","meta":[],"product_brand":[],"product_cat":[1083,1072],"product_tag":[1084,20,1076,1077,21,22,23,24,1088],"class_list":{"0":"post-18066","1":"product","2":"type-product","3":"status-publish","4":"has-post-thumbnail","6":"product_cat-em-2024-belgien","7":"product_cat-em-2024-trikots","8":"product_tag-belgien-trikot-em-2024","9":"product_tag-coole-fussballtrikots","10":"product_tag-em-2024-trikot","11":"product_tag-em-2024-trikot-herren","12":"product_tag-fussballtrikot-fuer-herren","13":"product_tag-fussballtrikot-guenstig-kaufen","14":"product_tag-fussballtrikot-kurzarm","15":"product_tag-guenstiges-fussballtrikot","16":"product_tag-leandro-trossard-fussballtrikots","18":"first","19":"instock","20":"shipping-taxable","21":"purchasable","22":"product-type-variable"},"_links":{"self":[{"href":"https:\/\/www.billigtrikotde.com\/sk\/wp-json\/wp\/v2\/product\/18066","targetHints":{"allow":["GET"]}}],"collection":[{"href":"https:\/\/www.billigtrikotde.com\/sk\/wp-json\/wp\/v2\/product"}],"about":[{"href":"https:\/\/www.billigtrikotde.com\/sk\/wp-json\/wp\/v2\/types\/product"}],"replies":[{"embeddable":true,"href":"https:\/\/www.billigtrikotde.com\/sk\/wp-json\/wp\/v2\/comments?post=18066"}],"wp:featuredmedia":[{"embeddable":true,"href":"https:\/\/www.billigtrikotde.com\/sk\/wp-json\/wp\/v2\/media\/18111"}],"wp:attachment":[{"href":"https:\/\/www.billigtrikotde.com\/sk\/wp-json\/wp\/v2\/media?parent=18066"}],"wp:term":[{"taxonomy":"product_brand","embeddable":true,"href":"https:\/\/www.billigtrikotde.com\/sk\/wp-json\/wp\/v2\/product_brand?post=18066"},{"taxonomy":"product_cat","embeddable":true,"href":"https:\/\/www.billigtrikotde.com\/sk\/wp-json\/wp\/v2\/product_cat?post=18066"},{"taxonomy":"product_tag","embeddable":true,"href":"https:\/\/www.billigtrikotde.com\/sk\/wp-json\/wp\/v2\/product_tag?post=18066"}],"curies":[{"name":"wp","href":"https:\/\/api.w.org\/{rel}","templated":true}]}}