{"id":17970,"date":"2024-10-24T10:09:45","date_gmt":"2024-10-24T08:09:45","guid":{"rendered":"http:\/\/billigtrikots.com\/?post_type=product&#038;p=17970"},"modified":"2024-10-24T10:12:07","modified_gmt":"2024-10-24T08:12:07","slug":"fussball-trikot-spanien-euro-2024-heimtrikot-em-24-rot-mit-aufdruck-gavi-9","status":"publish","type":"product","link":"https:\/\/www.billigtrikotde.com\/sk\/fussball-trikot-spanien-euro-2024-heimtrikot-em-24-rot-mit-aufdruck-gavi-9\/","title":{"rendered":"Futbalov\u00e9 tri\u010dko \u0160panielsko Euro 2024 Home Shirt EM 24 Red with Print Gavi 9"},"content":{"rendered":"<p>Dres \u0160panielsko 2024 m\u00e1 p\u00fatav\u00fd vzh\u013ead, v\u010faka ktor\u00e9mu vynikne \u0161abl\u00f3na 2024. Kombin\u00e1cia s\u00fdto\u010dervenej farby so s\u00fdto\u017eltou na v\u0161etk\u00fdch log\u00e1ch a aplik\u00e1ci\u00e1ch je ve\u013emi decentn\u00e1, ale dres \u0160panielsko 2024 m\u00e1 v dizajne zakomponovan\u00fd vzor vlny\/piesok.<\/p>\n<p>Tipy na tla\u010d: Ak s\u00fa meno a \u010d\u00edslo na obr\u00e1zku presne tak\u00e9, ak\u00e9 chcete, nemus\u00edte ich zad\u00e1va\u0165 znova. Ak nie, mali by ste zada\u0165 po\u017eadovan\u00e9 meno a \u010d\u00edslo.<\/p>\n<p>Tipy na pranie: Odpor\u00fa\u010dame pra\u0165 futbalov\u00e9 tri\u010dk\u00e1 v ruke. Ak chcete pou\u017ei\u0165 pr\u00e1\u010dku, nezabudnite futbalov\u00e9 tri\u010dk\u00e1 oto\u010di\u0165 naruby a potom ich vypra\u0165. Napl\u0148te pr\u00e1\u010dku studenou vodou a pou\u017eite jemn\u00fd cyklus, aby ste lep\u0161ie ochr\u00e1nili farby.<\/p>","protected":false},"excerpt":{"rendered":"<p>Dres \u0160panielska 2024 m\u00e1 v\u00fdrazn\u00fd vzh\u013ead, ktor\u00fd zvidite\u013en\u00ed 2024 template. Kombinuje s\u00fdtu \u010derven\u00fa so s\u00fdto \u017eltou pre v\u0161etky log\u00e1 a aplik\u00e1cie. Je ve\u013emi decentn\u00fd, ale dres \u0160panielska 2024 m\u00e1 vlnit\u00fd\/pies\u010dit\u00fd vzor zapracovan\u00fd do dizajnu. Tipy na tla\u010d: Ak sa meno a \u010d\u00edslo [\u2026]<\/p>","protected":false},"featured_media":18013,"comment_status":"open","ping_status":"closed","template":"","meta":[],"product_brand":[],"product_cat":[1079,1072],"product_tag":[20,1076,1077,22,426,24,1080],"class_list":{"0":"post-17970","1":"product","2":"type-product","3":"status-publish","4":"has-post-thumbnail","6":"product_cat-em-2024-spanien","7":"product_cat-em-2024-trikots","8":"product_tag-coole-fussballtrikots","9":"product_tag-em-2024-trikot","10":"product_tag-em-2024-trikot-herren","11":"product_tag-fussballtrikot-guenstig-kaufen","12":"product_tag-fussballtrikots-kurzarm","13":"product_tag-guenstiges-fussballtrikot","14":"product_tag-spanien-trikot-em-2024","16":"first","17":"instock","18":"shipping-taxable","19":"purchasable","20":"product-type-variable"},"_links":{"self":[{"href":"https:\/\/www.billigtrikotde.com\/sk\/wp-json\/wp\/v2\/product\/17970","targetHints":{"allow":["GET"]}}],"collection":[{"href":"https:\/\/www.billigtrikotde.com\/sk\/wp-json\/wp\/v2\/product"}],"about":[{"href":"https:\/\/www.billigtrikotde.com\/sk\/wp-json\/wp\/v2\/types\/product"}],"replies":[{"embeddable":true,"href":"https:\/\/www.billigtrikotde.com\/sk\/wp-json\/wp\/v2\/comments?post=17970"}],"wp:featuredmedia":[{"embeddable":true,"href":"https:\/\/www.billigtrikotde.com\/sk\/wp-json\/wp\/v2\/media\/18013"}],"wp:attachment":[{"href":"https:\/\/www.billigtrikotde.com\/sk\/wp-json\/wp\/v2\/media?parent=17970"}],"wp:term":[{"taxonomy":"product_brand","embeddable":true,"href":"https:\/\/www.billigtrikotde.com\/sk\/wp-json\/wp\/v2\/product_brand?post=17970"},{"taxonomy":"product_cat","embeddable":true,"href":"https:\/\/www.billigtrikotde.com\/sk\/wp-json\/wp\/v2\/product_cat?post=17970"},{"taxonomy":"product_tag","embeddable":true,"href":"https:\/\/www.billigtrikotde.com\/sk\/wp-json\/wp\/v2\/product_tag?post=17970"}],"curies":[{"name":"wp","href":"https:\/\/api.w.org\/{rel}","templated":true}]}}