{"id":17938,"date":"2024-10-24T10:08:04","date_gmt":"2024-10-24T08:08:04","guid":{"rendered":"http:\/\/billigtrikots.com\/?post_type=product&#038;p=17938"},"modified":"2024-10-24T10:10:17","modified_gmt":"2024-10-24T08:10:17","slug":"spanien-trikot-euro-2024-auswaertstrikot-em-24-hellgelben-kurzarm-alvaro-morata-7","status":"publish","type":"product","link":"https:\/\/www.billigtrikotde.com\/sk\/spanien-trikot-euro-2024-auswaertstrikot-em-24-hellgelben-kurzarm-alvaro-morata-7\/","title":{"rendered":"\u0160panielsko Euro 2024 kit EM 24 light yellow short sleeve Alvaro Morata 7"},"content":{"rendered":"<p>\u0160panielske vonkaj\u0161ie dresy pre rok 2024 maj\u00fa svie\u017eu a n\u00e1padn\u00fa farebn\u00fa kombin\u00e1ciu. Je to predov\u0161etk\u00fdm bled\u00e1 ne\u00f3nov\u00e1 \u017elt\u00e1, mo\u017eno in\u0161pirovan\u00e1 pieso\u010dnat\u00fdmi pres\u00fdpacimi dunami krajiny. Ofici\u00e1lny n\u00e1zov farby vonkaj\u0161ieho dresa \u0160panielska pre rok 2024 znie \u201ePulse Yellow\u201c. Jedine\u010dn\u00fdm prvkom vonkaj\u0161ieho dresa \u0160panielska na Euro 2024 s\u00fa panely \u2013 svetlomodr\u00e9 panely s\u00fa doplnen\u00e9 ilustr\u00e1ciou pieso\u010dnat\u00fdch pres\u00fdpac\u00edch d\u00fan.<\/p>\n<p>Tipy na tla\u010d: Ak s\u00fa meno a \u010d\u00edslo na obr\u00e1zku presne tak\u00e9, ak\u00e9 chcete, nemus\u00edte ich zad\u00e1va\u0165 znova. Ak nie, mali by ste zada\u0165 po\u017eadovan\u00e9 meno a \u010d\u00edslo.<\/p>\n<p>Tipy na pranie: Odpor\u00fa\u010dame pra\u0165 futbalov\u00e9 tri\u010dk\u00e1 v ruke. Ak chcete pou\u017ei\u0165 pr\u00e1\u010dku, nezabudnite futbalov\u00e9 tri\u010dk\u00e1 oto\u010di\u0165 naruby a potom ich vypra\u0165. Napl\u0148te pr\u00e1\u010dku studenou vodou a pou\u017eite jemn\u00fd cyklus, aby ste lep\u0161ie ochr\u00e1nili farby.<\/p>","protected":false},"excerpt":{"rendered":"<p>\u0160panielske vonkaj\u0161ie dresy pre rok 2024 maj\u00fa svie\u017eu a n\u00e1padn\u00fa farebn\u00fa kombin\u00e1ciu. Je to predov\u0161etk\u00fdm bled\u00e1 ne\u00f3nov\u00e1 \u017elt\u00e1, mo\u017eno in\u0161pirovan\u00e1 pieso\u010dnat\u00fdmi pres\u00fdpacimi dunami krajiny. Ofici\u00e1lny n\u00e1zov farby vonkaj\u0161ieho dresa \u0160panielska pre rok 2024 znie \u201ePulse Yellow\u201c. Jedine\u010dn\u00fdm prvkom vonkaj\u0161ieho dresa \u0160panielska na Euro 2024 s\u00fa panely \u2013 svetlomodr\u00e9 panely s\u00fa doplnen\u00e9 ilustr\u00e1ciou pieso\u010dnat\u00fdch pres\u00fdpac\u00edch d\u00fan.<\/p>","protected":false},"featured_media":17978,"comment_status":"open","ping_status":"closed","template":"","meta":[],"product_brand":[],"product_cat":[1079,1072],"product_tag":[20,1076,1077,22,426,24,1080],"class_list":{"0":"post-17938","1":"product","2":"type-product","3":"status-publish","4":"has-post-thumbnail","6":"product_cat-em-2024-spanien","7":"product_cat-em-2024-trikots","8":"product_tag-coole-fussballtrikots","9":"product_tag-em-2024-trikot","10":"product_tag-em-2024-trikot-herren","11":"product_tag-fussballtrikot-guenstig-kaufen","12":"product_tag-fussballtrikots-kurzarm","13":"product_tag-guenstiges-fussballtrikot","14":"product_tag-spanien-trikot-em-2024","16":"first","17":"instock","18":"shipping-taxable","19":"purchasable","20":"product-type-variable"},"_links":{"self":[{"href":"https:\/\/www.billigtrikotde.com\/sk\/wp-json\/wp\/v2\/product\/17938","targetHints":{"allow":["GET"]}}],"collection":[{"href":"https:\/\/www.billigtrikotde.com\/sk\/wp-json\/wp\/v2\/product"}],"about":[{"href":"https:\/\/www.billigtrikotde.com\/sk\/wp-json\/wp\/v2\/types\/product"}],"replies":[{"embeddable":true,"href":"https:\/\/www.billigtrikotde.com\/sk\/wp-json\/wp\/v2\/comments?post=17938"}],"wp:featuredmedia":[{"embeddable":true,"href":"https:\/\/www.billigtrikotde.com\/sk\/wp-json\/wp\/v2\/media\/17978"}],"wp:attachment":[{"href":"https:\/\/www.billigtrikotde.com\/sk\/wp-json\/wp\/v2\/media?parent=17938"}],"wp:term":[{"taxonomy":"product_brand","embeddable":true,"href":"https:\/\/www.billigtrikotde.com\/sk\/wp-json\/wp\/v2\/product_brand?post=17938"},{"taxonomy":"product_cat","embeddable":true,"href":"https:\/\/www.billigtrikotde.com\/sk\/wp-json\/wp\/v2\/product_cat?post=17938"},{"taxonomy":"product_tag","embeddable":true,"href":"https:\/\/www.billigtrikotde.com\/sk\/wp-json\/wp\/v2\/product_tag?post=17938"}],"curies":[{"name":"wp","href":"https:\/\/api.w.org\/{rel}","templated":true}]}}