{"id":1792,"date":"2024-10-23T13:46:10","date_gmt":"2024-10-23T11:46:10","guid":{"rendered":"http:\/\/billigtrikots.com\/?post_type=product&#038;p=1792"},"modified":"2024-10-23T13:47:44","modified_gmt":"2024-10-23T11:47:44","slug":"trikotsatz-bvb-borussia-dortmund-heimtrikot-2022-gelb-schwarz-langarm-piszczek-26","status":"publish","type":"product","link":"https:\/\/www.billigtrikotde.com\/sk\/trikotsatz-bvb-borussia-dortmund-heimtrikot-2022-gelb-schwarz-langarm-piszczek-26\/","title":{"rendered":"BVB Borussia Dortmund dom\u00e1ca s\u00faprava 2022 \u017elto-\u010dierna s dlh\u00fdm ruk\u00e1vom Piszczek 26"},"content":{"rendered":"<p>Ofici\u00e1lne logo Borussia Dortmund 09 zdob\u00ed \u013eav\u00fa stranu hrude tohto dom\u00e1ceho dresu s v\u00fdstrihom do V. Tento dres je navrhnut\u00fd pre pohodlie a je vybaven\u00fd technol\u00f3giou PUMA dryCELL, ktor\u00e1 odv\u00e1dza vlhkos\u0165 od tela. Preto\u017ee trochu potu (alebo ve\u013ea) by v\u00e1m nemalo st\u00e1\u0165 v ceste pri hre.<\/p>\n<p>Tento v\u00fdrobok obsahuje recyklovan\u00fd materi\u00e1l: Vyroben\u00fd z recyklovan\u00fdch vl\u00e1kien. Iniciat\u00edva PUMA na zn\u00ed\u017eenie negat\u00edvneho vplyvu na \u017eivotn\u00e9 prostredie.<\/p>\n<p>Tipy na tla\u010d: Ak s\u00fa meno a \u010d\u00edslo na obr\u00e1zku presne tak\u00e9, ak\u00e9 chcete, nemus\u00edte ich zad\u00e1va\u0165 znova. Ak nie, mali by ste zada\u0165 po\u017eadovan\u00e9 meno a \u010d\u00edslo.<\/p>\n<p>Tipy na pranie: Odpor\u00fa\u010dame pra\u0165 futbalov\u00e9 tri\u010dk\u00e1 v ruke. Ak chcete pou\u017ei\u0165 pr\u00e1\u010dku, nezabudnite futbalov\u00e9 tri\u010dk\u00e1 oto\u010di\u0165 naruby a potom ich vypra\u0165. Napl\u0148te pr\u00e1\u010dku studenou vodou a pou\u017eite jemn\u00fd cyklus, aby ste lep\u0161ie ochr\u00e1nili farby.<\/p>","protected":false},"excerpt":{"rendered":"<p>Das offizielle Borussia Dortmund 09-Logo ziert die linke Brustseite dieses Heimtrikots mit V-Ausschnitt. Dieses Trikot ist ganz auf Tragekomfort ausgelegt und \u00fcberzeugt mit PUMAs dryCELL-Technologie, die Feuchtigkeit von deinem K\u00f6rper wegtransportiert. Denn ein wenig Schwei\u00df (oder auch eine Menge) sollte deinem Spiel nicht im Wege stehen. Dieses Produkt enth\u00e4lt Recyclingmaterial: Hergestellt aus wiederverwendeten Fasern. Eine [&hellip;]<\/p>","protected":false},"featured_media":1824,"comment_status":"open","ping_status":"closed","template":"","meta":[],"product_brand":[],"product_cat":[63],"product_tag":[20,65,66,38,21,22,24],"class_list":{"0":"post-1792","1":"product","2":"type-product","3":"status-publish","4":"has-post-thumbnail","6":"product_cat-borussia-dortmund","7":"product_tag-coole-fussballtrikots","8":"product_tag-borussia-dortmund-trikots","9":"product_tag-bvb-trikots","10":"product_tag-fussball-trikot-langarm","11":"product_tag-fussballtrikot-fuer-herren","12":"product_tag-fussballtrikot-guenstig-kaufen","13":"product_tag-guenstiges-fussballtrikot","15":"first","16":"instock","17":"shipping-taxable","18":"purchasable","19":"product-type-variable"},"_links":{"self":[{"href":"https:\/\/www.billigtrikotde.com\/sk\/wp-json\/wp\/v2\/product\/1792","targetHints":{"allow":["GET"]}}],"collection":[{"href":"https:\/\/www.billigtrikotde.com\/sk\/wp-json\/wp\/v2\/product"}],"about":[{"href":"https:\/\/www.billigtrikotde.com\/sk\/wp-json\/wp\/v2\/types\/product"}],"replies":[{"embeddable":true,"href":"https:\/\/www.billigtrikotde.com\/sk\/wp-json\/wp\/v2\/comments?post=1792"}],"wp:featuredmedia":[{"embeddable":true,"href":"https:\/\/www.billigtrikotde.com\/sk\/wp-json\/wp\/v2\/media\/1824"}],"wp:attachment":[{"href":"https:\/\/www.billigtrikotde.com\/sk\/wp-json\/wp\/v2\/media?parent=1792"}],"wp:term":[{"taxonomy":"product_brand","embeddable":true,"href":"https:\/\/www.billigtrikotde.com\/sk\/wp-json\/wp\/v2\/product_brand?post=1792"},{"taxonomy":"product_cat","embeddable":true,"href":"https:\/\/www.billigtrikotde.com\/sk\/wp-json\/wp\/v2\/product_cat?post=1792"},{"taxonomy":"product_tag","embeddable":true,"href":"https:\/\/www.billigtrikotde.com\/sk\/wp-json\/wp\/v2\/product_tag?post=1792"}],"curies":[{"name":"wp","href":"https:\/\/api.w.org\/{rel}","templated":true}]}}