{"id":17914,"date":"2024-10-24T10:06:50","date_gmt":"2024-10-24T08:06:50","guid":{"rendered":"http:\/\/billigtrikots.com\/?post_type=product&#038;p=17914"},"modified":"2024-10-24T10:09:04","modified_gmt":"2024-10-24T08:09:04","slug":"deutschland-trikot-kinder-dfb-em-2024-heimtrikot-euro-24-weiss-shirt-set-antonio-rudiger-2","status":"publish","type":"product","link":"https:\/\/www.billigtrikotde.com\/sk\/deutschland-trikot-kinder-dfb-em-2024-heimtrikot-euro-24-weiss-shirt-set-antonio-rudiger-2\/","title":{"rendered":"Nemecko Ko\u0161e\u013ea Kids DFB EM 2024 Dom\u00e1ce ko\u0161e\u013ea Euro 24 biela Ko\u0161e\u013ea Set Antonio Rudiger 2"},"content":{"rendered":"<p>Prv\u00e9 \u00faniky dresov zobrazuj\u00fa dres Nemecka na Euro 2024 op\u00e4\u0165 v tradi\u010dn\u00fdch farb\u00e1ch bielej a \u010diernej s bielymi \u0161ortkami a pono\u017ekami. Pre dresy Nemecka s\u00fa v\u017edy vytvoren\u00e9 jedine\u010dn\u00e9 vzory, tentoraz in\u0161pirovan\u00e9 dresmi DFB z majstrovstiev sveta 1994 s diamantmi v \u010diernej, \u010dervenej a zlatej farbe, a dom\u00e1ce dresy Nemecka na Euro 2024 s\u00fa vybaven\u00e9 mal\u00fdm pekn\u00fdm skryt\u00fdm detailom. Na vn\u00fatornej strane goliera je mot\u00edv vlajky, ktor\u00fd je vidie\u0165 aj na ruk\u00e1voch. dresy Nemecko 2024 maj\u00fa modern\u00fd a v\u00fdnimo\u010dn\u00fd dizajn. Je samozrejme preva\u017ene biely, \u010do je e\u0161te zauj\u00edmavej\u0161ie, a na ruk\u00e1voch je trojfarebn\u00fd gradient nemeckej vlajky, nad ktor\u00fdm s\u00fa tri biele pruhy a efekt in\u0161pirovan\u00fd majstrovstvami sveta 1994. Na prednej strane dom\u00e1ceho dresu Nemecko Euro 2024 je vzor pozost\u00e1vaj\u00faci z loga DFB. Tento vzor je tie\u017e in\u0161pirovan\u00fd dresom z majstrovstiev sveta 1994.<\/p>\n<p>Tipy na tla\u010d: Ak s\u00fa meno a \u010d\u00edslo na obr\u00e1zku presne tak\u00e9, ak\u00e9 chcete, nemus\u00edte ich zad\u00e1va\u0165 znova. Ak nie, mali by ste zada\u0165 po\u017eadovan\u00e9 meno a \u010d\u00edslo.<\/p>\n<p>Tipy na pranie: Odpor\u00fa\u010dame pra\u0165 futbalov\u00e9 tri\u010dk\u00e1 v ruke. Ak chcete pou\u017ei\u0165 pr\u00e1\u010dku, nezabudnite futbalov\u00e9 tri\u010dk\u00e1 oto\u010di\u0165 naruby a potom ich vypra\u0165. Napl\u0148te pr\u00e1\u010dku studenou vodou a pou\u017eite jemn\u00fd cyklus, aby ste lep\u0161ie ochr\u00e1nili farby.<\/p>","protected":false},"excerpt":{"rendered":"<p>Die ersten Trikot Leaks zeigen das Deutschland EM Trikot 2024 wieder in traditionellen Farben Wei\u00df und Schwarz, mit wei\u00dfer Hose und Stutzen. F\u00fcr die Deutschland Trikots werden immer einzigartige Designs entworfen, dieses Mal orientiert sich man an den DFB Trikots der WM 1994 mit den Rauten in schwarz-rot-gold.Die Deutschland Euro 2024 Heimtrikots kommt mit einem [&hellip;]<\/p>","protected":false},"featured_media":17954,"comment_status":"open","ping_status":"closed","template":"","meta":[],"product_brand":[],"product_cat":[1073,1072],"product_tag":[20,1074,1075,1076,1078,22,396,24],"class_list":{"0":"post-17914","1":"product","2":"type-product","3":"status-publish","4":"has-post-thumbnail","6":"product_cat-em-2024-deutschland","7":"product_cat-em-2024-trikots","8":"product_tag-coole-fussballtrikots","9":"product_tag-deutschland-trikot-em-2024","10":"product_tag-dfb-em-trikots-2024","11":"product_tag-em-2024-trikot","12":"product_tag-em-2024-trikot-kinder","13":"product_tag-fussballtrikot-guenstig-kaufen","14":"product_tag-fussballtrikots-langarm","15":"product_tag-guenstiges-fussballtrikot","17":"first","18":"instock","19":"shipping-taxable","20":"purchasable","21":"product-type-variable"},"_links":{"self":[{"href":"https:\/\/www.billigtrikotde.com\/sk\/wp-json\/wp\/v2\/product\/17914","targetHints":{"allow":["GET"]}}],"collection":[{"href":"https:\/\/www.billigtrikotde.com\/sk\/wp-json\/wp\/v2\/product"}],"about":[{"href":"https:\/\/www.billigtrikotde.com\/sk\/wp-json\/wp\/v2\/types\/product"}],"replies":[{"embeddable":true,"href":"https:\/\/www.billigtrikotde.com\/sk\/wp-json\/wp\/v2\/comments?post=17914"}],"wp:featuredmedia":[{"embeddable":true,"href":"https:\/\/www.billigtrikotde.com\/sk\/wp-json\/wp\/v2\/media\/17954"}],"wp:attachment":[{"href":"https:\/\/www.billigtrikotde.com\/sk\/wp-json\/wp\/v2\/media?parent=17914"}],"wp:term":[{"taxonomy":"product_brand","embeddable":true,"href":"https:\/\/www.billigtrikotde.com\/sk\/wp-json\/wp\/v2\/product_brand?post=17914"},{"taxonomy":"product_cat","embeddable":true,"href":"https:\/\/www.billigtrikotde.com\/sk\/wp-json\/wp\/v2\/product_cat?post=17914"},{"taxonomy":"product_tag","embeddable":true,"href":"https:\/\/www.billigtrikotde.com\/sk\/wp-json\/wp\/v2\/product_tag?post=17914"}],"curies":[{"name":"wp","href":"https:\/\/api.w.org\/{rel}","templated":true}]}}