{"id":17888,"date":"2024-10-24T10:05:14","date_gmt":"2024-10-24T08:05:14","guid":{"rendered":"http:\/\/billigtrikots.com\/?post_type=product&#038;p=17888"},"modified":"2024-10-24T10:07:55","modified_gmt":"2024-10-24T08:07:55","slug":"herren-dfb-deutschland-em-2024-heimtrikot-euro-24-weiss-langarm-kai-havertz-7","status":"publish","type":"product","link":"https:\/\/www.billigtrikotde.com\/sk\/herren-dfb-deutschland-em-2024-heimtrikot-euro-24-weiss-langarm-kai-havertz-7\/","title":{"rendered":"P\u00e1nsky dres DFB Germany EM 2024 Home Jersey Euro 24 white s dlh\u00fdm ruk\u00e1vom Kai Havertz 7"},"content":{"rendered":"<p>Dom\u00e1ci dres Nemecka pre Euro 2024 je vybaven\u00fd mal\u00fdm skryt\u00fdm detailom. Na vn\u00fatornej strane goliera sa nach\u00e1dza mot\u00edv vlajky, ktor\u00fd mo\u017eno vidie\u0165 aj na ruk\u00e1voch. dres Nemecko 2024 m\u00e1 modern\u00fd a v\u00fdnimo\u010dn\u00fd dizajn. Je samozrejme preva\u017ene biely, \u010do je e\u0161te zauj\u00edmavej\u0161ie, a na ruk\u00e1voch je trojfarebn\u00fd gradient nemeckej vlajky s bielymi tromi pruhmi na vrchu a efektom in\u0161pirovan\u00fdm majstrovstvami sveta 1994. Predn\u00e1 strana dom\u00e1ceho dresu Nemecko Euro 2024 m\u00e1 vzor pozost\u00e1vaj\u00faci z loga DFB. Tento vzor je tie\u017e in\u0161pirovan\u00fd dresom z majstrovstiev sveta 1994.<\/p>\n<p>Tipy na tla\u010d: Ak s\u00fa meno a \u010d\u00edslo na obr\u00e1zku presne tak\u00e9, ak\u00e9 chcete, nemus\u00edte ich zad\u00e1va\u0165 znova. Ak nie, mali by ste zada\u0165 po\u017eadovan\u00e9 meno a \u010d\u00edslo.<\/p>\n<p>Tipy na pranie: Odpor\u00fa\u010dame pra\u0165 futbalov\u00e9 tri\u010dk\u00e1 v ruke. Ak chcete pou\u017ei\u0165 pr\u00e1\u010dku, nezabudnite futbalov\u00e9 tri\u010dk\u00e1 oto\u010di\u0165 naruby a potom ich vypra\u0165. Napl\u0148te pr\u00e1\u010dku studenou vodou a pou\u017eite jemn\u00fd cyklus, aby ste lep\u0161ie ochr\u00e1nili farby.<\/p>","protected":false},"excerpt":{"rendered":"<p>Die Deutschland Euro 2024 Heimtrikots kommt mit einem netten, kleinen, versteckten Detail. Auf der Innenseite des Kragens befindet sich das Flaggenmotiv, das auch auf den \u00c4rmeln zu sehen ist.Das Deutschland 2024 Trikot hat ein modernes und herausragendes Design. Es ist nat\u00fcrlich haupts\u00e4chlich wei\u00df,was noch interessanter ist.Die \u00c4rmel haben den dreifarbigen Farbverlauf der deutschen Flagge, mit [&hellip;]<\/p>","protected":false},"featured_media":17932,"comment_status":"open","ping_status":"closed","template":"","meta":[],"product_brand":[],"product_cat":[1073,1072],"product_tag":[20,1074,1075,1076,1077,21,22,396,24],"class_list":{"0":"post-17888","1":"product","2":"type-product","3":"status-publish","4":"has-post-thumbnail","6":"product_cat-em-2024-deutschland","7":"product_cat-em-2024-trikots","8":"product_tag-coole-fussballtrikots","9":"product_tag-deutschland-trikot-em-2024","10":"product_tag-dfb-em-trikots-2024","11":"product_tag-em-2024-trikot","12":"product_tag-em-2024-trikot-herren","13":"product_tag-fussballtrikot-fuer-herren","14":"product_tag-fussballtrikot-guenstig-kaufen","15":"product_tag-fussballtrikots-langarm","16":"product_tag-guenstiges-fussballtrikot","18":"first","19":"instock","20":"shipping-taxable","21":"purchasable","22":"product-type-variable"},"_links":{"self":[{"href":"https:\/\/www.billigtrikotde.com\/sk\/wp-json\/wp\/v2\/product\/17888","targetHints":{"allow":["GET"]}}],"collection":[{"href":"https:\/\/www.billigtrikotde.com\/sk\/wp-json\/wp\/v2\/product"}],"about":[{"href":"https:\/\/www.billigtrikotde.com\/sk\/wp-json\/wp\/v2\/types\/product"}],"replies":[{"embeddable":true,"href":"https:\/\/www.billigtrikotde.com\/sk\/wp-json\/wp\/v2\/comments?post=17888"}],"wp:featuredmedia":[{"embeddable":true,"href":"https:\/\/www.billigtrikotde.com\/sk\/wp-json\/wp\/v2\/media\/17932"}],"wp:attachment":[{"href":"https:\/\/www.billigtrikotde.com\/sk\/wp-json\/wp\/v2\/media?parent=17888"}],"wp:term":[{"taxonomy":"product_brand","embeddable":true,"href":"https:\/\/www.billigtrikotde.com\/sk\/wp-json\/wp\/v2\/product_brand?post=17888"},{"taxonomy":"product_cat","embeddable":true,"href":"https:\/\/www.billigtrikotde.com\/sk\/wp-json\/wp\/v2\/product_cat?post=17888"},{"taxonomy":"product_tag","embeddable":true,"href":"https:\/\/www.billigtrikotde.com\/sk\/wp-json\/wp\/v2\/product_tag?post=17888"}],"curies":[{"name":"wp","href":"https:\/\/api.w.org\/{rel}","templated":true}]}}