{"id":17812,"date":"2024-10-24T10:01:21","date_gmt":"2024-10-24T08:01:21","guid":{"rendered":"http:\/\/billigtrikots.com\/?post_type=product&#038;p=17812"},"modified":"2024-10-24T10:03:59","modified_gmt":"2024-10-24T08:03:59","slug":"herren-dfb-deutschland-em-2024-auswaertstrikot-euro-24-thomas-muller-13","status":"publish","type":"product","link":"https:\/\/www.billigtrikotde.com\/sk\/herren-dfb-deutschland-em-2024-auswaertstrikot-euro-24-thomas-muller-13\/","title":{"rendered":"P\u00e1nsky dres DFB Germany EM 2024 Away Euro 24 Thomas Muller 13"},"content":{"rendered":"<p>M\u00f4\u017eeme zverejni\u0165 vonkaj\u0161ie dresy Euro 2024 pre Nemecko, ktor\u00e9 potvrdzuj\u00fa n\u00e1\u0161 \u00fanik. M\u00e1 niektor\u00e9 podobnosti s tret\u00edm dresom AC Mil\u00e1no 23-24. Vonkaj\u0161\u00ed dres DFB Euro 2024 m\u00e1 odv\u00e1\u017enu a nov\u00fa farebn\u00fa kombin\u00e1ciu pre nemeck\u00fd n\u00e1rodn\u00fd t\u00edm. Dres DFB 2024 kombinuje ru\u017eov\u00fa a fialov\u00fa.<\/p>\n<p>Tipy na tla\u010d: Ak s\u00fa meno a \u010d\u00edslo na obr\u00e1zku presne tak\u00e9, ak\u00e9 chcete, nemus\u00edte ich zad\u00e1va\u0165 znova. Ak nie, mali by ste zada\u0165 po\u017eadovan\u00e9 meno a \u010d\u00edslo.<\/p>\n<p>Tipy na pranie: Odpor\u00fa\u010dame pra\u0165 futbalov\u00e9 tri\u010dk\u00e1 v ruke. Ak chcete pou\u017ei\u0165 pr\u00e1\u010dku, nezabudnite futbalov\u00e9 tri\u010dk\u00e1 oto\u010di\u0165 naruby a potom ich vypra\u0165. Napl\u0148te pr\u00e1\u010dku studenou vodou a pou\u017eite jemn\u00fd cyklus, aby ste lep\u0161ie ochr\u00e1nili farby.<\/p>","protected":false},"excerpt":{"rendered":"<p>Wir k\u00f6nnen Deutschland Euro 2024 Ausw\u00e4rtstrikots ver\u00f6ffentlichen, die unseren Leak best\u00e4tigen.Es hat einige \u00c4hnlichkeiten mit dem dritten Trikot des AC Mailand 23-24.Das DFB Euro 2024 Ausw\u00e4rtstrikot hat eine mutige und neue Farbkombination f\u00fcr die deutsche Nationalmannschaft. Das DFB 2024 Ausw\u00e4rtstrikot kombiniert Pink und Lila. Tipps zum Drucken: Wenn der Name und die Nummer auf dem [&hellip;]<\/p>","protected":false},"featured_media":17855,"comment_status":"open","ping_status":"closed","template":"","meta":[],"product_brand":[],"product_cat":[1073,1072],"product_tag":[20,1074,1075,1076,1077,21,22,23,24],"class_list":{"0":"post-17812","1":"product","2":"type-product","3":"status-publish","4":"has-post-thumbnail","6":"product_cat-em-2024-deutschland","7":"product_cat-em-2024-trikots","8":"product_tag-coole-fussballtrikots","9":"product_tag-deutschland-trikot-em-2024","10":"product_tag-dfb-em-trikots-2024","11":"product_tag-em-2024-trikot","12":"product_tag-em-2024-trikot-herren","13":"product_tag-fussballtrikot-fuer-herren","14":"product_tag-fussballtrikot-guenstig-kaufen","15":"product_tag-fussballtrikot-kurzarm","16":"product_tag-guenstiges-fussballtrikot","18":"first","19":"instock","20":"shipping-taxable","21":"purchasable","22":"product-type-variable"},"_links":{"self":[{"href":"https:\/\/www.billigtrikotde.com\/sk\/wp-json\/wp\/v2\/product\/17812","targetHints":{"allow":["GET"]}}],"collection":[{"href":"https:\/\/www.billigtrikotde.com\/sk\/wp-json\/wp\/v2\/product"}],"about":[{"href":"https:\/\/www.billigtrikotde.com\/sk\/wp-json\/wp\/v2\/types\/product"}],"replies":[{"embeddable":true,"href":"https:\/\/www.billigtrikotde.com\/sk\/wp-json\/wp\/v2\/comments?post=17812"}],"wp:featuredmedia":[{"embeddable":true,"href":"https:\/\/www.billigtrikotde.com\/sk\/wp-json\/wp\/v2\/media\/17855"}],"wp:attachment":[{"href":"https:\/\/www.billigtrikotde.com\/sk\/wp-json\/wp\/v2\/media?parent=17812"}],"wp:term":[{"taxonomy":"product_brand","embeddable":true,"href":"https:\/\/www.billigtrikotde.com\/sk\/wp-json\/wp\/v2\/product_brand?post=17812"},{"taxonomy":"product_cat","embeddable":true,"href":"https:\/\/www.billigtrikotde.com\/sk\/wp-json\/wp\/v2\/product_cat?post=17812"},{"taxonomy":"product_tag","embeddable":true,"href":"https:\/\/www.billigtrikotde.com\/sk\/wp-json\/wp\/v2\/product_tag?post=17812"}],"curies":[{"name":"wp","href":"https:\/\/api.w.org\/{rel}","templated":true}]}}