{"id":17185,"date":"2024-10-24T09:27:11","date_gmt":"2024-10-24T07:27:11","guid":{"rendered":"http:\/\/billigtrikots.com\/?post_type=product&#038;p=17185"},"modified":"2025-10-16T16:02:11","modified_gmt":"2025-10-16T14:02:11","slug":"guenstige-fussballtrikots-herren-real-madrid-2023-24-drittes-trikot-joselu-14","status":"publish","type":"product","link":"https:\/\/www.billigtrikotde.com\/sk\/guenstige-fussballtrikots-herren-real-madrid-2023-24-drittes-trikot-joselu-14\/","title":{"rendered":"Lacn\u00e9 futbalov\u00e9 tri\u010dk\u00e1 Mens Real Madrid 2023-24 Third Jersey Joselu 14"},"content":{"rendered":"<p>Tret\u00ed dres Realu 2023-2024 kombinuje \u010diernu z\u00e1kladn\u00fa farbu so zlato\u017eltou ako druhou farbou. Ide o rovnak\u00fa prevolen\u00fa \u017elt\u00fa farbu, ktor\u00e1 sa pou\u017e\u00edva na dom\u00e1cich a vonkaj\u0161\u00edch dresoch Realu Madrid 2023-2024, a tre\u0165ou farbou dresu Madrid 2023-2024 je \"Carbon\" - pod\u013ea o\u010dak\u00e1vania sa pou\u017e\u00edva na tri pruhy.<\/p>\n<p>\u010eal\u0161ou novinkou tretieho futbalov\u00e9ho dresu Realu Madrid 2023-2024 je, \u017ee bude ma\u0165 \u0161peci\u00e1lnu ed\u00edciu \"Lifestyler\". Verzia Lifestyler tretieho dresu Realu Madrid 2023-24 je bez loga sponzora, s in\u00fdm logom a z in\u00e9ho materi\u00e1lu a strihu.<\/p>\n<p>Tipy na tla\u010d: Ak s\u00fa meno a \u010d\u00edslo na obr\u00e1zku presne tak\u00e9, ak\u00e9 chcete, nemus\u00edte ich zad\u00e1va\u0165 znova. Ak nie, mali by ste zada\u0165 po\u017eadovan\u00e9 meno a \u010d\u00edslo.<\/p>\n<p>Tipy na pranie: Odpor\u00fa\u010dame pra\u0165 futbalov\u00e9 tri\u010dk\u00e1 v ruke. Ak chcete pou\u017ei\u0165 pr\u00e1\u010dku, nezabudnite futbalov\u00e9 tri\u010dk\u00e1 oto\u010di\u0165 naruby a potom ich vypra\u0165. Napl\u0148te pr\u00e1\u010dku studenou vodou a pou\u017eite jemn\u00fd cyklus, aby ste lep\u0161ie ochr\u00e1nili farby.<\/p>","protected":false},"excerpt":{"rendered":"<p>Tret\u00ed dres Realu 2023-2024 kombinuje \u010diernu z\u00e1kladn\u00fa farbu so zlato\u017eltou ako druhou farbou. Ide o rovnak\u00fa prevolen\u00fa \u017elt\u00fa farbu, ktor\u00e1 sa pou\u017e\u00edva na dom\u00e1cich a vonkaj\u0161\u00edch dresoch Realu Madrid 2023-2024, a tre\u0165ou farbou dresu Madrid 2023-2024 je \"Carbon\" - pod\u013ea o\u010dak\u00e1vania sa pou\u017e\u00edva na tri pruhy.<\/p>","protected":false},"featured_media":17228,"comment_status":"open","ping_status":"closed","template":"","meta":[],"product_brand":[],"product_cat":[45],"product_tag":[574,21,23,228,24,489,490,979,47],"class_list":{"0":"post-17185","1":"product","2":"type-product","3":"status-publish","4":"has-post-thumbnail","6":"product_cat-real-madrid","7":"product_tag-fussballtrikot-deutschland","8":"product_tag-fussballtrikot-fuer-herren","9":"product_tag-fussballtrikot-kurzarm","10":"product_tag-guenstige-fussballtrikot","11":"product_tag-guenstiges-fussballtrikot","12":"product_tag-real-madrid-fussballtrikot","13":"product_tag-real-madrid-trikot","14":"product_tag-real-madrid-trikot-2024","15":"product_tag-real-madrid-trikots","17":"first","18":"instock","19":"shipping-taxable","20":"purchasable","21":"product-type-variable"},"_links":{"self":[{"href":"https:\/\/www.billigtrikotde.com\/sk\/wp-json\/wp\/v2\/product\/17185","targetHints":{"allow":["GET"]}}],"collection":[{"href":"https:\/\/www.billigtrikotde.com\/sk\/wp-json\/wp\/v2\/product"}],"about":[{"href":"https:\/\/www.billigtrikotde.com\/sk\/wp-json\/wp\/v2\/types\/product"}],"replies":[{"embeddable":true,"href":"https:\/\/www.billigtrikotde.com\/sk\/wp-json\/wp\/v2\/comments?post=17185"}],"wp:featuredmedia":[{"embeddable":true,"href":"https:\/\/www.billigtrikotde.com\/sk\/wp-json\/wp\/v2\/media\/17228"}],"wp:attachment":[{"href":"https:\/\/www.billigtrikotde.com\/sk\/wp-json\/wp\/v2\/media?parent=17185"}],"wp:term":[{"taxonomy":"product_brand","embeddable":true,"href":"https:\/\/www.billigtrikotde.com\/sk\/wp-json\/wp\/v2\/product_brand?post=17185"},{"taxonomy":"product_cat","embeddable":true,"href":"https:\/\/www.billigtrikotde.com\/sk\/wp-json\/wp\/v2\/product_cat?post=17185"},{"taxonomy":"product_tag","embeddable":true,"href":"https:\/\/www.billigtrikotde.com\/sk\/wp-json\/wp\/v2\/product_tag?post=17185"}],"curies":[{"name":"wp","href":"https:\/\/api.w.org\/{rel}","templated":true}]}}