{"id":1665,"date":"2024-10-23T13:40:14","date_gmt":"2024-10-23T11:40:14","guid":{"rendered":"http:\/\/billigtrikots.com\/?post_type=product&#038;p=1665"},"modified":"2025-06-16T16:04:10","modified_gmt":"2025-06-16T14:04:10","slug":"juventus-turin-torwart-schwarz-langarm-kurze-hosen-anpassbare-name-und-nummer","status":"publish","type":"product","link":"https:\/\/www.billigtrikotde.com\/sk\/juventus-turin-torwart-schwarz-langarm-kurze-hosen-anpassbare-name-und-nummer\/","title":{"rendered":"Juventus Goalkeeper Black Dlh\u00fd ruk\u00e1v + \u0161ortky Prisp\u00f4sobite\u013en\u00e9 meno a \u010d\u00edslo"},"content":{"rendered":"<p>Rozkazujte svojej obrane ako profesion\u00e1li Juve a oble\u010dte si dom\u00e1ci dres adidas Juventus 21\/22 Goalkeeper, ktor\u00fd vych\u00e1dza z dresu, ktor\u00fd nosia profesion\u00e1lni brank\u00e1ri klubu.<\/p>\n<p>Brank\u00e1rsky dres adidas Juventus 21\/22 Home Jersey je vyroben\u00fd z \u013eahkej tkaniny s elastick\u00fdmi bo\u010dn\u00fdmi panelmi a pohybuje sa spolu s tvoj\u00edm telom, aby ti pomohol pri v\u00ed\u0165azn\u00fdch z\u00e1krokoch.<\/p>\n<p>Tipy na tla\u010d: Ak s\u00fa meno a \u010d\u00edslo na obr\u00e1zku presne tak\u00e9, ak\u00e9 chcete, nemus\u00edte ich zad\u00e1va\u0165 znova. Ak nie, mali by ste zada\u0165 po\u017eadovan\u00e9 meno a \u010d\u00edslo.<\/p>\n<p>Tipy na pranie: Odpor\u00fa\u010dame pra\u0165 futbalov\u00e9 tri\u010dk\u00e1 v ruke. Ak chcete pou\u017ei\u0165 pr\u00e1\u010dku, nezabudnite futbalov\u00e9 tri\u010dk\u00e1 oto\u010di\u0165 naruby a potom ich vypra\u0165. Napl\u0148te pr\u00e1\u010dku studenou vodou a pou\u017eite jemn\u00fd cyklus, aby ste lep\u0161ie ochr\u00e1nili farby.<\/p>","protected":false},"excerpt":{"rendered":"<p>Nariadi\u0161 svoju obranu ako Juves prof\u00edci a oble\u010d t\u00fa adidas Juventus 21\/22 dom\u00e1ci brank\u00e1rsky dres, ktor\u00fd je odvoden\u00fd od dresu, ktor\u00fd nosia prof\u00edk brank\u00e1ri klubu. Adidas Juventus 21\/22 dom\u00e1ci brank\u00e1rsky dres je vyroben\u00fd z \u013eahk\u00e9ho materi\u00e1lu s pru\u017en\u00fdmi bo\u010dn\u00fdmi \u010das\u0165ami a pohybuje sa s tvoj\u00edm telom, aby umo\u017enil parady zabezpe\u010duj\u00face v\u00ed\u0165azn\u00e9 okamihy. Tipy na tla\u010d: Ak [\u2026]<\/p>","protected":false},"featured_media":1704,"comment_status":"open","ping_status":"closed","template":"","meta":[],"product_brand":[],"product_cat":[59],"product_tag":[20,38,21,24,62,61],"class_list":{"0":"post-1665","1":"product","2":"type-product","3":"status-publish","4":"has-post-thumbnail","6":"product_cat-juventus","7":"product_tag-coole-fussballtrikots","8":"product_tag-fussball-trikot-langarm","9":"product_tag-fussballtrikot-fuer-herren","10":"product_tag-guenstiges-fussballtrikot","11":"product_tag-juventus-torwarttrikot","12":"product_tag-juventus-trikots","14":"first","15":"instock","16":"shipping-taxable","17":"purchasable","18":"product-type-variable"},"_links":{"self":[{"href":"https:\/\/www.billigtrikotde.com\/sk\/wp-json\/wp\/v2\/product\/1665","targetHints":{"allow":["GET"]}}],"collection":[{"href":"https:\/\/www.billigtrikotde.com\/sk\/wp-json\/wp\/v2\/product"}],"about":[{"href":"https:\/\/www.billigtrikotde.com\/sk\/wp-json\/wp\/v2\/types\/product"}],"replies":[{"embeddable":true,"href":"https:\/\/www.billigtrikotde.com\/sk\/wp-json\/wp\/v2\/comments?post=1665"}],"wp:featuredmedia":[{"embeddable":true,"href":"https:\/\/www.billigtrikotde.com\/sk\/wp-json\/wp\/v2\/media\/1704"}],"wp:attachment":[{"href":"https:\/\/www.billigtrikotde.com\/sk\/wp-json\/wp\/v2\/media?parent=1665"}],"wp:term":[{"taxonomy":"product_brand","embeddable":true,"href":"https:\/\/www.billigtrikotde.com\/sk\/wp-json\/wp\/v2\/product_brand?post=1665"},{"taxonomy":"product_cat","embeddable":true,"href":"https:\/\/www.billigtrikotde.com\/sk\/wp-json\/wp\/v2\/product_cat?post=1665"},{"taxonomy":"product_tag","embeddable":true,"href":"https:\/\/www.billigtrikotde.com\/sk\/wp-json\/wp\/v2\/product_tag?post=1665"}],"curies":[{"name":"wp","href":"https:\/\/api.w.org\/{rel}","templated":true}]}}