{"id":16628,"date":"2024-10-24T08:54:36","date_gmt":"2024-10-24T06:54:36","guid":{"rendered":"http:\/\/billigtrikots.com\/?post_type=product&#038;p=16628"},"modified":"2025-10-16T16:02:16","modified_gmt":"2025-10-16T14:02:16","slug":"kinder-heimtrikot-real-madrid-2023-24-fussballtrikot-trikotsatz-jude-bellingham-5","status":"publish","type":"product","link":"https:\/\/www.billigtrikotde.com\/sk\/kinder-heimtrikot-real-madrid-2023-24-fussballtrikot-trikotsatz-jude-bellingham-5\/","title":{"rendered":"Detsk\u00e9 dom\u00e1ce tri\u010dko Real Madrid 2023-24 Futbalov\u00e9 tri\u010dko Jude Bellingham 5"},"content":{"rendered":"<p>Dom\u00e1ci dres Real Madrid 23-24 m\u00e1 modern\u00fd a jednoduch\u00fd dizajn. Obzvl\u00e1\u0161\u0165 zauj\u00edmav\u00e9 je farebn\u00e9 spracovanie: biela je kombinovan\u00e1 s tmavomodrou (\u201eLegend Ink\u201c) a zlatistou oran\u017eovou. Zlatist\u00e1 oran\u017eov\u00e1 nie je \u00faplne \u017elt\u00e1 ani kovov\u00e9 zlato, ale je niekde medzi t\u00fdm. Tmavomodr\u00e1 a zlatist\u00e1 oran\u017eov\u00e1 s\u00fa rovnak\u00e9 farby, ktor\u00e9 sa pou\u017e\u00edvaj\u00fa aj na hos\u0165ovskom drese 23-24 od Real Madrid.<br \/>\nPo prv\u00fdkr\u00e1t v hist\u00f3rii klubu m\u00e1 dom\u00e1ci dres Real Madrid 23-24 slogan \u201e\u00a1Hala Madrid!\u201c na golieri. Pre golier Adidas kombinuje farby \u201eZlat\u00e1-oran\u017eov\u00e1\u201c, biela a legenda do trojfarebnej trikol\u00f3ry. Aj man\u017eety ruk\u00e1vov s\u00fa v trikol\u00f3re. Ako v\u0161etky ostatn\u00e9 futbalov\u00e9 dresy Adidas 23-24 je aj nov\u00fd dres Real Madrid 23-24 opatren\u00fd nov\u00fdm logom Adidas. Po stran\u00e1ch a na chrbte s\u00fa tmavomodr\u00e9 panely, podobne ako na niektor\u00fdch dresoch Adidas na MS 2022.<\/p>\n<p>Tipy na tla\u010d: Ak s\u00fa meno a \u010d\u00edslo na obr\u00e1zku presne tak\u00e9, ak\u00e9 chcete, nemus\u00edte ich zad\u00e1va\u0165 znova. Ak nie, mali by ste zada\u0165 po\u017eadovan\u00e9 meno a \u010d\u00edslo.<\/p>\n<p>Tipy na pranie: Odpor\u00fa\u010dame pra\u0165 futbalov\u00e9 tri\u010dk\u00e1 v ruke. Ak chcete pou\u017ei\u0165 pr\u00e1\u010dku, nezabudnite futbalov\u00e9 tri\u010dk\u00e1 oto\u010di\u0165 naruby a potom ich vypra\u0165. Napl\u0148te pr\u00e1\u010dku studenou vodou a pou\u017eite jemn\u00fd cyklus, aby ste lep\u0161ie ochr\u00e1nili farby.<\/p>","protected":false},"excerpt":{"rendered":"<p>Das Real Madrid 23-24 Heim trikot hat ein modernes und einfaches Design. Besonders interessant ist die Farbgebung: Wei\u00df wird mit einem dunklen Marineblau (\u201eLegend Ink\u201c) und einem goldfarbenen Orange kombiniert.Das goldige Orange ist weder reines Gelb noch metallisches Gold, sondern liegt irgendwo dazwischen. Marineblau und Goldorange sind die gleichen Farben, die auch f\u00fcr das Ausw\u00e4rtstrikot [&hellip;]<\/p>","protected":false},"featured_media":16667,"comment_status":"open","ping_status":"closed","template":"","meta":[],"product_brand":[],"product_cat":[165],"product_tag":[20,574,21,24,785,786,787,788,94,879,651,880,47,166],"class_list":{"0":"post-16628","1":"product","2":"type-product","3":"status-publish","4":"has-post-thumbnail","6":"product_cat-real-madrid-kindertrikot","7":"product_tag-coole-fussballtrikots","8":"product_tag-fussballtrikot-deutschland","9":"product_tag-fussballtrikot-fuer-herren","10":"product_tag-guenstiges-fussballtrikot","11":"product_tag-jude-bellingham-babykleidung","12":"product_tag-jude-bellingham-fussballtrikot","13":"product_tag-jude-bellingham-kleidung-kinder","14":"product_tag-jude-bellingham-trikot-fuer-kinder","15":"product_tag-kinder-fussball-trikotsatz","16":"product_tag-real-madrid-fussballtrikots-kinder","17":"product_tag-real-madrid-heim-trikot","18":"product_tag-real-madrid-trikot-fuer-kinder","19":"product_tag-real-madrid-trikots","20":"product_tag-real-madrid-trikotsatz-fuer-kinder","22":"first","23":"instock","24":"shipping-taxable","25":"purchasable","26":"product-type-variable"},"_links":{"self":[{"href":"https:\/\/www.billigtrikotde.com\/sk\/wp-json\/wp\/v2\/product\/16628","targetHints":{"allow":["GET"]}}],"collection":[{"href":"https:\/\/www.billigtrikotde.com\/sk\/wp-json\/wp\/v2\/product"}],"about":[{"href":"https:\/\/www.billigtrikotde.com\/sk\/wp-json\/wp\/v2\/types\/product"}],"replies":[{"embeddable":true,"href":"https:\/\/www.billigtrikotde.com\/sk\/wp-json\/wp\/v2\/comments?post=16628"}],"wp:featuredmedia":[{"embeddable":true,"href":"https:\/\/www.billigtrikotde.com\/sk\/wp-json\/wp\/v2\/media\/16667"}],"wp:attachment":[{"href":"https:\/\/www.billigtrikotde.com\/sk\/wp-json\/wp\/v2\/media?parent=16628"}],"wp:term":[{"taxonomy":"product_brand","embeddable":true,"href":"https:\/\/www.billigtrikotde.com\/sk\/wp-json\/wp\/v2\/product_brand?post=16628"},{"taxonomy":"product_cat","embeddable":true,"href":"https:\/\/www.billigtrikotde.com\/sk\/wp-json\/wp\/v2\/product_cat?post=16628"},{"taxonomy":"product_tag","embeddable":true,"href":"https:\/\/www.billigtrikotde.com\/sk\/wp-json\/wp\/v2\/product_tag?post=16628"}],"curies":[{"name":"wp","href":"https:\/\/api.w.org\/{rel}","templated":true}]}}