{"id":16189,"date":"2024-10-24T08:29:11","date_gmt":"2024-10-24T06:29:11","guid":{"rendered":"http:\/\/billigtrikots.com\/?post_type=product&#038;p=16189"},"modified":"2025-05-30T16:14:09","modified_gmt":"2025-05-30T14:14:09","slug":"herren-set-manchester-united-2023-2024-drittes-trikot-mit-aufdruck-eriksen-14","status":"publish","type":"product","link":"https:\/\/www.billigtrikotde.com\/sk\/herren-set-manchester-united-2023-2024-drittes-trikot-mit-aufdruck-eriksen-14\/","title":{"rendered":"P\u00e1nska s\u00faprava Manchester United 2023-2024 tret\u00ed dres s potla\u010dou ERIKSEN 14"},"content":{"rendered":"<p>Tretie tri\u010dko Manchester United 2023-2024 m\u00e1 preva\u017ene kr\u00e9mov\u00fa farbu s \u010derven\u00fdmi akcentmi a zvl\u00e1\u0161tnos\u0165ou tretieho tri\u010dka Manchester United 2023-2024 je, \u017ee klubov\u00fd znak bol nahraden\u00fd ikonick\u00fdm \u010derven\u00fdm diabolsk\u00fdm embl\u00e9mom znaku ManUtd. T\u00e1to ne\u010dakan\u00e1 zmena dod\u00e1va tretiemu dresu Manchester United 23-24 prekvapiv\u00fd a zauj\u00edmav\u00fd prvok.<\/p>\n<p>Tipy na tla\u010d: Ak s\u00fa meno a \u010d\u00edslo na obr\u00e1zku presne tak\u00e9, ak\u00e9 chcete, nemus\u00edte ich zad\u00e1va\u0165 znova. Ak nie, mali by ste zada\u0165 po\u017eadovan\u00e9 meno a \u010d\u00edslo.<\/p>\n<p>Tipy na pranie: Odpor\u00fa\u010dame pra\u0165 futbalov\u00e9 tri\u010dk\u00e1 v ruke. Ak chcete pou\u017ei\u0165 pr\u00e1\u010dku, nezabudnite futbalov\u00e9 tri\u010dk\u00e1 oto\u010di\u0165 naruby a potom ich vypra\u0165. Napl\u0148te pr\u00e1\u010dku studenou vodou a pou\u017eite jemn\u00fd cyklus, aby ste lep\u0161ie ochr\u00e1nili farby.<\/p>","protected":false},"excerpt":{"rendered":"<p>Tret\u00ed dres Manchester United 2023-2024 je preva\u017ene kr\u00e9movej farby s \u010derven\u00fdmi akcentmi. \u0160peci\u00e1lne na tre\u0165om drese Manchester United 2023-2024 je to, \u017ee klubov\u00e1 hlava bola nahraden\u00e1 ikonick\u00fdm \u010derven\u00fdm d\u00e9monov\u00fdm embl\u00e9mom ManUtd-ov\u00e9ho erbu. T\u00e1to neo\u010dak\u00e1van\u00e1 zmena dod\u00e1va tretiemu drese Manchester United 23-24 prekvapuj\u00faci a zauj\u00edmav\u00fd prvok. Tipy na tla\u010d: Ak meno [\u2026]<\/p>","protected":false},"featured_media":16229,"comment_status":"open","ping_status":"closed","template":"","meta":[],"product_brand":[],"product_cat":[50],"product_tag":[20,574,21,23,24,900,672,673],"class_list":{"0":"post-16189","1":"product","2":"type-product","3":"status-publish","4":"has-post-thumbnail","6":"product_cat-manchester-united","7":"product_tag-coole-fussballtrikots","8":"product_tag-fussballtrikot-deutschland","9":"product_tag-fussballtrikot-fuer-herren","10":"product_tag-fussballtrikot-kurzarm","11":"product_tag-guenstiges-fussballtrikot","12":"product_tag-manchester-united-2023-2024-drittes-trikot","13":"product_tag-manchester-united-fussballtrikot","14":"product_tag-manchester-united-trikot","16":"first","17":"instock","18":"shipping-taxable","19":"purchasable","20":"product-type-variable"},"_links":{"self":[{"href":"https:\/\/www.billigtrikotde.com\/sk\/wp-json\/wp\/v2\/product\/16189","targetHints":{"allow":["GET"]}}],"collection":[{"href":"https:\/\/www.billigtrikotde.com\/sk\/wp-json\/wp\/v2\/product"}],"about":[{"href":"https:\/\/www.billigtrikotde.com\/sk\/wp-json\/wp\/v2\/types\/product"}],"replies":[{"embeddable":true,"href":"https:\/\/www.billigtrikotde.com\/sk\/wp-json\/wp\/v2\/comments?post=16189"}],"wp:featuredmedia":[{"embeddable":true,"href":"https:\/\/www.billigtrikotde.com\/sk\/wp-json\/wp\/v2\/media\/16229"}],"wp:attachment":[{"href":"https:\/\/www.billigtrikotde.com\/sk\/wp-json\/wp\/v2\/media?parent=16189"}],"wp:term":[{"taxonomy":"product_brand","embeddable":true,"href":"https:\/\/www.billigtrikotde.com\/sk\/wp-json\/wp\/v2\/product_brand?post=16189"},{"taxonomy":"product_cat","embeddable":true,"href":"https:\/\/www.billigtrikotde.com\/sk\/wp-json\/wp\/v2\/product_cat?post=16189"},{"taxonomy":"product_tag","embeddable":true,"href":"https:\/\/www.billigtrikotde.com\/sk\/wp-json\/wp\/v2\/product_tag?post=16189"}],"curies":[{"name":"wp","href":"https:\/\/api.w.org\/{rel}","templated":true}]}}