{"id":16151,"date":"2024-10-24T08:26:55","date_gmt":"2024-10-24T06:26:55","guid":{"rendered":"http:\/\/billigtrikots.com\/?post_type=product&#038;p=16151"},"modified":"2024-10-24T08:29:37","modified_gmt":"2024-10-24T06:29:37","slug":"herren-set-manchester-united-heimtrikot-2023-24-bestellen-mit-aufdruck-martinez-6","status":"publish","type":"product","link":"https:\/\/www.billigtrikotde.com\/sk\/herren-set-manchester-united-heimtrikot-2023-24-bestellen-mit-aufdruck-martinez-6\/","title":{"rendered":"Objednajte si sadu dom\u00e1cich tri\u010diek Manchester United 2023-24 s potla\u010dou MARTINEZ 6"},"content":{"rendered":"<p>Dres Manchester United 2023-2024 kombinuje klasick\u00fa \u010derven\u00fa hlavn\u00fa farbu s \u010diernymi logami a tromi pruhmi, ako aj bielymi detailmi. Je to prv\u00fdkr\u00e1t od sez\u00f3ny 2019\/2020, ke\u010f sa \u010dierna farba pou\u017e\u00edva ako ved\u013eaj\u0161ia farba. Ofici\u00e1lne sa \u010derven\u00e1 farba naz\u00fdva \"Team Collage Red\".<\/p>\n<p>Dres Manchestru United na sez\u00f3nu 2023-24 je dizajnovo in\u0161pirovan\u00fd priemyseln\u00fdm dedi\u010dstvom Manchestru. Dres m\u00e1 opakuj\u00faci sa vzor, ktor\u00fd kombinuje lancashirsk\u00fa ru\u017eu v geometrickom vzore in\u0161pirovanom mostom Trafford Road Bridge, ktor\u00fd bol postaven\u00fd v \u010dase priemyselnej revol\u00facie.<\/p>\n<p>Tipy na tla\u010d: Ak s\u00fa meno a \u010d\u00edslo na obr\u00e1zku presne tak\u00e9, ak\u00e9 chcete, nemus\u00edte ich zad\u00e1va\u0165 znova. Ak nie, mali by ste zada\u0165 po\u017eadovan\u00e9 meno a \u010d\u00edslo.<\/p>\n<p>Tipy na pranie: Odpor\u00fa\u010dame pra\u0165 futbalov\u00e9 tri\u010dk\u00e1 v ruke. Ak chcete pou\u017ei\u0165 pr\u00e1\u010dku, nezabudnite futbalov\u00e9 tri\u010dk\u00e1 oto\u010di\u0165 naruby a potom ich vypra\u0165. Napl\u0148te pr\u00e1\u010dku studenou vodou a pou\u017eite jemn\u00fd cyklus, aby ste lep\u0161ie ochr\u00e1nili farby.<\/p>","protected":false},"excerpt":{"rendered":"<p>Manchester United 2023-2024 dres kombinuje klasick\u00fa \u010derven\u00fa ako hlavn\u00fa farbu s \u010diernou pre log\u00e1 a tri pruhy, ako aj biele detaily. Je to prv\u00fdkr\u00e1t od sez\u00f3ny 2019-2020, \u010do \u010dierna farba sl\u00fa\u017ei ako sekund\u00e1rna farba. Ofici\u00e1lne sa \u010derven\u00e1 farba naz\u00fdva \u201eTeam Collage Red\u201c. \u010co sa t\u00fdka dizajnu, dres 2023-24 od Manchester [\u2026]<\/p>","protected":false},"featured_media":16192,"comment_status":"open","ping_status":"closed","template":"","meta":[],"product_brand":[],"product_cat":[50],"product_tag":[20,574,21,22,23,24,672,673],"class_list":{"0":"post-16151","1":"product","2":"type-product","3":"status-publish","4":"has-post-thumbnail","6":"product_cat-manchester-united","7":"product_tag-coole-fussballtrikots","8":"product_tag-fussballtrikot-deutschland","9":"product_tag-fussballtrikot-fuer-herren","10":"product_tag-fussballtrikot-guenstig-kaufen","11":"product_tag-fussballtrikot-kurzarm","12":"product_tag-guenstiges-fussballtrikot","13":"product_tag-manchester-united-fussballtrikot","14":"product_tag-manchester-united-trikot","16":"first","17":"instock","18":"shipping-taxable","19":"purchasable","20":"product-type-variable"},"_links":{"self":[{"href":"https:\/\/www.billigtrikotde.com\/sk\/wp-json\/wp\/v2\/product\/16151","targetHints":{"allow":["GET"]}}],"collection":[{"href":"https:\/\/www.billigtrikotde.com\/sk\/wp-json\/wp\/v2\/product"}],"about":[{"href":"https:\/\/www.billigtrikotde.com\/sk\/wp-json\/wp\/v2\/types\/product"}],"replies":[{"embeddable":true,"href":"https:\/\/www.billigtrikotde.com\/sk\/wp-json\/wp\/v2\/comments?post=16151"}],"wp:featuredmedia":[{"embeddable":true,"href":"https:\/\/www.billigtrikotde.com\/sk\/wp-json\/wp\/v2\/media\/16192"}],"wp:attachment":[{"href":"https:\/\/www.billigtrikotde.com\/sk\/wp-json\/wp\/v2\/media?parent=16151"}],"wp:term":[{"taxonomy":"product_brand","embeddable":true,"href":"https:\/\/www.billigtrikotde.com\/sk\/wp-json\/wp\/v2\/product_brand?post=16151"},{"taxonomy":"product_cat","embeddable":true,"href":"https:\/\/www.billigtrikotde.com\/sk\/wp-json\/wp\/v2\/product_cat?post=16151"},{"taxonomy":"product_tag","embeddable":true,"href":"https:\/\/www.billigtrikotde.com\/sk\/wp-json\/wp\/v2\/product_tag?post=16151"}],"curies":[{"name":"wp","href":"https:\/\/api.w.org\/{rel}","templated":true}]}}