{"id":1593,"date":"2024-10-23T13:37:04","date_gmt":"2024-10-23T11:37:04","guid":{"rendered":"http:\/\/billigtrikots.com\/?post_type=product&#038;p=1593"},"modified":"2024-10-23T13:39:02","modified_gmt":"2024-10-23T11:39:02","slug":"fc-arsenal-heimtrikot-2022-david-luiz-23-herren-rot-kurzarm-kurze-hosen","status":"publish","type":"product","link":"https:\/\/www.billigtrikotde.com\/sk\/fc-arsenal-heimtrikot-2022-david-luiz-23-herren-rot-kurzarm-kurze-hosen\/","title":{"rendered":"FC Arsenal Dom\u00e1ce dres 2022 David Luiz 23# p\u00e1nske \u010derven\u00e9 kr\u00e1tke ruk\u00e1vy + kr\u00e1tke nohavice"},"content":{"rendered":"<p>Podporuje\u0161 svoj t\u00edm v dobrom aj v zlom s pot\u00edm odv\u00e1dzaj\u00facim modelom v bielej farbe. S dresom z domu a-didas sa naozaj nestane ni\u010d zl\u00e9. Ako skuto\u010dn\u00fd fan\u00fa\u0161ik FC Arsenal Lond\u00fdn potrebuje\u0161 tento dom\u00e1ci dres, ktor\u00fd hraj\u00fa hr\u00e1\u010di v Premier League. Je priedu\u0161n\u00fd, ve\u013emi pohodln\u00fd a odv\u00e1dza pot. Pri tomto \u0161portovom tri\u010dku m\u00f4\u017ee\u0161 opticky spo\u010d\u00edva\u0165 na erbe klubu na hrudi. S t\u00fdmto dresom m\u00f4\u017ee\u0161 e\u0161te lep\u0161ie pod\u00e1va\u0165 a pripravi\u0165 sa na nasleduj\u00faci z\u00e1pas.<\/p>\n<p>Tipy na tla\u010d: Ak s\u00fa meno a \u010d\u00edslo na obr\u00e1zku presne tak\u00e9, ak\u00e9 chcete, nemus\u00edte ich zad\u00e1va\u0165 znova. Ak nie, mali by ste zada\u0165 po\u017eadovan\u00e9 meno a \u010d\u00edslo.<\/p>\n<p>Tipy na pranie: Odpor\u00fa\u010dame pra\u0165 futbalov\u00e9 tri\u010dk\u00e1 v ruke. Ak chcete pou\u017ei\u0165 pr\u00e1\u010dku, nezabudnite futbalov\u00e9 tri\u010dk\u00e1 oto\u010di\u0165 naruby a potom ich vypra\u0165. Napl\u0148te pr\u00e1\u010dku studenou vodou a pou\u017eite jemn\u00fd cyklus, aby ste lep\u0161ie ochr\u00e1nili farby.<\/p>","protected":false},"excerpt":{"rendered":"<p>Du unterst\u00fctzt dein Team in guten wie in schlechten Zeiten mit dem schwei\u00dfableitenden Modell in Wei\u00df. Mit dem Trikot aus dem Hause a-didas kann man wirklich nichts falsch machen. Als echter FC Arsenal London-Fan brauchst du dieses Heim-Trikot, das die Spieler in der Premier League tragen. Es ist atmungsaktiv, super bequem und schwei\u00dfableitend. Bei diesem [&hellip;]<\/p>","protected":false},"featured_media":1630,"comment_status":"open","ping_status":"closed","template":"","meta":[],"product_brand":[],"product_cat":[55],"product_tag":[20,57,21,22,23,54,24],"class_list":{"0":"post-1593","1":"product","2":"type-product","3":"status-publish","4":"has-post-thumbnail","6":"product_cat-arsenal","7":"product_tag-coole-fussballtrikots","8":"product_tag-fc-arsenal-trikots","9":"product_tag-fussballtrikot-fuer-herren","10":"product_tag-fussballtrikot-guenstig-kaufen","11":"product_tag-fussballtrikot-kurzarm","12":"product_tag-fussballtrikot-set","13":"product_tag-guenstiges-fussballtrikot","15":"first","16":"instock","17":"shipping-taxable","18":"purchasable","19":"product-type-variable"},"_links":{"self":[{"href":"https:\/\/www.billigtrikotde.com\/sk\/wp-json\/wp\/v2\/product\/1593","targetHints":{"allow":["GET"]}}],"collection":[{"href":"https:\/\/www.billigtrikotde.com\/sk\/wp-json\/wp\/v2\/product"}],"about":[{"href":"https:\/\/www.billigtrikotde.com\/sk\/wp-json\/wp\/v2\/types\/product"}],"replies":[{"embeddable":true,"href":"https:\/\/www.billigtrikotde.com\/sk\/wp-json\/wp\/v2\/comments?post=1593"}],"wp:featuredmedia":[{"embeddable":true,"href":"https:\/\/www.billigtrikotde.com\/sk\/wp-json\/wp\/v2\/media\/1630"}],"wp:attachment":[{"href":"https:\/\/www.billigtrikotde.com\/sk\/wp-json\/wp\/v2\/media?parent=1593"}],"wp:term":[{"taxonomy":"product_brand","embeddable":true,"href":"https:\/\/www.billigtrikotde.com\/sk\/wp-json\/wp\/v2\/product_brand?post=1593"},{"taxonomy":"product_cat","embeddable":true,"href":"https:\/\/www.billigtrikotde.com\/sk\/wp-json\/wp\/v2\/product_cat?post=1593"},{"taxonomy":"product_tag","embeddable":true,"href":"https:\/\/www.billigtrikotde.com\/sk\/wp-json\/wp\/v2\/product_tag?post=1593"}],"curies":[{"name":"wp","href":"https:\/\/api.w.org\/{rel}","templated":true}]}}