{"id":15836,"date":"2024-10-24T08:10:05","date_gmt":"2024-10-24T06:10:05","guid":{"rendered":"http:\/\/billigtrikots.com\/?post_type=product&#038;p=15836"},"modified":"2024-10-24T08:12:24","modified_gmt":"2024-10-24T06:12:24","slug":"herren-fc-barcelona-23-24-drittes-trikot-blau-kurzarm-robert-lewandowski-9","status":"publish","type":"product","link":"https:\/\/www.billigtrikotde.com\/sk\/herren-fc-barcelona-23-24-drittes-trikot-blau-kurzarm-robert-lewandowski-9\/","title":{"rendered":"P\u00e1nsky dres FC Barcelona 23-24 Third Jersey blue s kr\u00e1tkym ruk\u00e1vom Robert Lewandowski 9"},"content":{"rendered":"<p>Tretie futbalov\u00e9 tri\u010dko Barcelona 23-24 m\u00e1 preva\u017ene m\u00e4tov\u00fa farbu (\"Light Aqua\") v kombin\u00e1cii s Blaugranou ako dizajnov\u00fdm prvkom a \u010diernou farbou loga.\u010co sa t\u00fdka \u0161abl\u00f3ny, tretie futbalov\u00e9 tri\u010dko Bar\u00e7a 23-24 je zjednodu\u0161en\u00e9. Pou\u017e\u00edva rovnak\u00fa \u0161abl\u00f3nu ako r\u00f4zne n\u00e1rodn\u00e9 t\u00edmy na Majstrovstv\u00e1 sveta \u017eien 2023 a \u010fal\u0161ie elitn\u00e9 klubov\u00e9 t\u00edmy 23-24 pre svoje tretie s\u00fapravy. dres Barcelona 23-24 sa vyzna\u010duje dvoma vecami - tkaninou a n\u00e1pisom swoosh a erbom. farby Blaugrana Barcelona (modr\u00e1 a \u010derven\u00e1) s\u00fa vtkan\u00e9 do tkaniny dresu Barcelona 23-24, \u010do mu dod\u00e1va \u0161peci\u00e1lny n\u00e1dych.<\/p>\n<p>Tipy na tla\u010d: Ak s\u00fa meno a \u010d\u00edslo na obr\u00e1zku presne tak\u00e9, ak\u00e9 chcete, nemus\u00edte ich zad\u00e1va\u0165 znova. Ak nie, mali by ste zada\u0165 po\u017eadovan\u00e9 meno a \u010d\u00edslo.<\/p>\n<p>Tipy na pranie: Odpor\u00fa\u010dame pra\u0165 futbalov\u00e9 tri\u010dk\u00e1 v ruke. Ak chcete pou\u017ei\u0165 pr\u00e1\u010dku, nezabudnite futbalov\u00e9 tri\u010dk\u00e1 oto\u010di\u0165 naruby a potom ich vypra\u0165. Napl\u0148te pr\u00e1\u010dku studenou vodou a pou\u017eite jemn\u00fd cyklus, aby ste lep\u0161ie ochr\u00e1nili farby.<\/p>","protected":false},"excerpt":{"rendered":"<p>Das dritte Barcelona 23-24 Fu\u00dfball trikot ist \u00fcberwiegend mint (\u201eLight Aqua\u201c), kombiniert mit Blaugrana als Designelementen und Schwarz als Logofarbe.Was die Template betrifft, so ist das Bar\u00e7a 23-24 dritte Fu\u00dfballtrikot stromlinienf\u00f6rmig. Es verwendet die gleiche Template wie verschiedene Nationalmannschaften f\u00fcr die Frauen-WM 2023 und andere 23-24 Elite-Clubteams f\u00fcr ihre dritten Trikots.Zwei Dinge lassen das Barcelona [&hellip;]<\/p>","protected":false},"featured_media":15877,"comment_status":"open","ping_status":"closed","template":"","meta":[],"product_brand":[],"product_cat":[31],"product_tag":[703,704,20,863,33,574,426,24,717,718],"class_list":{"0":"post-15836","1":"product","2":"type-product","3":"status-publish","4":"has-post-thumbnail","6":"product_cat-fc-barcelona","7":"product_tag-barcelona-fussballtrikot","8":"product_tag-barcelona-trikot","9":"product_tag-coole-fussballtrikots","10":"product_tag-fc-barcelona-neue-trikots","11":"product_tag-fc-barcelona-trikots","12":"product_tag-fussballtrikot-deutschland","13":"product_tag-fussballtrikots-kurzarm","14":"product_tag-guenstiges-fussballtrikot","15":"product_tag-robert-lewandowski-fussballtrikot","16":"product_tag-robert-lewandowski-trikot-fuer-kinder","18":"first","19":"instock","20":"shipping-taxable","21":"purchasable","22":"product-type-variable"},"_links":{"self":[{"href":"https:\/\/www.billigtrikotde.com\/sk\/wp-json\/wp\/v2\/product\/15836","targetHints":{"allow":["GET"]}}],"collection":[{"href":"https:\/\/www.billigtrikotde.com\/sk\/wp-json\/wp\/v2\/product"}],"about":[{"href":"https:\/\/www.billigtrikotde.com\/sk\/wp-json\/wp\/v2\/types\/product"}],"replies":[{"embeddable":true,"href":"https:\/\/www.billigtrikotde.com\/sk\/wp-json\/wp\/v2\/comments?post=15836"}],"wp:featuredmedia":[{"embeddable":true,"href":"https:\/\/www.billigtrikotde.com\/sk\/wp-json\/wp\/v2\/media\/15877"}],"wp:attachment":[{"href":"https:\/\/www.billigtrikotde.com\/sk\/wp-json\/wp\/v2\/media?parent=15836"}],"wp:term":[{"taxonomy":"product_brand","embeddable":true,"href":"https:\/\/www.billigtrikotde.com\/sk\/wp-json\/wp\/v2\/product_brand?post=15836"},{"taxonomy":"product_cat","embeddable":true,"href":"https:\/\/www.billigtrikotde.com\/sk\/wp-json\/wp\/v2\/product_cat?post=15836"},{"taxonomy":"product_tag","embeddable":true,"href":"https:\/\/www.billigtrikotde.com\/sk\/wp-json\/wp\/v2\/product_tag?post=15836"}],"curies":[{"name":"wp","href":"https:\/\/api.w.org\/{rel}","templated":true}]}}