{"id":1550,"date":"2024-10-23T13:35:22","date_gmt":"2024-10-23T11:35:22","guid":{"rendered":"http:\/\/billigtrikots.com\/?post_type=product&#038;p=1550"},"modified":"2024-10-23T13:36:56","modified_gmt":"2024-10-23T11:36:56","slug":"fc-arsenal-ausweichtrikot-3rd-2022-herren-xhaka-34-blau-rot-kurze-hosen","status":"publish","type":"product","link":"https:\/\/www.billigtrikotde.com\/sk\/fc-arsenal-ausweichtrikot-3rd-2022-herren-xhaka-34-blau-rot-kurze-hosen\/","title":{"rendered":"FC Arsenal N\u00e1hradn\u00fd dres 3rd 2022 P\u00e1nsky XHAKA 34# modro\/\u010derven\u00fd + kr\u00e1tke nohavice"},"content":{"rendered":"<p>Tu prich\u00e1dza obnova dizajnu z 90. rokov \u2013 ako blesk z minulosti. Tento dres FC Arsenal na striedanie oslavuje \u00faspe\u0161n\u00e9 desa\u0165ro\u010die pre futbal a pre a-didas. Verzia pre fan\u00fa\u0161ikov kombinuje le\u017e\u00e9rny vzh\u013ead in\u0161pirovan\u00fd \u0161t\u00fdlom vybavenia s modernou technol\u00f3giou. M\u00e4kk\u00fd materi\u00e1l s absorpciou vlhkosti AEROREADY \u0165a udr\u017e\u00ed pr\u00edjemne such\u00e9ho.<\/p>\n<p>Tipy na tla\u010d: Ak s\u00fa meno a \u010d\u00edslo na obr\u00e1zku presne tak\u00e9, ak\u00e9 chcete, nemus\u00edte ich zad\u00e1va\u0165 znova. Ak nie, mali by ste zada\u0165 po\u017eadovan\u00e9 meno a \u010d\u00edslo.<\/p>\n<p>Tipy na pranie: Odpor\u00fa\u010dame pra\u0165 futbalov\u00e9 tri\u010dk\u00e1 v ruke. Ak chcete pou\u017ei\u0165 pr\u00e1\u010dku, nezabudnite futbalov\u00e9 tri\u010dk\u00e1 oto\u010di\u0165 naruby a potom ich vypra\u0165. Napl\u0148te pr\u00e1\u010dku studenou vodou a pou\u017eite jemn\u00fd cyklus, aby ste lep\u0161ie ochr\u00e1nili farby.<\/p>","protected":false},"excerpt":{"rendered":"<p>Tu prich\u00e1dza obnova dizajnu z 90. rokov \u2013 ako blesk z minulosti. Tento dres FC Arsenal na striedanie oslavuje \u00faspe\u0161n\u00e9 desa\u0165ro\u010die pre futbal a pre a-didas. Verzia pre fan\u00fa\u0161ikov kombinuje le\u017e\u00e9rny vzh\u013ead in\u0161pirovan\u00fd \u0161t\u00fdlom vybavenia s modernou technol\u00f3giou. M\u00e4kk\u00fd materi\u00e1l s absorpciou vlhkosti AEROREADY \u0165a udr\u017e\u00ed pr\u00edjemne such\u00e9ho.<\/p>","protected":false},"featured_media":1583,"comment_status":"open","ping_status":"closed","template":"","meta":[],"product_brand":[],"product_cat":[55],"product_tag":[20,57,21,22,23,54,24],"class_list":{"0":"post-1550","1":"product","2":"type-product","3":"status-publish","4":"has-post-thumbnail","6":"product_cat-arsenal","7":"product_tag-coole-fussballtrikots","8":"product_tag-fc-arsenal-trikots","9":"product_tag-fussballtrikot-fuer-herren","10":"product_tag-fussballtrikot-guenstig-kaufen","11":"product_tag-fussballtrikot-kurzarm","12":"product_tag-fussballtrikot-set","13":"product_tag-guenstiges-fussballtrikot","15":"first","16":"instock","17":"shipping-taxable","18":"purchasable","19":"product-type-variable"},"_links":{"self":[{"href":"https:\/\/www.billigtrikotde.com\/sk\/wp-json\/wp\/v2\/product\/1550","targetHints":{"allow":["GET"]}}],"collection":[{"href":"https:\/\/www.billigtrikotde.com\/sk\/wp-json\/wp\/v2\/product"}],"about":[{"href":"https:\/\/www.billigtrikotde.com\/sk\/wp-json\/wp\/v2\/types\/product"}],"replies":[{"embeddable":true,"href":"https:\/\/www.billigtrikotde.com\/sk\/wp-json\/wp\/v2\/comments?post=1550"}],"wp:featuredmedia":[{"embeddable":true,"href":"https:\/\/www.billigtrikotde.com\/sk\/wp-json\/wp\/v2\/media\/1583"}],"wp:attachment":[{"href":"https:\/\/www.billigtrikotde.com\/sk\/wp-json\/wp\/v2\/media?parent=1550"}],"wp:term":[{"taxonomy":"product_brand","embeddable":true,"href":"https:\/\/www.billigtrikotde.com\/sk\/wp-json\/wp\/v2\/product_brand?post=1550"},{"taxonomy":"product_cat","embeddable":true,"href":"https:\/\/www.billigtrikotde.com\/sk\/wp-json\/wp\/v2\/product_cat?post=1550"},{"taxonomy":"product_tag","embeddable":true,"href":"https:\/\/www.billigtrikotde.com\/sk\/wp-json\/wp\/v2\/product_tag?post=1550"}],"curies":[{"name":"wp","href":"https:\/\/api.w.org\/{rel}","templated":true}]}}