{"id":1486,"date":"2024-10-23T13:32:36","date_gmt":"2024-10-23T11:32:36","guid":{"rendered":"http:\/\/billigtrikots.com\/?post_type=product&#038;p=1486"},"modified":"2024-10-23T13:34:12","modified_gmt":"2024-10-23T11:34:12","slug":"fc-arsenal-london-gabriel-5-trikot-away-2022-gelb-trikotsatz-kurze-hosen","status":"publish","type":"product","link":"https:\/\/www.billigtrikotde.com\/sk\/fc-arsenal-london-gabriel-5-trikot-away-2022-gelb-trikotsatz-kurze-hosen\/","title":{"rendered":"FC Arsenal Lond\u00fdn Gabriel 5# Dres Vonkaj\u0161\u00ed 2022 \u017dlt\u00fd Dresov\u00fd set + kr\u00e1tke nohavice"},"content":{"rendered":"<p>Tu prich\u00e1dza adidas dres v \u017eltej farbe, ktor\u00fd v\u00e1m pom\u00e1ha podporova\u0165 v\u00e1\u0161 ob\u013e\u00faben\u00fd klub v ka\u017edej situ\u00e1cii a uk\u00e1za\u0165, za \u010do va\u0161e srdce bije. Roz\u0161\u00edr svoju zbierku FC Arsenal Lond\u00fdn o vonkaj\u0161\u00ed dres, ktor\u00fd nosia aj hr\u00e1\u010di v Premier League. D\u00fdchate\u013en\u00e1, pohodln\u00e1 a odv\u00e1dzaj\u00faca pot funk\u010dnos\u0165 ho rob\u00ed presved\u010div\u00fdm. Vyzna\u010duje sa vizu\u00e1lne s klubov\u00fdm znakom na hrudi. Bez oh\u013eadu na to, ako tvrd\u00fd je tr\u00e9ning alebo z\u00e1pas, s t\u00fdmto modelom budete v\u017edy dobre oble\u010den\u00fd.<\/p>\n<p>Tipy na tla\u010d: Ak s\u00fa meno a \u010d\u00edslo na obr\u00e1zku presne tak\u00e9, ak\u00e9 chcete, nemus\u00edte ich zad\u00e1va\u0165 znova. Ak nie, mali by ste zada\u0165 po\u017eadovan\u00e9 meno a \u010d\u00edslo.<\/p>\n<p>Tipy na pranie: Odpor\u00fa\u010dame pra\u0165 futbalov\u00e9 tri\u010dk\u00e1 v ruke. Ak chcete pou\u017ei\u0165 pr\u00e1\u010dku, nezabudnite futbalov\u00e9 tri\u010dk\u00e1 oto\u010di\u0165 naruby a potom ich vypra\u0165. Napl\u0148te pr\u00e1\u010dku studenou vodou a pou\u017eite jemn\u00fd cyklus, aby ste lep\u0161ie ochr\u00e1nili farby.<\/p>","protected":false},"excerpt":{"rendered":"<p>Hier kommt das a-didas Trikot in Gelb, das dir hilft, deinen Lieblingsverein in jeder Lage zu supporten und zu zeigen, wof\u00fcr dein Herz schl\u00e4gt. Erweitere deine FC Arsenal London-Sammlung mit dem Ausw\u00e4rts-Trikot, das auch die Spieler in der Premier League tragen. Die atmungsaktive, bequeme und schwei\u00dfableitende Funktionsweise l\u00e4sst es \u00fcberzeugen. Es besticht optisch mit einem [&hellip;]<\/p>","protected":false},"featured_media":1519,"comment_status":"open","ping_status":"closed","template":"","meta":[],"product_brand":[],"product_cat":[55],"product_tag":[20,58,57,21,22,23,54,24],"class_list":{"0":"post-1486","1":"product","2":"type-product","3":"status-publish","4":"has-post-thumbnail","6":"product_cat-arsenal","7":"product_tag-coole-fussballtrikots","8":"product_tag-fc-arsenal-auswaertstrikot","9":"product_tag-fc-arsenal-trikots","10":"product_tag-fussballtrikot-fuer-herren","11":"product_tag-fussballtrikot-guenstig-kaufen","12":"product_tag-fussballtrikot-kurzarm","13":"product_tag-fussballtrikot-set","14":"product_tag-guenstiges-fussballtrikot","16":"first","17":"instock","18":"shipping-taxable","19":"purchasable","20":"product-type-variable"},"_links":{"self":[{"href":"https:\/\/www.billigtrikotde.com\/sk\/wp-json\/wp\/v2\/product\/1486","targetHints":{"allow":["GET"]}}],"collection":[{"href":"https:\/\/www.billigtrikotde.com\/sk\/wp-json\/wp\/v2\/product"}],"about":[{"href":"https:\/\/www.billigtrikotde.com\/sk\/wp-json\/wp\/v2\/types\/product"}],"replies":[{"embeddable":true,"href":"https:\/\/www.billigtrikotde.com\/sk\/wp-json\/wp\/v2\/comments?post=1486"}],"wp:featuredmedia":[{"embeddable":true,"href":"https:\/\/www.billigtrikotde.com\/sk\/wp-json\/wp\/v2\/media\/1519"}],"wp:attachment":[{"href":"https:\/\/www.billigtrikotde.com\/sk\/wp-json\/wp\/v2\/media?parent=1486"}],"wp:term":[{"taxonomy":"product_brand","embeddable":true,"href":"https:\/\/www.billigtrikotde.com\/sk\/wp-json\/wp\/v2\/product_brand?post=1486"},{"taxonomy":"product_cat","embeddable":true,"href":"https:\/\/www.billigtrikotde.com\/sk\/wp-json\/wp\/v2\/product_cat?post=1486"},{"taxonomy":"product_tag","embeddable":true,"href":"https:\/\/www.billigtrikotde.com\/sk\/wp-json\/wp\/v2\/product_tag?post=1486"}],"curies":[{"name":"wp","href":"https:\/\/api.w.org\/{rel}","templated":true}]}}