{"id":1429,"date":"2024-10-23T13:29:59","date_gmt":"2024-10-23T11:29:59","guid":{"rendered":"http:\/\/billigtrikots.com\/?post_type=product&#038;p=1429"},"modified":"2024-10-23T13:31:58","modified_gmt":"2024-10-23T11:31:58","slug":"fc-arsenal-london-2022-saka-7-herren-heimtrikot-rot-weiss-fussballtrikots","status":"publish","type":"product","link":"https:\/\/www.billigtrikotde.com\/sk\/fc-arsenal-london-2022-saka-7-herren-heimtrikot-rot-weiss-fussballtrikots\/","title":{"rendered":"FC Arsenal London 2022 SAKA 7 P\u00e1nske dom\u00e1ce tri\u010dko \u010derven\u00e1\/biela Futbalov\u00e9 tri\u010dk\u00e1"},"content":{"rendered":"<p>Biele vstupy a n\u00e1morn\u00edcky modr\u00e9 detaily pripom\u00ednaj\u00fa \u010das, ke\u010f Arsenal so svojou silou dok\u00e1zal z\u00edska\u0165 ve\u013ek\u00fd rekord. Futbalov\u00fd dres adidas bol navrhnut\u00fd tak, aby fan\u00fa\u0161ikom klubu poskytoval maxim\u00e1lne pohodlie. Je vyroben\u00fd z m\u00e4kk\u00e9ho materi\u00e1lu a disponuje technol\u00f3giou AEROREADY, ktor\u00e1 odv\u00e1dza pot. Sl\u00e1vny erb na hrudi zobrazuje, koho podporujete.<\/p>\n<p>Tipy na tla\u010d: Ak s\u00fa meno a \u010d\u00edslo na obr\u00e1zku presne tak\u00e9, ak\u00e9 chcete, nemus\u00edte ich zad\u00e1va\u0165 znova. Ak nie, mali by ste zada\u0165 po\u017eadovan\u00e9 meno a \u010d\u00edslo.<\/p>\n<p>Tipy na pranie: Odpor\u00fa\u010dame pra\u0165 futbalov\u00e9 tri\u010dk\u00e1 v ruke. Ak chcete pou\u017ei\u0165 pr\u00e1\u010dku, nezabudnite futbalov\u00e9 tri\u010dk\u00e1 oto\u010di\u0165 naruby a potom ich vypra\u0165. Napl\u0148te pr\u00e1\u010dku studenou vodou a pou\u017eite jemn\u00fd cyklus, aby ste lep\u0161ie ochr\u00e1nili farby.<\/p>","protected":false},"excerpt":{"rendered":"<p>Biele vstupy a n\u00e1morn\u00edcky modr\u00e9 detaily pripom\u00ednaj\u00fa \u010das, ke\u010f Arsenal so svojou silou dok\u00e1zal z\u00edska\u0165 ve\u013ek\u00fd rekord. Futbalov\u00fd dres adidas bol navrhnut\u00fd tak, aby fan\u00fa\u0161ikom klubu poskytoval maxim\u00e1lne pohodlie. Je vyroben\u00fd z m\u00e4kk\u00e9ho materi\u00e1lu a disponuje technol\u00f3giou AEROREADY, ktor\u00e1 odv\u00e1dza pot. Sl\u00e1vny erb na hrudi zobrazuje, koho podporujete.<\/p>","protected":false},"featured_media":1460,"comment_status":"open","ping_status":"closed","template":"","meta":[],"product_brand":[],"product_cat":[55],"product_tag":[20,56,57,21,22,23,24],"class_list":{"0":"post-1429","1":"product","2":"type-product","3":"status-publish","4":"has-post-thumbnail","6":"product_cat-arsenal","7":"product_tag-coole-fussballtrikots","8":"product_tag-fc-arsenal-heimtrikot","9":"product_tag-fc-arsenal-trikots","10":"product_tag-fussballtrikot-fuer-herren","11":"product_tag-fussballtrikot-guenstig-kaufen","12":"product_tag-fussballtrikot-kurzarm","13":"product_tag-guenstiges-fussballtrikot","15":"first","16":"instock","17":"shipping-taxable","18":"purchasable","19":"product-type-variable"},"_links":{"self":[{"href":"https:\/\/www.billigtrikotde.com\/sk\/wp-json\/wp\/v2\/product\/1429","targetHints":{"allow":["GET"]}}],"collection":[{"href":"https:\/\/www.billigtrikotde.com\/sk\/wp-json\/wp\/v2\/product"}],"about":[{"href":"https:\/\/www.billigtrikotde.com\/sk\/wp-json\/wp\/v2\/types\/product"}],"replies":[{"embeddable":true,"href":"https:\/\/www.billigtrikotde.com\/sk\/wp-json\/wp\/v2\/comments?post=1429"}],"wp:featuredmedia":[{"embeddable":true,"href":"https:\/\/www.billigtrikotde.com\/sk\/wp-json\/wp\/v2\/media\/1460"}],"wp:attachment":[{"href":"https:\/\/www.billigtrikotde.com\/sk\/wp-json\/wp\/v2\/media?parent=1429"}],"wp:term":[{"taxonomy":"product_brand","embeddable":true,"href":"https:\/\/www.billigtrikotde.com\/sk\/wp-json\/wp\/v2\/product_brand?post=1429"},{"taxonomy":"product_cat","embeddable":true,"href":"https:\/\/www.billigtrikotde.com\/sk\/wp-json\/wp\/v2\/product_cat?post=1429"},{"taxonomy":"product_tag","embeddable":true,"href":"https:\/\/www.billigtrikotde.com\/sk\/wp-json\/wp\/v2\/product_tag?post=1429"}],"curies":[{"name":"wp","href":"https:\/\/api.w.org\/{rel}","templated":true}]}}