{"id":14285,"date":"2024-10-24T06:47:32","date_gmt":"2024-10-24T04:47:32","guid":{"rendered":"http:\/\/billigtrikots.com\/?post_type=product&#038;p=14285"},"modified":"2024-10-24T06:49:48","modified_gmt":"2024-10-24T04:49:48","slug":"italien-2023-trikot-125th-anniversary-trikots-weiss-kurzarm-kurze-hosen","status":"publish","type":"product","link":"https:\/\/www.billigtrikotde.com\/sk\/italien-2023-trikot-125th-anniversary-trikots-weiss-kurzarm-kurze-hosen\/","title":{"rendered":"Taliansko 2023 125th Anniversary Jersey white kr\u00e1tky ruk\u00e1v + \u0161ortky"},"content":{"rendered":"<p>Sonderedition-trikot Talianska 2023 sa predstavuje v \u010distej bielej farbe s zlat\u00fdmi logami a akcentmi. Najv\u00fdraznej\u0161\u00edm znakom \u0161peci\u00e1lneho dresu Talianska 2023 je erb, ktor\u00fd je obklopen\u00fd vencom zo vavr\u00ednov.<br \/>\nBiela okr\u00fahla \u00fastredn\u00e1 \u010das\u0165 s tradi\u010dn\u00fdmi tromi pruhmi, ktor\u00e9 ved\u00fa cez ramen\u00e1, je doplnen\u00e1 technikou \u201eFlatnik\u201c. T\u00e1to technika dod\u00e1va klasick\u00e9mu \u0161t\u00fdlu modern\u00fa aktualiz\u00e1ciu, pri\u010dom \u0161ev na kr\u00e1tkych ruk\u00e1voch je obzvl\u00e1\u0161\u0165 n\u00e1padn\u00fd. Ako \u010fal\u0161\u00ed cenn\u00fd prvok bol na pravej strane pripevnen\u00fd \u0161t\u00edtok pripom\u00ednaj\u00faci jubileum talianskeho futbalov\u00e9ho zv\u00e4zu.<br \/>\nNohavice dresu Italy 125th Anniversary s\u00fa biele s zlat\u00fdmi detailmi a tromi pruhmi po bokoch, pri\u010dom na pravej stehne je vidie\u0165 pam\u00e4tn\u00fd erb FIGC. \u010cierne \u0161tucne s\u00fa ozdoben\u00e9 zlat\u00fdmi v\u00fd\u0161ivkami, medzi ktor\u00fdmi je n\u00e1pis Italia na prednej strane, logo adidas na zadnej strane a tri pruhy pod kolenom.<\/p>\n<p>Tipy na tla\u010d: Ak s\u00fa meno a \u010d\u00edslo na obr\u00e1zku presne tak\u00e9, ak\u00e9 chcete, nemus\u00edte ich zad\u00e1va\u0165 znova. Ak nie, mali by ste zada\u0165 po\u017eadovan\u00e9 meno a \u010d\u00edslo.<\/p>\n<p>Tipy na pranie: Odpor\u00fa\u010dame pra\u0165 futbalov\u00e9 tri\u010dk\u00e1 v ruke. Ak chcete pou\u017ei\u0165 pr\u00e1\u010dku, nezabudnite futbalov\u00e9 tri\u010dk\u00e1 oto\u010di\u0165 naruby a potom ich vypra\u0165. Napl\u0148te pr\u00e1\u010dku studenou vodou a pou\u017eite jemn\u00fd cyklus, aby ste lep\u0161ie ochr\u00e1nili farby.<\/p>","protected":false},"excerpt":{"rendered":"<p>Das Italien 2023 Sondereditionstrikot pr\u00e4sentiert sich in einem klaren Design in Wei\u00df mit goldenen Logos und Akzenten.Das auff\u00e4lligste Merkmal des Italien 2023 Sondertrikots ist das Wappen, das von einem Lorbeerkranz umgeben ist. Der wei\u00dfe Rundkragen mit den traditionellen drei\u00a0 Streifen, die \u00fcber die Schultern laufen, wird durch die &#8222;Flatnik&#8220;-Webtechnik erg\u00e4nzt. Diese Technik verleiht dem klassischen [&hellip;]<\/p>","protected":false},"featured_media":14325,"comment_status":"open","ping_status":"closed","template":"","meta":[],"product_brand":[],"product_cat":[316],"product_tag":[20,574,21,22,23,24,318,776],"class_list":{"0":"post-14285","1":"product","2":"type-product","3":"status-publish","4":"has-post-thumbnail","6":"product_cat-italien-trikots","7":"product_tag-coole-fussballtrikots","8":"product_tag-fussballtrikot-deutschland","9":"product_tag-fussballtrikot-fuer-herren","10":"product_tag-fussballtrikot-guenstig-kaufen","11":"product_tag-fussballtrikot-kurzarm","12":"product_tag-guenstiges-fussballtrikot","13":"product_tag-italien-trikots","14":"product_tag-italien-trikots-2023-24","16":"first","17":"instock","18":"shipping-taxable","19":"purchasable","20":"product-type-variable"},"_links":{"self":[{"href":"https:\/\/www.billigtrikotde.com\/sk\/wp-json\/wp\/v2\/product\/14285","targetHints":{"allow":["GET"]}}],"collection":[{"href":"https:\/\/www.billigtrikotde.com\/sk\/wp-json\/wp\/v2\/product"}],"about":[{"href":"https:\/\/www.billigtrikotde.com\/sk\/wp-json\/wp\/v2\/types\/product"}],"replies":[{"embeddable":true,"href":"https:\/\/www.billigtrikotde.com\/sk\/wp-json\/wp\/v2\/comments?post=14285"}],"wp:featuredmedia":[{"embeddable":true,"href":"https:\/\/www.billigtrikotde.com\/sk\/wp-json\/wp\/v2\/media\/14325"}],"wp:attachment":[{"href":"https:\/\/www.billigtrikotde.com\/sk\/wp-json\/wp\/v2\/media?parent=14285"}],"wp:term":[{"taxonomy":"product_brand","embeddable":true,"href":"https:\/\/www.billigtrikotde.com\/sk\/wp-json\/wp\/v2\/product_brand?post=14285"},{"taxonomy":"product_cat","embeddable":true,"href":"https:\/\/www.billigtrikotde.com\/sk\/wp-json\/wp\/v2\/product_cat?post=14285"},{"taxonomy":"product_tag","embeddable":true,"href":"https:\/\/www.billigtrikotde.com\/sk\/wp-json\/wp\/v2\/product_tag?post=14285"}],"curies":[{"name":"wp","href":"https:\/\/api.w.org\/{rel}","templated":true}]}}