{"id":1415,"date":"2024-10-23T13:29:26","date_gmt":"2024-10-23T11:29:26","guid":{"rendered":"http:\/\/billigtrikots.com\/?post_type=product&#038;p=1415"},"modified":"2024-10-23T13:30:56","modified_gmt":"2024-10-23T11:30:56","slug":"fc-arsenal-auswaertstrikot-2022-3rd-trikot-blau-mit-aufdruck-pepe-19","status":"publish","type":"product","link":"https:\/\/www.billigtrikotde.com\/sk\/fc-arsenal-auswaertstrikot-2022-3rd-trikot-blau-mit-aufdruck-pepe-19\/","title":{"rendered":"S\u00faprava Arsenal FC 2022 3rd shirt blue s potla\u010dou PEPE 19"},"content":{"rendered":"<p>\u010ci u\u017e ste na \u0161tadi\u00f3ne alebo doma na gau\u010di \u2013 svoju podporu najlep\u0161ie uk\u00e1\u017eete prostredn\u00edctvom modelu odv\u00e1dzaj\u00faceho pot v modrej farbe. S \u0161portov\u00fdm topom od zna\u010dky adidas nem\u00f4\u017eete urobi\u0165 chybu. Pre skuto\u010dn\u00fdch fan\u00fa\u0161ikov FC Arsenal Lond\u00fdn je to nevyhnutnos\u0165: n\u00e1hradn\u00fd \u0161portov\u00fd top v origin\u00e1lnom dizajne, ak\u00fd nosia hr\u00e1\u010di v Premier League. Odpor\u00fa\u010dame tento odv\u00e1dzaj\u00faci pot, priedu\u0161n\u00fd a ve\u013emi pohodln\u00fd model s pr\u00edjemn\u00fdm pocitom pri nosen\u00ed. Skvel\u00fd vzh\u013ead tri\u010dka pod\u010diarkuje klubov\u00e1 erb na hrudi. S t\u00fdmto \u0161portov\u00fdm topom ste ide\u00e1lne oble\u010den\u00ed na ka\u017ed\u00fa tr\u00e9ningov\u00fa jednotku.<\/p>\n<p>Tipy na tla\u010d: Ak s\u00fa meno a \u010d\u00edslo na obr\u00e1zku presne tak\u00e9, ak\u00e9 chcete, nemus\u00edte ich zad\u00e1va\u0165 znova. Ak nie, mali by ste zada\u0165 po\u017eadovan\u00e9 meno a \u010d\u00edslo.<\/p>\n<p>Tipy na pranie: Odpor\u00fa\u010dame pra\u0165 futbalov\u00e9 tri\u010dk\u00e1 v ruke. Ak chcete pou\u017ei\u0165 pr\u00e1\u010dku, nezabudnite futbalov\u00e9 tri\u010dk\u00e1 oto\u010di\u0165 naruby a potom ich vypra\u0165. Napl\u0148te pr\u00e1\u010dku studenou vodou a pou\u017eite jemn\u00fd cyklus, aby ste lep\u0161ie ochr\u00e1nili farby.<\/p>","protected":false},"excerpt":{"rendered":"<p>Ob im Stadion oder zuhause auf der Couch \u2013 deine Unterst\u00fctzung zeigst du am besten durch das schwei\u00dfableitende Modell in Blau. Mit dem Sporttop aus dem Hause adidas kann man wirklich nichts falsch machen. F\u00fcr wahre FC Arsenal London-Fans ein Muss: das Ausweich-Sporttop im Originaldesign, wie es die Spieler in der Premier League tragen. Wir [&hellip;]<\/p>","protected":false},"featured_media":1446,"comment_status":"open","ping_status":"closed","template":"","meta":[],"product_brand":[],"product_cat":[55],"product_tag":[20,57,21,22,23,24],"class_list":{"0":"post-1415","1":"product","2":"type-product","3":"status-publish","4":"has-post-thumbnail","6":"product_cat-arsenal","7":"product_tag-coole-fussballtrikots","8":"product_tag-fc-arsenal-trikots","9":"product_tag-fussballtrikot-fuer-herren","10":"product_tag-fussballtrikot-guenstig-kaufen","11":"product_tag-fussballtrikot-kurzarm","12":"product_tag-guenstiges-fussballtrikot","14":"first","15":"instock","16":"shipping-taxable","17":"purchasable","18":"product-type-variable"},"_links":{"self":[{"href":"https:\/\/www.billigtrikotde.com\/sk\/wp-json\/wp\/v2\/product\/1415","targetHints":{"allow":["GET"]}}],"collection":[{"href":"https:\/\/www.billigtrikotde.com\/sk\/wp-json\/wp\/v2\/product"}],"about":[{"href":"https:\/\/www.billigtrikotde.com\/sk\/wp-json\/wp\/v2\/types\/product"}],"replies":[{"embeddable":true,"href":"https:\/\/www.billigtrikotde.com\/sk\/wp-json\/wp\/v2\/comments?post=1415"}],"wp:featuredmedia":[{"embeddable":true,"href":"https:\/\/www.billigtrikotde.com\/sk\/wp-json\/wp\/v2\/media\/1446"}],"wp:attachment":[{"href":"https:\/\/www.billigtrikotde.com\/sk\/wp-json\/wp\/v2\/media?parent=1415"}],"wp:term":[{"taxonomy":"product_brand","embeddable":true,"href":"https:\/\/www.billigtrikotde.com\/sk\/wp-json\/wp\/v2\/product_brand?post=1415"},{"taxonomy":"product_cat","embeddable":true,"href":"https:\/\/www.billigtrikotde.com\/sk\/wp-json\/wp\/v2\/product_cat?post=1415"},{"taxonomy":"product_tag","embeddable":true,"href":"https:\/\/www.billigtrikotde.com\/sk\/wp-json\/wp\/v2\/product_tag?post=1415"}],"curies":[{"name":"wp","href":"https:\/\/api.w.org\/{rel}","templated":true}]}}