{"id":14147,"date":"2024-10-24T06:40:29","date_gmt":"2024-10-24T04:40:29","guid":{"rendered":"http:\/\/billigtrikots.com\/?post_type=product&#038;p=14147"},"modified":"2024-10-24T06:43:12","modified_gmt":"2024-10-24T04:43:12","slug":"herren-inter-miami-cf-auswaertstrikot-2023-24-schwarz-rosa-fussballtrikots-set","status":"publish","type":"product","link":"https:\/\/www.billigtrikotde.com\/sk\/herren-inter-miami-cf-auswaertstrikot-2023-24-schwarz-rosa-fussballtrikots-set\/","title":{"rendered":"P\u00e1nske tri\u010dko Inter Miami CF Away 2023-24 Black Pink Football Shirt Set"},"content":{"rendered":"<p>Dres Inter Miami 2023 je preva\u017ene \u010dierny, v\u0161etky ostatn\u00e9 detaily a log\u00e1 s\u00fa v\u00fdlu\u010dne ru\u017eov\u00e9. Vych\u00e1dza z jedn\u00e9ho z n\u00e1vrhov spolo\u010dnosti Adidas pre majstrovstv\u00e1 sveta 2022, po oboch stran\u00e1ch sa tiahne ru\u017eov\u00fd pruh, ktor\u00fd sa zbieha na zadnom leme, so zauj\u00edmavou, jemnou grafikou vlny na \u010diernom pozad\u00ed, preru\u0161ovanou opakuj\u00facimi sa \u010diernymi horizont\u00e1lnymi pruhmi a n\u00e1pisom \"Freedom to Dream\" na zadnej strane goliera. Tento n\u00e1pis sa u\u017e v predch\u00e1dzaj\u00facich rokoch pou\u017e\u00edval ako motto klubu.<\/p>","protected":false},"excerpt":{"rendered":"<p>Das Inter Miami 2023 Ausw\u00e4rtstrikot ist \u00fcberwiegend schwarz, alle anderen Details und Logos sind ausschlie\u00dflich in Rosa gehalten. Nach einer der Vorlagen von Adidas f\u00fcr die WM 2022 gibt es einen rosafarbenen Streifen, der auf beiden Seiten verl\u00e4uft und hinten am Saum zusammenl\u00e4uft.Auf dem schwarzen Untergrund ist eine interessante, subtile Wellengrafik angebracht, die von sich [&hellip;]<\/p>","protected":false},"featured_media":14194,"comment_status":"open","ping_status":"closed","template":"","meta":[],"product_brand":[],"product_cat":[557],"product_tag":[20,21,22,23,24,562,559,633,634,560,561],"class_list":{"0":"post-14147","1":"product","2":"type-product","3":"status-publish","4":"has-post-thumbnail","6":"product_cat-inter-miami","7":"product_tag-coole-fussballtrikots","8":"product_tag-fussballtrikot-fuer-herren","9":"product_tag-fussballtrikot-guenstig-kaufen","10":"product_tag-fussballtrikot-kurzarm","11":"product_tag-guenstiges-fussballtrikot","12":"product_tag-inter-miami-2023-auswaertstrikot","13":"product_tag-inter-miami-cf-fussballtrikots-herren","14":"product_tag-inter-miami-fussballtrikot","15":"product_tag-inter-miami-trikot","16":"product_tag-inter-miami-trikot-fuer-herren","17":"product_tag-trikot-2023-24","19":"first","20":"instock","21":"shipping-taxable","22":"purchasable","23":"product-type-variable"},"_links":{"self":[{"href":"https:\/\/www.billigtrikotde.com\/sk\/wp-json\/wp\/v2\/product\/14147","targetHints":{"allow":["GET"]}}],"collection":[{"href":"https:\/\/www.billigtrikotde.com\/sk\/wp-json\/wp\/v2\/product"}],"about":[{"href":"https:\/\/www.billigtrikotde.com\/sk\/wp-json\/wp\/v2\/types\/product"}],"replies":[{"embeddable":true,"href":"https:\/\/www.billigtrikotde.com\/sk\/wp-json\/wp\/v2\/comments?post=14147"}],"wp:featuredmedia":[{"embeddable":true,"href":"https:\/\/www.billigtrikotde.com\/sk\/wp-json\/wp\/v2\/media\/14194"}],"wp:attachment":[{"href":"https:\/\/www.billigtrikotde.com\/sk\/wp-json\/wp\/v2\/media?parent=14147"}],"wp:term":[{"taxonomy":"product_brand","embeddable":true,"href":"https:\/\/www.billigtrikotde.com\/sk\/wp-json\/wp\/v2\/product_brand?post=14147"},{"taxonomy":"product_cat","embeddable":true,"href":"https:\/\/www.billigtrikotde.com\/sk\/wp-json\/wp\/v2\/product_cat?post=14147"},{"taxonomy":"product_tag","embeddable":true,"href":"https:\/\/www.billigtrikotde.com\/sk\/wp-json\/wp\/v2\/product_tag?post=14147"}],"curies":[{"name":"wp","href":"https:\/\/api.w.org\/{rel}","templated":true}]}}