{"id":14064,"date":"2024-10-24T06:36:29","date_gmt":"2024-10-24T04:36:29","guid":{"rendered":"http:\/\/billigtrikots.com\/?post_type=product&#038;p=14064"},"modified":"2024-10-24T06:39:09","modified_gmt":"2024-10-24T04:39:09","slug":"guenstig-fussballtrikot-liverpool-auswaertstrikot-2023-24-kurzarm-herren-virgil-van-dijk-4","status":"publish","type":"product","link":"https:\/\/www.billigtrikotde.com\/sk\/guenstig-fussballtrikot-liverpool-auswaertstrikot-2023-24-kurzarm-herren-virgil-van-dijk-4\/","title":{"rendered":"Lacn\u00e9 futbalov\u00e9 tri\u010dko Liverpool Away Shirt 2023-24 kr\u00e1tky ruk\u00e1v mu\u017ei Virgil van Dijk 4"},"content":{"rendered":"<p>Das Liverpool Football Club 2023-24 Ausw\u00e4rtstrikot kombiniert Wei\u00df und Gr\u00fcn mit schwarzen Logos. Offiziell lauten die Farben \u201eWei\u00df \/ Gr\u00fcner Funke \/ Schwarz\u201c.<\/p>\n<p>Jedine\u010dnos\u0165 dresu Liverpool 23-24 spo\u010d\u00edva v jeho dizajne. V\u00fdjazdov\u00fd dres Nike Liverpool 23-24 m\u00e1 vzor v \u0161t\u00fdle 90. rokov v bielej farbe a r\u00f4znych odtie\u0148och zelenej.<\/p>\n<p>Tipy na tla\u010d: Ak s\u00fa meno a \u010d\u00edslo na obr\u00e1zku presne tak\u00e9, ak\u00e9 chcete, nemus\u00edte ich zad\u00e1va\u0165 znova. Ak nie, mali by ste zada\u0165 po\u017eadovan\u00e9 meno a \u010d\u00edslo.<\/p>\n<p>Tipy na pranie: Odpor\u00fa\u010dame pra\u0165 futbalov\u00e9 tri\u010dk\u00e1 v ruke. Ak chcete pou\u017ei\u0165 pr\u00e1\u010dku, nezabudnite futbalov\u00e9 tri\u010dk\u00e1 oto\u010di\u0165 naruby a potom ich vypra\u0165. Napl\u0148te pr\u00e1\u010dku studenou vodou a pou\u017eite jemn\u00fd cyklus, aby ste lep\u0161ie ochr\u00e1nili farby.<\/p>","protected":false},"excerpt":{"rendered":"<p>N\u00e1rodn\u00fd klub Nike Liverpool 2023-24 vonkaj\u0161\u00ed dres kombinuje bielu a zelen\u00fa s \u010diernymi logami. Ofici\u00e1lne s\u00fa farby \u201eBiela \/ Zelen\u00fd iskri\u010di \/ \u010cierna\u201c. \u010co rob\u00ed vonkaj\u0161\u00ed dres Liverpool 23-24 jedine\u010dn\u00fdm, je dizajn. Vonkaj\u0161\u00ed dres Liverpool 23-24 m\u00e1 vzor pripom\u00ednaj\u00faci 90-te roky v bielej a r\u00f4znych odtie\u0148och zelenej. Tipy na tla\u010d: Ak je meno a [\u2026]<\/p>","protected":false},"featured_media":14114,"comment_status":"open","ping_status":"closed","template":"","meta":[],"product_brand":[],"product_cat":[176],"product_tag":[22,479,601,602,735,736,608,737,738],"class_list":{"0":"post-14064","1":"product","2":"type-product","3":"status-publish","4":"has-post-thumbnail","6":"product_cat-liverpool-fc","7":"product_tag-fussballtrikot-guenstig-kaufen","8":"product_tag-fussballtrikots-kaufen","9":"product_tag-liverpool-fussballtrikot","10":"product_tag-liverpool-trikot","11":"product_tag-trikots-2023-24","12":"product_tag-virgil-van-dijk-babykleidung","13":"product_tag-virgil-van-dijk-fussballtrikot","14":"product_tag-virgil-van-dijk-kleidung-kinder","15":"product_tag-virgil-van-dijk-trikot-fuer-kinder","17":"first","18":"instock","19":"shipping-taxable","20":"purchasable","21":"product-type-variable"},"_links":{"self":[{"href":"https:\/\/www.billigtrikotde.com\/sk\/wp-json\/wp\/v2\/product\/14064","targetHints":{"allow":["GET"]}}],"collection":[{"href":"https:\/\/www.billigtrikotde.com\/sk\/wp-json\/wp\/v2\/product"}],"about":[{"href":"https:\/\/www.billigtrikotde.com\/sk\/wp-json\/wp\/v2\/types\/product"}],"replies":[{"embeddable":true,"href":"https:\/\/www.billigtrikotde.com\/sk\/wp-json\/wp\/v2\/comments?post=14064"}],"wp:featuredmedia":[{"embeddable":true,"href":"https:\/\/www.billigtrikotde.com\/sk\/wp-json\/wp\/v2\/media\/14114"}],"wp:attachment":[{"href":"https:\/\/www.billigtrikotde.com\/sk\/wp-json\/wp\/v2\/media?parent=14064"}],"wp:term":[{"taxonomy":"product_brand","embeddable":true,"href":"https:\/\/www.billigtrikotde.com\/sk\/wp-json\/wp\/v2\/product_brand?post=14064"},{"taxonomy":"product_cat","embeddable":true,"href":"https:\/\/www.billigtrikotde.com\/sk\/wp-json\/wp\/v2\/product_cat?post=14064"},{"taxonomy":"product_tag","embeddable":true,"href":"https:\/\/www.billigtrikotde.com\/sk\/wp-json\/wp\/v2\/product_tag?post=14064"}],"curies":[{"name":"wp","href":"https:\/\/api.w.org\/{rel}","templated":true}]}}