{"id":14047,"date":"2024-10-24T06:35:47","date_gmt":"2024-10-24T04:35:47","guid":{"rendered":"http:\/\/billigtrikots.com\/?post_type=product&#038;p=14047"},"modified":"2024-10-24T06:38:02","modified_gmt":"2024-10-24T04:38:02","slug":"neuen-herren-as-roma-heimtrikot-2023-24-kurzarm-personalisierte-fussballtrikots","status":"publish","type":"product","link":"https:\/\/www.billigtrikotde.com\/sk\/neuen-herren-as-roma-heimtrikot-2023-24-kurzarm-personalisierte-fussballtrikots\/","title":{"rendered":"Nov\u00e9 p\u00e1nske dom\u00e1ce tri\u010dko AS Roma 2023-24 s kr\u00e1tkym ruk\u00e1vom Personalizovan\u00e9 futbalov\u00e9 tri\u010dk\u00e1"},"content":{"rendered":"<p>Dres Associazione Sportiva Roma 2023-24 je in\u0161pirovan\u00fd dresom z rokov 1992-94. M\u00e1 tradi\u010dn\u00e9 farby klubu, \u010derven\u00fa a \u017elt\u00fa, so s\u00fa\u010dasn\u00fdm r\u00edmskym erbom na zadnej strane pod golierom dom\u00e1ceho dresu Roma 23-24. Na drese AS Roma 2023-24 vynik\u00e1 erb, ako aj golier a man\u017eety. Adidas pou\u017e\u00edva lupetto namiesto s\u00fa\u010dasn\u00e9ho loga Roma. Man\u017eety aj golier zdobia \u017elt\u00e9 pruhy.<\/p>\n<p>Tipy na tla\u010d: Ak s\u00fa meno a \u010d\u00edslo na obr\u00e1zku presne tak\u00e9, ak\u00e9 chcete, nemus\u00edte ich zad\u00e1va\u0165 znova. Ak nie, mali by ste zada\u0165 po\u017eadovan\u00e9 meno a \u010d\u00edslo.<\/p>\n<p>Tipy na pranie: Odpor\u00fa\u010dame pra\u0165 futbalov\u00e9 tri\u010dk\u00e1 v ruke. Ak chcete pou\u017ei\u0165 pr\u00e1\u010dku, nezabudnite futbalov\u00e9 tri\u010dk\u00e1 oto\u010di\u0165 naruby a potom ich vypra\u0165. Napl\u0148te pr\u00e1\u010dku studenou vodou a pou\u017eite jemn\u00fd cyklus, aby ste lep\u0161ie ochr\u00e1nili farby.<\/p>","protected":false},"excerpt":{"rendered":"<p>Das Associazione Sportiva Roma 2023-24 Trikot ist vom Trikot 1992-94 inspiriert. Es hat die traditionellen Farben des Vereins, Rot und Gelb.Auf der R\u00fcckseite unter dem Kragen des Roma 23-24 Heimtrikots befindet sich das aktuelle Roma Wappen.Was beim AS Roma 2023-24 Trikot auff\u00e4llt, sind das Wappen sowie der Kragen und die \u00c4rmelb\u00fcndchen. Adidas verwendet das Lupetto [&hellip;]<\/p>","protected":false},"featured_media":14089,"comment_status":"open","ping_status":"closed","template":"","meta":[],"product_brand":[],"product_cat":[85],"product_tag":[722,86,480,723,87,20,21,23,479,24,478],"class_list":{"0":"post-14047","1":"product","2":"type-product","3":"status-publish","4":"has-post-thumbnail","6":"product_cat-as-roma","7":"product_tag-as-roma-fussballtrikot","8":"product_tag-as-roma-heimtrikot","9":"product_tag-as-roma-neues-trikot","10":"product_tag-as-roma-trikot","11":"product_tag-as-roma-trikots","12":"product_tag-coole-fussballtrikots","13":"product_tag-fussballtrikot-fuer-herren","14":"product_tag-fussballtrikot-kurzarm","15":"product_tag-fussballtrikots-kaufen","16":"product_tag-guenstiges-fussballtrikot","17":"product_tag-herren-fussballtrikots","19":"first","20":"instock","21":"shipping-taxable","22":"purchasable","23":"product-type-variable"},"_links":{"self":[{"href":"https:\/\/www.billigtrikotde.com\/sk\/wp-json\/wp\/v2\/product\/14047","targetHints":{"allow":["GET"]}}],"collection":[{"href":"https:\/\/www.billigtrikotde.com\/sk\/wp-json\/wp\/v2\/product"}],"about":[{"href":"https:\/\/www.billigtrikotde.com\/sk\/wp-json\/wp\/v2\/types\/product"}],"replies":[{"embeddable":true,"href":"https:\/\/www.billigtrikotde.com\/sk\/wp-json\/wp\/v2\/comments?post=14047"}],"wp:featuredmedia":[{"embeddable":true,"href":"https:\/\/www.billigtrikotde.com\/sk\/wp-json\/wp\/v2\/media\/14089"}],"wp:attachment":[{"href":"https:\/\/www.billigtrikotde.com\/sk\/wp-json\/wp\/v2\/media?parent=14047"}],"wp:term":[{"taxonomy":"product_brand","embeddable":true,"href":"https:\/\/www.billigtrikotde.com\/sk\/wp-json\/wp\/v2\/product_brand?post=14047"},{"taxonomy":"product_cat","embeddable":true,"href":"https:\/\/www.billigtrikotde.com\/sk\/wp-json\/wp\/v2\/product_cat?post=14047"},{"taxonomy":"product_tag","embeddable":true,"href":"https:\/\/www.billigtrikotde.com\/sk\/wp-json\/wp\/v2\/product_tag?post=14047"}],"curies":[{"name":"wp","href":"https:\/\/api.w.org\/{rel}","templated":true}]}}