{"id":13701,"date":"2024-10-24T06:17:10","date_gmt":"2024-10-24T04:17:10","guid":{"rendered":"http:\/\/billigtrikots.com\/?post_type=product&#038;p=13701"},"modified":"2024-10-24T06:19:59","modified_gmt":"2024-10-24T04:19:59","slug":"vintage-manchester-united-1991-92-away-league-cup-final-auswaertstrikot","status":"publish","type":"product","link":"https:\/\/www.billigtrikotde.com\/sk\/vintage-manchester-united-1991-92-away-league-cup-final-auswaertstrikot\/","title":{"rendered":"Ro\u010dn\u00edk Manchester United 1991\/92 AWAY LEAGUE CUP FINAL v\u00fdjazdov\u00e1 s\u00faprava"},"content":{"rendered":"<p>Manchester United 1991-1992 v\u00fdkopov\u00fd dres je posledn\u00fd v\u00fdkopov\u00fd dres, ktor\u00fd Adidas vyrobil pred akviz\u00edciou Umbro v roku 1992. Vyzna\u010duje sa jedine\u010dn\u00fdm dizajnom v bielej, modrej a \u010dervenej farbe. V\u00fdznamn\u00fdm prvkom je jedine\u010dn\u00fd allover grafick\u00fd potla\u010d na prednej strane, ktor\u00fd bude vidite\u013en\u00fd aj na novom Adidas Manchester United 17-18 v\u00fdkopovom drese.<\/p>\n<p>Tipy na tla\u010d: Ak s\u00fa meno a \u010d\u00edslo na obr\u00e1zku presne tak\u00e9, ak\u00e9 chcete, nemus\u00edte ich zad\u00e1va\u0165 znova. Ak nie, mali by ste zada\u0165 po\u017eadovan\u00e9 meno a \u010d\u00edslo.<\/p>\n<p>Tipy na pranie: Odpor\u00fa\u010dame pra\u0165 futbalov\u00e9 tri\u010dk\u00e1 v ruke. Ak chcete pou\u017ei\u0165 pr\u00e1\u010dku, nezabudnite futbalov\u00e9 tri\u010dk\u00e1 oto\u010di\u0165 naruby a potom ich vypra\u0165. Napl\u0148te pr\u00e1\u010dku studenou vodou a pou\u017eite jemn\u00fd cyklus, aby ste lep\u0161ie ochr\u00e1nili farby.<\/p>","protected":false},"excerpt":{"rendered":"<p>Manchester United 1991-1992 v\u00fdkopov\u00fd dres je posledn\u00fd v\u00fdkopov\u00fd dres, ktor\u00fd Adidas vyrobil pred akviz\u00edciou Umbro v roku 1992. Vyzna\u010duje sa jedine\u010dn\u00fdm dizajnom v bielej, modrej a \u010dervenej farbe. V\u00fdznamn\u00fdm prvkom je jedine\u010dn\u00fd allover grafick\u00fd potla\u010d na prednej strane, ktor\u00fd bude vidite\u013en\u00fd aj na novom Adidas Manchester United 17-18 v\u00fdkopovom drese.<\/p>","protected":false},"featured_media":13745,"comment_status":"open","ping_status":"closed","template":"","meta":[],"product_brand":[],"product_cat":[50],"product_tag":[20,21,22,23,228,24,511,656],"class_list":{"0":"post-13701","1":"product","2":"type-product","3":"status-publish","4":"has-post-thumbnail","6":"product_cat-manchester-united","7":"product_tag-coole-fussballtrikots","8":"product_tag-fussballtrikot-fuer-herren","9":"product_tag-fussballtrikot-guenstig-kaufen","10":"product_tag-fussballtrikot-kurzarm","11":"product_tag-guenstige-fussballtrikot","12":"product_tag-guenstiges-fussballtrikot","13":"product_tag-vintage-glasgow-rangers-fussballtrikot","14":"product_tag-vintage-manchester-united-fussballtrikot-1991-92","16":"first","17":"instock","18":"shipping-taxable","19":"purchasable","20":"product-type-variable"},"_links":{"self":[{"href":"https:\/\/www.billigtrikotde.com\/sk\/wp-json\/wp\/v2\/product\/13701","targetHints":{"allow":["GET"]}}],"collection":[{"href":"https:\/\/www.billigtrikotde.com\/sk\/wp-json\/wp\/v2\/product"}],"about":[{"href":"https:\/\/www.billigtrikotde.com\/sk\/wp-json\/wp\/v2\/types\/product"}],"replies":[{"embeddable":true,"href":"https:\/\/www.billigtrikotde.com\/sk\/wp-json\/wp\/v2\/comments?post=13701"}],"wp:featuredmedia":[{"embeddable":true,"href":"https:\/\/www.billigtrikotde.com\/sk\/wp-json\/wp\/v2\/media\/13745"}],"wp:attachment":[{"href":"https:\/\/www.billigtrikotde.com\/sk\/wp-json\/wp\/v2\/media?parent=13701"}],"wp:term":[{"taxonomy":"product_brand","embeddable":true,"href":"https:\/\/www.billigtrikotde.com\/sk\/wp-json\/wp\/v2\/product_brand?post=13701"},{"taxonomy":"product_cat","embeddable":true,"href":"https:\/\/www.billigtrikotde.com\/sk\/wp-json\/wp\/v2\/product_cat?post=13701"},{"taxonomy":"product_tag","embeddable":true,"href":"https:\/\/www.billigtrikotde.com\/sk\/wp-json\/wp\/v2\/product_tag?post=13701"}],"curies":[{"name":"wp","href":"https:\/\/api.w.org\/{rel}","templated":true}]}}