{"id":13658,"date":"2024-10-24T06:14:23","date_gmt":"2024-10-24T04:14:23","guid":{"rendered":"http:\/\/billigtrikots.com\/?post_type=product&#038;p=13658"},"modified":"2024-10-24T06:17:04","modified_gmt":"2024-10-24T04:17:04","slug":"kinderheim-trikot-fc-barcelona-23-24-trikot-kurzarm-kurze-hosen-pedri-8","status":"publish","type":"product","link":"https:\/\/www.billigtrikotde.com\/sk\/kinderheim-trikot-fc-barcelona-23-24-trikot-kurzarm-kurze-hosen-pedri-8\/","title":{"rendered":"Detsk\u00e9 dom\u00e1ce tri\u010dko FC Barcelona 23-24 Tri\u010dko s kr\u00e1tkym ruk\u00e1vom + \u0161ortky PEDRI 8"},"content":{"rendered":"<p>Po mnoh\u00fdch \u00fanikoch bol kone\u010dne odhalen\u00fd dres FC Barcelona na sez\u00f3nu 2023-2024. Pruhy maj\u00fa na okrajoch mrie\u017ekov\u00fd vzor a logo m\u00e1 skryt\u00fd leskl\u00fd diamant \u2013 oboje je pocta \u017eensk\u00e9mu t\u00edmu.<\/p>\n<p>Dres FC Barcelona 2023-2024 sa vracia k najklasickej\u0161iemu dizajnu dresu klubu, ktor\u00fd bol predstaven\u00fd v roku 1912 a a\u017e do 90. rokov sa udr\u017eiaval v takmer rovnakom \u0161t\u00fdle. Dres Nike FC Barcelona 23-24 m\u00e1 na prednej strane dve \u0161irok\u00e9 \u010derven\u00e9 pruhy. Ruky s\u00fa \u010derven\u00e9. Zvl\u00e1\u0161tne je, \u017ee tradi\u010dn\u00e9 pruhy dresu na okrajoch maj\u00fa mrie\u017ekovan\u00fd vzor. To je in\u0161pirovan\u00e9 star\u00fdm \u0161ijac\u00edm diamantov\u00fdm logom aktu\u00e1lneho \u017eensk\u00e9ho t\u00edmu Barcelony.<\/p>\n<p>Tipy na tla\u010d: Ak s\u00fa meno a \u010d\u00edslo na obr\u00e1zku presne tak\u00e9, ak\u00e9 chcete, nemus\u00edte ich zad\u00e1va\u0165 znova. Ak nie, mali by ste zada\u0165 po\u017eadovan\u00e9 meno a \u010d\u00edslo.<\/p>\n<p>Tipy na pranie: Odpor\u00fa\u010dame pra\u0165 futbalov\u00e9 tri\u010dk\u00e1 v ruke. Ak chcete pou\u017ei\u0165 pr\u00e1\u010dku, nezabudnite futbalov\u00e9 tri\u010dk\u00e1 oto\u010di\u0165 naruby a potom ich vypra\u0165. Napl\u0148te pr\u00e1\u010dku studenou vodou a pou\u017eite jemn\u00fd cyklus, aby ste lep\u0161ie ochr\u00e1nili farby.<\/p>","protected":false},"excerpt":{"rendered":"<p>Po mnoh\u00fdch \u00fanikoch bol dres Barcelony 2023-2024 kone\u010dne odhalen\u00fd. Pruhy maj\u00fa na okrajoch \u0161tvorcov\u00fd vzor a logo skr\u00fdva \u017eiariv\u00fd diamant \u2013 oboje je poctou \u017eensk\u00e9mu t\u00edmu. Dres FC Barcelona 2023-2024 sa vracia k najtradi\u010dnej\u0161iemu dizajnu dresov klubu, ktor\u00fd bol uveden\u00fd v roku 1912 a a\u017e do 90. rokov[\u2026]<\/p>","protected":false},"featured_media":13698,"comment_status":"open","ping_status":"closed","template":"","meta":[],"product_brand":[],"product_cat":[146],"product_tag":[147,20,460,33,574,21,22,24,94],"class_list":{"0":"post-13658","1":"product","2":"type-product","3":"status-publish","4":"has-post-thumbnail","6":"product_cat-barcelona-kindertrikot","7":"product_tag-barcelona-trikotsatz-fuer-kinder","8":"product_tag-coole-fussballtrikots","9":"product_tag-deutschland-fussballtrikots","10":"product_tag-fc-barcelona-trikots","11":"product_tag-fussballtrikot-deutschland","12":"product_tag-fussballtrikot-fuer-herren","13":"product_tag-fussballtrikot-guenstig-kaufen","14":"product_tag-guenstiges-fussballtrikot","15":"product_tag-kinder-fussball-trikotsatz","17":"first","18":"instock","19":"shipping-taxable","20":"purchasable","21":"product-type-variable"},"_links":{"self":[{"href":"https:\/\/www.billigtrikotde.com\/sk\/wp-json\/wp\/v2\/product\/13658","targetHints":{"allow":["GET"]}}],"collection":[{"href":"https:\/\/www.billigtrikotde.com\/sk\/wp-json\/wp\/v2\/product"}],"about":[{"href":"https:\/\/www.billigtrikotde.com\/sk\/wp-json\/wp\/v2\/types\/product"}],"replies":[{"embeddable":true,"href":"https:\/\/www.billigtrikotde.com\/sk\/wp-json\/wp\/v2\/comments?post=13658"}],"wp:featuredmedia":[{"embeddable":true,"href":"https:\/\/www.billigtrikotde.com\/sk\/wp-json\/wp\/v2\/media\/13698"}],"wp:attachment":[{"href":"https:\/\/www.billigtrikotde.com\/sk\/wp-json\/wp\/v2\/media?parent=13658"}],"wp:term":[{"taxonomy":"product_brand","embeddable":true,"href":"https:\/\/www.billigtrikotde.com\/sk\/wp-json\/wp\/v2\/product_brand?post=13658"},{"taxonomy":"product_cat","embeddable":true,"href":"https:\/\/www.billigtrikotde.com\/sk\/wp-json\/wp\/v2\/product_cat?post=13658"},{"taxonomy":"product_tag","embeddable":true,"href":"https:\/\/www.billigtrikotde.com\/sk\/wp-json\/wp\/v2\/product_tag?post=13658"}],"curies":[{"name":"wp","href":"https:\/\/api.w.org\/{rel}","templated":true}]}}