{"id":1335,"date":"2024-10-23T13:25:48","date_gmt":"2024-10-23T11:25:48","guid":{"rendered":"http:\/\/billigtrikots.com\/?post_type=product&#038;p=1335"},"modified":"2024-10-23T13:27:43","modified_gmt":"2024-10-23T11:27:43","slug":"personalisierbar-trikotsatz-fc-arsenal-heimtrikot-2022-langarm-weiss-rot-martines-26","status":"publish","type":"product","link":"https:\/\/www.billigtrikotde.com\/sk\/personalisierbar-trikotsatz-fc-arsenal-heimtrikot-2022-langarm-weiss-rot-martines-26\/","title":{"rendered":"Prisp\u00f4sobite\u013en\u00e1 dom\u00e1ca s\u00faprava FC Arsenal 2022 s dlh\u00fdm ruk\u00e1vom biela\/\u010derven\u00e1 MARTINES 26"},"content":{"rendered":"<p>Arsenal a adidas \u2013 tam je \u00faspech dopredu napl\u00e1novan\u00fd. S t\u00fdmto futbalov\u00fdm dresom d\u00e1vame klasike nov\u00fd \u017eivot, ktor\u00fa klub zo severu Lond\u00fdna dok\u00e1zal ve\u013ek\u00e9 v\u00ed\u0165azstv\u00e1, zverejni\u0165. Okrem toho je fan\u00fa\u0161ikovsk\u00e1 verzia z pr\u00edjemne m\u00e4kk\u00e9ho, vlhkos\u0165 odv\u00e1dzaj\u00faceho materi\u00e1lu a je o nie\u010do \u0161ir\u0161ie strihan\u00e1 ne\u017e model, ktor\u00fd nosia profesion\u00e1lni hr\u00e1\u010di v de\u0148 z\u00e1pasu. Sl\u00e1vne klubov\u00e9 logo na hrudi rob\u00ed dizajn dokonal\u00fdm. T\u00e1to verzia je o nie\u010do \u0161ir\u0161ie strihan\u00e1 ako ofici\u00e1lna hr\u00e1\u010dska v\u00fdstroj. Gomb\u00edk s v\u00fdstrihom do V, so zo\u0161it\u00e9mi dlh\u00fdmi ruk\u00e1vmi. Pr\u00edjemne m\u00e4kk\u00fd, \u013eahk\u00fd materi\u00e1l. Materi\u00e1l odv\u00e1dzaj\u00faci vlhkos\u0165 Climalite. Tkan\u00e9 klubov\u00e9 logo FC Arsenal. Dres bol vyroben\u00fd z recyklovan\u00e9ho polyesteru, aby sa \u0161etrili zdroje a zni\u017eovala sa emisia \u0161kodliv\u00fdch l\u00e1tok. Materi\u00e1l: 100% polyester.<\/p>\n<p>Tipy na tla\u010d: Ak s\u00fa meno a \u010d\u00edslo na obr\u00e1zku presne tak\u00e9, ak\u00e9 chcete, nemus\u00edte ich zad\u00e1va\u0165 znova. Ak nie, mali by ste zada\u0165 po\u017eadovan\u00e9 meno a \u010d\u00edslo.<\/p>\n<p>Tipy na pranie: Odpor\u00fa\u010dame pra\u0165 futbalov\u00e9 tri\u010dk\u00e1 v ruke. Ak chcete pou\u017ei\u0165 pr\u00e1\u010dku, nezabudnite futbalov\u00e9 tri\u010dk\u00e1 oto\u010di\u0165 naruby a potom ich vypra\u0165. Napl\u0148te pr\u00e1\u010dku studenou vodou a pou\u017eite jemn\u00fd cyklus, aby ste lep\u0161ie ochr\u00e1nili farby.<\/p>","protected":false},"excerpt":{"rendered":"<p>Arsenal und adidas \u2013 da ist Erfolg vorprogrammiert. Mit diesem Fu\u00dfballtrikot legen wir einen Klassiker, mit dem der Club aus dem Norden Londons gro\u00dfe Siege verbuchen konnte, neu auf. Au\u00dferdem ist die Fan-Version aus angenehm weichem, feuchtigkeitsableitendem Material und etwas weiter geschnitten als das Modell, das die Profi-Kicker an Spieltagen tragen. Das ber\u00fchmte Vereinslogo auf [&hellip;]<\/p>","protected":false},"featured_media":1373,"comment_status":"open","ping_status":"closed","template":"","meta":[],"product_brand":[],"product_cat":[55],"product_tag":[20,56,57,38,21,22,24],"class_list":{"0":"post-1335","1":"product","2":"type-product","3":"status-publish","4":"has-post-thumbnail","6":"product_cat-arsenal","7":"product_tag-coole-fussballtrikots","8":"product_tag-fc-arsenal-heimtrikot","9":"product_tag-fc-arsenal-trikots","10":"product_tag-fussball-trikot-langarm","11":"product_tag-fussballtrikot-fuer-herren","12":"product_tag-fussballtrikot-guenstig-kaufen","13":"product_tag-guenstiges-fussballtrikot","15":"first","16":"instock","17":"shipping-taxable","18":"purchasable","19":"product-type-variable"},"_links":{"self":[{"href":"https:\/\/www.billigtrikotde.com\/sk\/wp-json\/wp\/v2\/product\/1335","targetHints":{"allow":["GET"]}}],"collection":[{"href":"https:\/\/www.billigtrikotde.com\/sk\/wp-json\/wp\/v2\/product"}],"about":[{"href":"https:\/\/www.billigtrikotde.com\/sk\/wp-json\/wp\/v2\/types\/product"}],"replies":[{"embeddable":true,"href":"https:\/\/www.billigtrikotde.com\/sk\/wp-json\/wp\/v2\/comments?post=1335"}],"wp:featuredmedia":[{"embeddable":true,"href":"https:\/\/www.billigtrikotde.com\/sk\/wp-json\/wp\/v2\/media\/1373"}],"wp:attachment":[{"href":"https:\/\/www.billigtrikotde.com\/sk\/wp-json\/wp\/v2\/media?parent=1335"}],"wp:term":[{"taxonomy":"product_brand","embeddable":true,"href":"https:\/\/www.billigtrikotde.com\/sk\/wp-json\/wp\/v2\/product_brand?post=1335"},{"taxonomy":"product_cat","embeddable":true,"href":"https:\/\/www.billigtrikotde.com\/sk\/wp-json\/wp\/v2\/product_cat?post=1335"},{"taxonomy":"product_tag","embeddable":true,"href":"https:\/\/www.billigtrikotde.com\/sk\/wp-json\/wp\/v2\/product_tag?post=1335"}],"curies":[{"name":"wp","href":"https:\/\/api.w.org\/{rel}","templated":true}]}}