{"id":13302,"date":"2024-10-24T05:55:27","date_gmt":"2024-10-24T03:55:27","guid":{"rendered":"http:\/\/billigtrikots.com\/?post_type=product&#038;p=13302"},"modified":"2025-06-09T04:42:25","modified_gmt":"2025-06-09T02:42:25","slug":"herren-fussballtrikots-arsenal-heimtrikot-2023-24-kurzarm-thomas-partey-5","status":"publish","type":"product","link":"https:\/\/www.billigtrikotde.com\/sk\/herren-fussballtrikots-arsenal-heimtrikot-2023-24-kurzarm-thomas-partey-5\/","title":{"rendered":"P\u00e1nske futbalov\u00e9 tri\u010dk\u00e1 Arsenal Home Shirt 2023-24 kr\u00e1tky ruk\u00e1v Thomas Partey 5"},"content":{"rendered":"<p>Jemn\u00fd vzor Zap a zlat\u00fd prvok Zap na zadnej strane pod golierom dotv\u00e1raj\u00fa vzh\u013ead dom\u00e1ceho dresu Arsenal 23-24. \u010eal\u0161\u00edm skvel\u00fdm detailom nov\u00e9ho dom\u00e1ceho dresu Arsenalu je jemn\u00e1 potla\u010d na vn\u00fatornej strane bieleho bo\u010dn\u00e9ho pruhu, ktor\u00e1 zobrazuje sk\u00f3re t\u00edmu Invincibles 2003-04. Odtie\u0148 hlavnej \u010dervenej farby dom\u00e1ceho dresu Arsenalu 23-24 sa naz\u00fdva \"Better Scarlet\". Je to o nie\u010do tmav\u0161ia farba ako \u010derven\u00e1 z predch\u00e1dzaj\u00facich sez\u00f3n.<\/p>\n<p>Tipy na tla\u010d: Ak s\u00fa meno a \u010d\u00edslo na obr\u00e1zku presne tak\u00e9, ak\u00e9 chcete, nemus\u00edte ich zad\u00e1va\u0165 znova. Ak nie, mali by ste zada\u0165 po\u017eadovan\u00e9 meno a \u010d\u00edslo.<\/p>\n<p>Tipy na pranie: Odpor\u00fa\u010dame pra\u0165 futbalov\u00e9 tri\u010dk\u00e1 v ruke. Ak chcete pou\u017ei\u0165 pr\u00e1\u010dku, nezabudnite futbalov\u00e9 tri\u010dk\u00e1 oto\u010di\u0165 naruby a potom ich vypra\u0165. Napl\u0148te pr\u00e1\u010dku studenou vodou a pou\u017eite jemn\u00fd cyklus, aby ste lep\u0161ie ochr\u00e1nili farby.<\/p>","protected":false},"excerpt":{"rendered":"<p>Ein dezentes Zap-Muster und ein goldenes Zap-Element auf der R\u00fcckseite unter dem Kragen runden den Look des Arsenal 23-24 Heimtrikots ab. Ein weiteres cooles Detail des neuen Arsenal-Heimtrikots ist ein dezenter Aufdruck auf der Innenseite des wei\u00dfen Seitenstreifens, auf dem die Spielergebnisse des 2003-04 Invincibles-Teams abgebildet sind.Der Farbton der roten Hauptfarbe des Arsenal 23-24 Heimtrikots [&hellip;]<\/p>","protected":false},"featured_media":13345,"comment_status":"open","ping_status":"closed","template":"","meta":[],"product_brand":[],"product_cat":[55],"product_tag":[584,609,610,20,574,21,22,23,24,585,611,612,613,614],"class_list":{"0":"post-13302","1":"product","2":"type-product","3":"status-publish","4":"has-post-thumbnail","6":"product_cat-arsenal","7":"product_tag-arsenal-2023-24-trikot","8":"product_tag-arsenal-fussballtrikot","9":"product_tag-arsenal-trikot","10":"product_tag-coole-fussballtrikots","11":"product_tag-fussballtrikot-deutschland","12":"product_tag-fussballtrikot-fuer-herren","13":"product_tag-fussballtrikot-guenstig-kaufen","14":"product_tag-fussballtrikot-kurzarm","15":"product_tag-guenstiges-fussballtrikot","16":"product_tag-herren-fussballtrikot","17":"product_tag-thomas-partey-babykleidung","18":"product_tag-thomas-partey-fussballtrikot","19":"product_tag-thomas-partey-kleidung-kinder","20":"product_tag-thomas-partey-trikot-fuer-kinder","22":"first","23":"instock","24":"shipping-taxable","25":"purchasable","26":"product-type-variable"},"_links":{"self":[{"href":"https:\/\/www.billigtrikotde.com\/sk\/wp-json\/wp\/v2\/product\/13302","targetHints":{"allow":["GET"]}}],"collection":[{"href":"https:\/\/www.billigtrikotde.com\/sk\/wp-json\/wp\/v2\/product"}],"about":[{"href":"https:\/\/www.billigtrikotde.com\/sk\/wp-json\/wp\/v2\/types\/product"}],"replies":[{"embeddable":true,"href":"https:\/\/www.billigtrikotde.com\/sk\/wp-json\/wp\/v2\/comments?post=13302"}],"wp:featuredmedia":[{"embeddable":true,"href":"https:\/\/www.billigtrikotde.com\/sk\/wp-json\/wp\/v2\/media\/13345"}],"wp:attachment":[{"href":"https:\/\/www.billigtrikotde.com\/sk\/wp-json\/wp\/v2\/media?parent=13302"}],"wp:term":[{"taxonomy":"product_brand","embeddable":true,"href":"https:\/\/www.billigtrikotde.com\/sk\/wp-json\/wp\/v2\/product_brand?post=13302"},{"taxonomy":"product_cat","embeddable":true,"href":"https:\/\/www.billigtrikotde.com\/sk\/wp-json\/wp\/v2\/product_cat?post=13302"},{"taxonomy":"product_tag","embeddable":true,"href":"https:\/\/www.billigtrikotde.com\/sk\/wp-json\/wp\/v2\/product_tag?post=13302"}],"curies":[{"name":"wp","href":"https:\/\/api.w.org\/{rel}","templated":true}]}}