{"id":13184,"date":"2024-10-24T05:49:41","date_gmt":"2024-10-24T03:49:41","guid":{"rendered":"http:\/\/billigtrikots.com\/?post_type=product&#038;p=13184"},"modified":"2024-10-24T05:52:24","modified_gmt":"2024-10-24T03:52:24","slug":"kinder-heimtrikot-paris-saint-germain-psg-23-24-trikot-fussball-trikotsatz-neymar-jr-10","status":"publish","type":"product","link":"https:\/\/www.billigtrikotde.com\/sk\/kinder-heimtrikot-paris-saint-germain-psg-23-24-trikot-fussball-trikotsatz-neymar-jr-10\/","title":{"rendered":"Detsk\u00fd dom\u00e1ci dres Paris Saint-Germain PSG 23-24 Shirt Futbalov\u00fd dres Neymar Jr 10"},"content":{"rendered":"<p>Dres Nike PSG 2023-24 je tmavomodr\u00fd s \u010derven\u00fdm pruhom na \u013eavej strane, ktor\u00fd sa smerom k spodnej \u010dasti dresu zmen\u0161uje. Na \u013eavej a pravej strane \u010derven\u00e9ho dresu sa nach\u00e1dza aj biely pruh in\u0161pirovan\u00fd klasick\u00fdm dizajnom t\u00edmu Hechter a bledn\u00faci dizajn je in\u0161pirovan\u00fd panor\u00e1mou Par\u00ed\u017ea, ktor\u00e1 sa str\u00e1ca na no\u010dnej oblohe. Zauj\u00edmavos\u0165ou je, \u017ee n\u00e1pis swoosh je \u010derven\u00fd a nie biely. V\u0161etky ostatn\u00e9 log\u00e1 sponzorov s\u00fa biele.<\/p>\n<p>Tipy na tla\u010d: Ak s\u00fa meno a \u010d\u00edslo na obr\u00e1zku presne tak\u00e9, ak\u00e9 chcete, nemus\u00edte ich zad\u00e1va\u0165 znova. Ak nie, mali by ste zada\u0165 po\u017eadovan\u00e9 meno a \u010d\u00edslo.<\/p>\n<p>Tipy na pranie: Odpor\u00fa\u010dame pra\u0165 futbalov\u00e9 tri\u010dk\u00e1 v ruke. Ak chcete pou\u017ei\u0165 pr\u00e1\u010dku, nezabudnite futbalov\u00e9 tri\u010dk\u00e1 oto\u010di\u0165 naruby a potom ich vypra\u0165. Napl\u0148te pr\u00e1\u010dku studenou vodou a pou\u017eite jemn\u00fd cyklus, aby ste lep\u0161ie ochr\u00e1nili farby.<\/p>","protected":false},"excerpt":{"rendered":"<p>Das Nike PSG 2023-24 Trikot ist marineblau mit einem roten Streifen auf der linken Seite, der zum unteren Teil des Trikots hin verblasst. Links und rechts des roten Trikots befindet sich au\u00dferdem ein wei\u00dfer Streifen, der vom klassischen Hechter-Design der Mannschaft inspiriert ist.Das verblassende Design ist davon inspiriert, wie die Pariser Skyline im Nachthimmel verblasst. [&hellip;]<\/p>","protected":false},"featured_media":13232,"comment_status":"open","ping_status":"closed","template":"","meta":[],"product_brand":[],"product_cat":[160],"product_tag":[20,535,456,43,574,21,22,577,24,94,484,485,41,575,159],"class_list":{"0":"post-13184","1":"product","2":"type-product","3":"status-publish","4":"has-post-thumbnail","6":"product_cat-paris-saint-germain-kindertrikot","7":"product_tag-coole-fussballtrikots","8":"product_tag-deutschland-trikot","9":"product_tag-fussball-kurzarm","10":"product_tag-fussballkleidung","11":"product_tag-fussballtrikot-deutschland","12":"product_tag-fussballtrikot-fuer-herren","13":"product_tag-fussballtrikot-guenstig-kaufen","14":"product_tag-fussballtrikots-trikotsatz","15":"product_tag-guenstiges-fussballtrikot","16":"product_tag-kinder-fussball-trikotsatz","17":"product_tag-paris-saint-germain-psg-fussballtrikot","18":"product_tag-paris-saint-germain-psg-trikot","19":"product_tag-paris-saint-germain-trikots","20":"product_tag-psg-23-24-trikot","21":"product_tag-psg-trikotsatz-fuer-kinder","23":"first","24":"instock","25":"shipping-taxable","26":"purchasable","27":"product-type-variable"},"_links":{"self":[{"href":"https:\/\/www.billigtrikotde.com\/sk\/wp-json\/wp\/v2\/product\/13184","targetHints":{"allow":["GET"]}}],"collection":[{"href":"https:\/\/www.billigtrikotde.com\/sk\/wp-json\/wp\/v2\/product"}],"about":[{"href":"https:\/\/www.billigtrikotde.com\/sk\/wp-json\/wp\/v2\/types\/product"}],"replies":[{"embeddable":true,"href":"https:\/\/www.billigtrikotde.com\/sk\/wp-json\/wp\/v2\/comments?post=13184"}],"wp:featuredmedia":[{"embeddable":true,"href":"https:\/\/www.billigtrikotde.com\/sk\/wp-json\/wp\/v2\/media\/13232"}],"wp:attachment":[{"href":"https:\/\/www.billigtrikotde.com\/sk\/wp-json\/wp\/v2\/media?parent=13184"}],"wp:term":[{"taxonomy":"product_brand","embeddable":true,"href":"https:\/\/www.billigtrikotde.com\/sk\/wp-json\/wp\/v2\/product_brand?post=13184"},{"taxonomy":"product_cat","embeddable":true,"href":"https:\/\/www.billigtrikotde.com\/sk\/wp-json\/wp\/v2\/product_cat?post=13184"},{"taxonomy":"product_tag","embeddable":true,"href":"https:\/\/www.billigtrikotde.com\/sk\/wp-json\/wp\/v2\/product_tag?post=13184"}],"curies":[{"name":"wp","href":"https:\/\/api.w.org\/{rel}","templated":true}]}}