{"id":12653,"date":"2024-10-24T05:22:50","date_gmt":"2024-10-24T03:22:50","guid":{"rendered":"http:\/\/billigtrikots.com\/?post_type=product&#038;p=12653"},"modified":"2025-10-16T16:03:17","modified_gmt":"2025-10-16T14:03:17","slug":"frauen-real-madrid-22-23-drittes-trikot-kurzarm-guenstig-fussballtrikots-marco-asensio-11","status":"publish","type":"product","link":"https:\/\/www.billigtrikotde.com\/sk\/frauen-real-madrid-22-23-drittes-trikot-kurzarm-guenstig-fussballtrikots-marco-asensio-11\/","title":{"rendered":"D\u00e1mske tri\u010dko Real Madrid 22-23 s kr\u00e1tkym ruk\u00e1vom Lacn\u00e9 futbalov\u00e9 tri\u010dk\u00e1 Marco Asensio 11"},"content":{"rendered":"<p>Na rozdiel od klasick\u00e9ho dom\u00e1ceho \/ vonkaj\u0161ieho p\u00edsma m\u00e1 nov\u00e9 p\u00edsmo tretej s\u00fapravy dresov Adidas Real Madrid 22-23 modern\u00fd vzh\u013ead. Modern\u00e9 p\u00edsmo dokonale lad\u00ed s modern\u00fdm dizajnom dresu, ktor\u00fd je in\u0161pirovan\u00fd nov\u00fdm \u0161tadi\u00f3nom Santiago Bernab\u00e9u.<\/p>\n<p>Tipy na tla\u010d: Ak s\u00fa meno a \u010d\u00edslo na obr\u00e1zku presne tak\u00e9, ak\u00e9 chcete, nemus\u00edte ich zad\u00e1va\u0165 znova. Ak nie, mali by ste zada\u0165 po\u017eadovan\u00e9 meno a \u010d\u00edslo.<\/p>\n<p>Tipy na pranie: Odpor\u00fa\u010dame pra\u0165 futbalov\u00e9 tri\u010dk\u00e1 v ruke. Ak chcete pou\u017ei\u0165 pr\u00e1\u010dku, nezabudnite futbalov\u00e9 tri\u010dk\u00e1 oto\u010di\u0165 naruby a potom ich vypra\u0165. Napl\u0148te pr\u00e1\u010dku studenou vodou a pou\u017eite jemn\u00fd cyklus, aby ste lep\u0161ie ochr\u00e1nili farby.<\/p>","protected":false},"excerpt":{"rendered":"<p>Na rozdiel od klasick\u00e9ho dom\u00e1ceho\/\u010diasto\u010dn\u00e9ho p\u00edsma m\u00e1 nov\u00e9 p\u00edsmo tretieho dresu Adidas Real Madrid 22-23 modern\u00fd vzh\u013ead. Modern\u00e9 p\u00edsmo v\u00fdborne lad\u00ed s modern\u00fdm dizajnom dresu, ktor\u00fd je in\u0161pirovan\u00fd novou \u0161tadi\u00f3novou Bernab\u00e9u. Tipy na tla\u010d: Ak meno a \u010d\u00edslo na obr\u00e1zku presne zodpovedaj\u00fa va\u0161im po\u017eiadavk\u00e1m, musia by\u0165 [\u2026]<\/p>","protected":false},"featured_media":12697,"comment_status":"open","ping_status":"closed","template":"","meta":[],"product_brand":[],"product_cat":[517],"product_tag":[20,518,519,520,521,522,47,523,483],"class_list":{"0":"post-12653","1":"product","2":"type-product","3":"status-publish","4":"has-post-thumbnail","6":"product_cat-real-madrid-damen-trikot","7":"product_tag-coole-fussballtrikots","8":"product_tag-damen-fussballtrikot","9":"product_tag-frauen-fussball-trikotsatz","10":"product_tag-real-madrid-22-23-drittes-trikot","11":"product_tag-real-madrid-fussballtrikots-damen","12":"product_tag-real-madrid-trikot-fuer-damen","13":"product_tag-real-madrid-trikots","14":"product_tag-real-madrid-trikotsatz-fuer-frauen","15":"product_tag-trikot-22-23","17":"first","18":"instock","19":"shipping-taxable","20":"purchasable","21":"product-type-variable"},"_links":{"self":[{"href":"https:\/\/www.billigtrikotde.com\/sk\/wp-json\/wp\/v2\/product\/12653","targetHints":{"allow":["GET"]}}],"collection":[{"href":"https:\/\/www.billigtrikotde.com\/sk\/wp-json\/wp\/v2\/product"}],"about":[{"href":"https:\/\/www.billigtrikotde.com\/sk\/wp-json\/wp\/v2\/types\/product"}],"replies":[{"embeddable":true,"href":"https:\/\/www.billigtrikotde.com\/sk\/wp-json\/wp\/v2\/comments?post=12653"}],"wp:featuredmedia":[{"embeddable":true,"href":"https:\/\/www.billigtrikotde.com\/sk\/wp-json\/wp\/v2\/media\/12697"}],"wp:attachment":[{"href":"https:\/\/www.billigtrikotde.com\/sk\/wp-json\/wp\/v2\/media?parent=12653"}],"wp:term":[{"taxonomy":"product_brand","embeddable":true,"href":"https:\/\/www.billigtrikotde.com\/sk\/wp-json\/wp\/v2\/product_brand?post=12653"},{"taxonomy":"product_cat","embeddable":true,"href":"https:\/\/www.billigtrikotde.com\/sk\/wp-json\/wp\/v2\/product_cat?post=12653"},{"taxonomy":"product_tag","embeddable":true,"href":"https:\/\/www.billigtrikotde.com\/sk\/wp-json\/wp\/v2\/product_tag?post=12653"}],"curies":[{"name":"wp","href":"https:\/\/api.w.org\/{rel}","templated":true}]}}