{"id":1261,"date":"2024-10-23T13:22:37","date_gmt":"2024-10-23T11:22:37","guid":{"rendered":"http:\/\/billigtrikots.com\/?post_type=product&#038;p=1261"},"modified":"2024-10-23T13:24:35","modified_gmt":"2024-10-23T11:24:35","slug":"manchester-united-f-c-pogba-6-herren-home-2022-rot-trikot-guenstig","status":"publish","type":"product","link":"https:\/\/www.billigtrikotde.com\/sk\/manchester-united-f-c-pogba-6-herren-home-2022-rot-trikot-guenstig\/","title":{"rendered":"Manchester United F.C. Pogba 6 Mu\u017ei Domov 2022 \u010cerven\u00e9 tri\u010dko lacn\u00e9"},"content":{"rendered":"<p>Tu prich\u00e1dza dres a-didas v \u010dervenej farbe, ktor\u00fd ti pom\u00e1ha podporova\u0165 tvoj ob\u013e\u00faben\u00fd klub za ka\u017ed\u00fdch okolnost\u00ed a uk\u00e1za\u0165, za \u010do tvoj srdce bije. Uk\u00e1\u017e svoju pr\u00edslu\u0161nos\u0165 \u2013 s t\u00fdmto dom\u00e1cim dresom Manchester United roz\u0161\u00edri\u0161 svoju fan\u00fa\u0161ikovsk\u00fa kolekciu o kus oble\u010denia v origin\u00e1lnom dizajne, ak\u00fd nosia hr\u00e1\u010di v Premier League. Odpor\u00fa\u010dame tento pohodln\u00fd, \u013eahk\u00fd a priedu\u0161n\u00fd model s pr\u00edjemn\u00fdm pocitom pri nosen\u00ed. Tento \u0161portov\u00fd tri\u010dko bolo vytvoren\u00e9 na zv\u00fd\u0161enie tvojho v\u00fdkonu o \u00farove\u0148. Vyzna\u010duje sa vizu\u00e1lne s klubovou erbou na hrudi.<\/p>\n<p>Tipy na tla\u010d: Ak s\u00fa meno a \u010d\u00edslo na obr\u00e1zku presne tak\u00e9, ak\u00e9 chcete, nemus\u00edte ich zad\u00e1va\u0165 znova. Ak nie, mali by ste zada\u0165 po\u017eadovan\u00e9 meno a \u010d\u00edslo.<\/p>\n<p>Tipy na pranie: Odpor\u00fa\u010dame pra\u0165 futbalov\u00e9 tri\u010dk\u00e1 v ruke. Ak chcete pou\u017ei\u0165 pr\u00e1\u010dku, nezabudnite futbalov\u00e9 tri\u010dk\u00e1 oto\u010di\u0165 naruby a potom ich vypra\u0165. Napl\u0148te pr\u00e1\u010dku studenou vodou a pou\u017eite jemn\u00fd cyklus, aby ste lep\u0161ie ochr\u00e1nili farby.<\/p>","protected":false},"excerpt":{"rendered":"<p>Hier kommt das a-didas Trikot in Rot, das dir hilft, deinen Lieblingsverein in jeder Lage zu unterst\u00fctzen und zu zeigen, wof\u00fcr dein Herz schl\u00e4gt. Zeige deine Zugeh\u00f6rigkeit \u2013 mit diesem Manchester United-Heim-Trikot erweiterst du deine Fan-Kollektion um ein Kleidungsst\u00fcck im Original-Design, wie es die Spieler in der Premier League tragen. Wir empfehlen dieses bequeme, leichte [&hellip;]<\/p>","protected":false},"featured_media":1291,"comment_status":"open","ping_status":"closed","template":"","meta":[],"product_brand":[],"product_cat":[50],"product_tag":[20,21,22,23,24,52],"class_list":{"0":"post-1261","1":"product","2":"type-product","3":"status-publish","4":"has-post-thumbnail","6":"product_cat-manchester-united","7":"product_tag-coole-fussballtrikots","8":"product_tag-fussballtrikot-fuer-herren","9":"product_tag-fussballtrikot-guenstig-kaufen","10":"product_tag-fussballtrikot-kurzarm","11":"product_tag-guenstiges-fussballtrikot","12":"product_tag-manchester-united-trikots","14":"first","15":"instock","16":"shipping-taxable","17":"purchasable","18":"product-type-variable"},"_links":{"self":[{"href":"https:\/\/www.billigtrikotde.com\/sk\/wp-json\/wp\/v2\/product\/1261","targetHints":{"allow":["GET"]}}],"collection":[{"href":"https:\/\/www.billigtrikotde.com\/sk\/wp-json\/wp\/v2\/product"}],"about":[{"href":"https:\/\/www.billigtrikotde.com\/sk\/wp-json\/wp\/v2\/types\/product"}],"replies":[{"embeddable":true,"href":"https:\/\/www.billigtrikotde.com\/sk\/wp-json\/wp\/v2\/comments?post=1261"}],"wp:featuredmedia":[{"embeddable":true,"href":"https:\/\/www.billigtrikotde.com\/sk\/wp-json\/wp\/v2\/media\/1291"}],"wp:attachment":[{"href":"https:\/\/www.billigtrikotde.com\/sk\/wp-json\/wp\/v2\/media?parent=1261"}],"wp:term":[{"taxonomy":"product_brand","embeddable":true,"href":"https:\/\/www.billigtrikotde.com\/sk\/wp-json\/wp\/v2\/product_brand?post=1261"},{"taxonomy":"product_cat","embeddable":true,"href":"https:\/\/www.billigtrikotde.com\/sk\/wp-json\/wp\/v2\/product_cat?post=1261"},{"taxonomy":"product_tag","embeddable":true,"href":"https:\/\/www.billigtrikotde.com\/sk\/wp-json\/wp\/v2\/product_tag?post=1261"}],"curies":[{"name":"wp","href":"https:\/\/api.w.org\/{rel}","templated":true}]}}