{"id":12476,"date":"2024-10-24T05:13:34","date_gmt":"2024-10-24T03:13:34","guid":{"rendered":"http:\/\/billigtrikots.com\/?post_type=product&#038;p=12476"},"modified":"2024-10-24T05:16:15","modified_gmt":"2024-10-24T03:16:15","slug":"billige-fussballtrikots-atletico-madrid-2022-23-drittes-trikot-kurzarm-j-m-gimenez-2","status":"publish","type":"product","link":"https:\/\/www.billigtrikotde.com\/sk\/billige-fussballtrikots-atletico-madrid-2022-23-drittes-trikot-kurzarm-j-m-gimenez-2\/","title":{"rendered":"Lacn\u00e9 futbalov\u00e9 tri\u010dk\u00e1 Atl\u00e9tico Madrid 2022-23 Third Shirt Short Sleeve J.M.GIM\u00c9NEZ 2"},"content":{"rendered":"<p>Tretie futbalov\u00e9 tri\u010dko Nike Atl\u00e9tico Madrid 2022-23 kombinuje r\u00f4zne odtiene oran\u017eovej a \u010dervenej farby s \u010diernym n\u00e1pisom swoosh. Pre klub je to ve\u013emi zauj\u00edmav\u00e1 a svie\u017ea farebn\u00e1 kombin\u00e1cia in\u0161pirovan\u00e1 plodmi jahodovn\u00edka, ktor\u00fd sa nach\u00e1dza v klubovom znaku.<br \/>\nZ h\u013eadiska dizajnu je nov\u00fd tret\u00ed dres Atl\u00e9tica pomerne jednoduch\u00fd. Je \u010disto oran\u017eov\u00fd a len man\u017eety maj\u00fa mal\u00fd \u010derven\u00fd akcent. Log\u00e1 s\u00fa \u010dierne, vr\u00e1tane jednofarebn\u00e9ho klubov\u00e9ho znaku na \u013eavej strane hrude tretieho dresu Atl\u00e9tico Madrid 2022-23.<\/p>\n<p>Tipy na tla\u010d: Ak s\u00fa meno a \u010d\u00edslo na obr\u00e1zku presne tak\u00e9, ak\u00e9 chcete, nemus\u00edte ich zad\u00e1va\u0165 znova. Ak nie, mali by ste zada\u0165 po\u017eadovan\u00e9 meno a \u010d\u00edslo.<\/p>\n<p>Tipy na pranie: Odpor\u00fa\u010dame pra\u0165 futbalov\u00e9 tri\u010dk\u00e1 v ruke. Ak chcete pou\u017ei\u0165 pr\u00e1\u010dku, nezabudnite futbalov\u00e9 tri\u010dk\u00e1 oto\u010di\u0165 naruby a potom ich vypra\u0165. Napl\u0148te pr\u00e1\u010dku studenou vodou a pou\u017eite jemn\u00fd cyklus, aby ste lep\u0161ie ochr\u00e1nili farby.<\/p>","protected":false},"excerpt":{"rendered":"<p>Tret\u00ed futbalov\u00fd dres Nike Atl\u00e9tico Madrid 2022-23 kombinuje r\u00f4zne odtiene oran\u017eovej a \u010dervenej s \u010diernou pre Swoosh. Je to ve\u013emi zauj\u00edmav\u00e1 a svie\u017ea farebn\u00e1 kombin\u00e1cia pre klub, in\u0161pirovan\u00e1 plodmi jahodovn\u00edka, ktor\u00e9 sa nach\u00e1dzaj\u00fa v klubovej pe\u010dati. \u010co sa dizajnu t\u00fdka, nov\u00fd tret\u00ed dres Atl\u00e9tico je sk\u00f4r oby\u010dajn\u00fd. Je jednobarevn\u00fd [\u2026]<\/p>","protected":false},"featured_media":12518,"comment_status":"open","ping_status":"closed","template":"","meta":[],"product_brand":[],"product_cat":[88],"product_tag":[486,487,89,488,90,20,21,22,23,24],"class_list":{"0":"post-12476","1":"product","2":"type-product","3":"status-publish","4":"has-post-thumbnail","6":"product_cat-atletico-madrid","7":"product_tag-atletico-madrid-2022-23","8":"product_tag-atletico-madrid-fussballtrikot","9":"product_tag-atletico-madrid-heimtrikot","10":"product_tag-atletico-madrid-trikot","11":"product_tag-atletico-madrid-trikots","12":"product_tag-coole-fussballtrikots","13":"product_tag-fussballtrikot-fuer-herren","14":"product_tag-fussballtrikot-guenstig-kaufen","15":"product_tag-fussballtrikot-kurzarm","16":"product_tag-guenstiges-fussballtrikot","18":"first","19":"instock","20":"shipping-taxable","21":"purchasable","22":"product-type-variable"},"_links":{"self":[{"href":"https:\/\/www.billigtrikotde.com\/sk\/wp-json\/wp\/v2\/product\/12476","targetHints":{"allow":["GET"]}}],"collection":[{"href":"https:\/\/www.billigtrikotde.com\/sk\/wp-json\/wp\/v2\/product"}],"about":[{"href":"https:\/\/www.billigtrikotde.com\/sk\/wp-json\/wp\/v2\/types\/product"}],"replies":[{"embeddable":true,"href":"https:\/\/www.billigtrikotde.com\/sk\/wp-json\/wp\/v2\/comments?post=12476"}],"wp:featuredmedia":[{"embeddable":true,"href":"https:\/\/www.billigtrikotde.com\/sk\/wp-json\/wp\/v2\/media\/12518"}],"wp:attachment":[{"href":"https:\/\/www.billigtrikotde.com\/sk\/wp-json\/wp\/v2\/media?parent=12476"}],"wp:term":[{"taxonomy":"product_brand","embeddable":true,"href":"https:\/\/www.billigtrikotde.com\/sk\/wp-json\/wp\/v2\/product_brand?post=12476"},{"taxonomy":"product_cat","embeddable":true,"href":"https:\/\/www.billigtrikotde.com\/sk\/wp-json\/wp\/v2\/product_cat?post=12476"},{"taxonomy":"product_tag","embeddable":true,"href":"https:\/\/www.billigtrikotde.com\/sk\/wp-json\/wp\/v2\/product_tag?post=12476"}],"curies":[{"name":"wp","href":"https:\/\/api.w.org\/{rel}","templated":true}]}}