{"id":12421,"date":"2024-10-24T05:10:50","date_gmt":"2024-10-24T03:10:50","guid":{"rendered":"http:\/\/billigtrikots.com\/?post_type=product&#038;p=12421"},"modified":"2024-10-24T05:12:53","modified_gmt":"2024-10-24T03:12:53","slug":"kinder-trikotsatz-manchester-united-22-23-heimtrikot-kurze-hosen-ronaldo-7","status":"publish","type":"product","link":"https:\/\/www.billigtrikotde.com\/sk\/kinder-trikotsatz-manchester-united-22-23-heimtrikot-kurze-hosen-ronaldo-7\/","title":{"rendered":"Detsk\u00e1 s\u00faprava Manchester United 22-23 Dom\u00e1ce tri\u010dko + \u0161ortky Ronaldo 7"},"content":{"rendered":"<p>Tipy na tla\u010d: Ak s\u00fa meno a \u010d\u00edslo na obr\u00e1zku presne tak\u00e9, ak\u00e9 chcete, nemus\u00edte ich zad\u00e1va\u0165 znova. Ak nie, mali by ste zada\u0165 po\u017eadovan\u00e9 meno a \u010d\u00edslo.<\/p>\n<p>Tipy na pranie: Odpor\u00fa\u010dame pra\u0165 futbalov\u00e9 tri\u010dk\u00e1 v ruke. Ak chcete pou\u017ei\u0165 pr\u00e1\u010dku, nezabudnite futbalov\u00e9 tri\u010dk\u00e1 oto\u010di\u0165 naruby a potom ich vypra\u0165. Napl\u0148te pr\u00e1\u010dku studenou vodou a pou\u017eite jemn\u00fd cyklus, aby ste lep\u0161ie ochr\u00e1nili farby.<\/p>","protected":false},"excerpt":{"rendered":"<p>Tipy na tla\u010d: Ak meno a \u010d\u00edslo na obr\u00e1zku presne zodpovedaj\u00fa va\u0161im po\u017eiadavk\u00e1m, nemus\u00edte ich znova zad\u00e1va\u0165. Ak nie, zadajte po\u017eadovan\u00e9 meno a \u010d\u00edslo. Tipy na pranie: Odpor\u00fa\u010da sa ru\u010dn\u00e9 pranie futbalov\u00fdch dresov. Ak chcete pou\u017ei\u0165 pr\u00e1\u010dku, nezabudnite obr\u00e1ti\u0165 futbalov\u00e9 dresy naruby [\u2026]<\/p>","protected":false},"featured_media":12459,"comment_status":"open","ping_status":"closed","template":"","meta":[],"product_brand":[],"product_cat":[140],"product_tag":[20,94,141,52,142,483],"class_list":{"0":"post-12421","1":"product","2":"type-product","3":"status-publish","4":"has-post-thumbnail","6":"product_cat-manchester-united-kindertrikot","7":"product_tag-coole-fussballtrikots","8":"product_tag-kinder-fussball-trikotsatz","9":"product_tag-manchester-united-heimtrikot","10":"product_tag-manchester-united-trikots","11":"product_tag-manchester-united-trikotsatz-fuer-kinder","12":"product_tag-trikot-22-23","14":"first","15":"instock","16":"shipping-taxable","17":"purchasable","18":"product-type-variable"},"_links":{"self":[{"href":"https:\/\/www.billigtrikotde.com\/sk\/wp-json\/wp\/v2\/product\/12421","targetHints":{"allow":["GET"]}}],"collection":[{"href":"https:\/\/www.billigtrikotde.com\/sk\/wp-json\/wp\/v2\/product"}],"about":[{"href":"https:\/\/www.billigtrikotde.com\/sk\/wp-json\/wp\/v2\/types\/product"}],"replies":[{"embeddable":true,"href":"https:\/\/www.billigtrikotde.com\/sk\/wp-json\/wp\/v2\/comments?post=12421"}],"wp:featuredmedia":[{"embeddable":true,"href":"https:\/\/www.billigtrikotde.com\/sk\/wp-json\/wp\/v2\/media\/12459"}],"wp:attachment":[{"href":"https:\/\/www.billigtrikotde.com\/sk\/wp-json\/wp\/v2\/media?parent=12421"}],"wp:term":[{"taxonomy":"product_brand","embeddable":true,"href":"https:\/\/www.billigtrikotde.com\/sk\/wp-json\/wp\/v2\/product_brand?post=12421"},{"taxonomy":"product_cat","embeddable":true,"href":"https:\/\/www.billigtrikotde.com\/sk\/wp-json\/wp\/v2\/product_cat?post=12421"},{"taxonomy":"product_tag","embeddable":true,"href":"https:\/\/www.billigtrikotde.com\/sk\/wp-json\/wp\/v2\/product_tag?post=12421"}],"curies":[{"name":"wp","href":"https:\/\/api.w.org\/{rel}","templated":true}]}}